{"id":1091,"date":"2015-03-15T19:14:30","date_gmt":"2015-03-15T18:14:30","guid":{"rendered":"http:\/\/www.decker.wien\/wolfgang\/?page_id=1091"},"modified":"2026-03-20T11:51:59","modified_gmt":"2026-03-20T10:51:59","slug":"tag-12-28-jaenner-2015","status":"publish","type":"page","link":"http:\/\/www.decker.wien\/wolfgang\/namibia-2015\/tag-12-28-jaenner-2015\/","title":{"rendered":"Tag 12 &#8211; 28. J\u00e4nner 2015"},"content":{"rendered":"<p>Heute steht ein ganzer Tag mit einem Guide auf dem Programm, wir haben uns gestern mit jenem an der Rezeption geeinigt, dass er uns ein paar Elephanten zeigt. Daher ist wieder um 7 Uhr Tagwache, wir fr\u00fchst\u00fccken gem\u00fctlich, packen dann fast alles zusammen und lassen nur ein paar Dinge wie Tisch, Sesseln, Gaskocher und das Holz auf der Campsite und bauen die hintere Sitzreihe um, damit unser Guide auch Platz hat.&nbsp;Um 9 Uhr treffen wir uns an der Rezeption und fahren, an einer fast \u00fcbersehenen Giraffe vorbei, auf einen H\u00fcgel, von wo aus wir einen wirklich guten \u00dcberblick \u00fcber die Region um Purros erhalten.<\/p>\n<p><a href=\"http:\/\/www.decker.wien\/wolfgang\/wp-content\/uploads\/2015\/03\/28-01-2015-01.jpg\"><img loading=\"lazy\" decoding=\"async\" class=\"alignnone size-large wp-image-1096\" src=\"http:\/\/www.decker.wien\/wolfgang\/wp-content\/uploads\/2015\/03\/28-01-2015-01-1024x680.jpg\" alt=\"28-01-2015-01\" width=\"904\" height=\"600\" srcset=\"http:\/\/www.decker.wien\/wolfgang\/wp-content\/uploads\/2015\/03\/28-01-2015-01-1024x680.jpg 1024w, http:\/\/www.decker.wien\/wolfgang\/wp-content\/uploads\/2015\/03\/28-01-2015-01-300x199.jpg 300w, http:\/\/www.decker.wien\/wolfgang\/wp-content\/uploads\/2015\/03\/28-01-2015-01-904x600.jpg 904w, http:\/\/www.decker.wien\/wolfgang\/wp-content\/uploads\/2015\/03\/28-01-2015-01.jpg 1200w\" sizes=\"auto, (max-width: 904px) 100vw, 904px\" \/><\/a> <a href=\"http:\/\/www.decker.wien\/wolfgang\/wp-content\/uploads\/2015\/03\/28-01-2015-02.jpg\"><img loading=\"lazy\" decoding=\"async\" class=\"alignnone size-large wp-image-1097\" src=\"http:\/\/www.decker.wien\/wolfgang\/wp-content\/uploads\/2015\/03\/28-01-2015-02-1024x680.jpg\" alt=\"28-01-2015-02\" width=\"904\" height=\"600\" srcset=\"http:\/\/www.decker.wien\/wolfgang\/wp-content\/uploads\/2015\/03\/28-01-2015-02-1024x680.jpg 1024w, http:\/\/www.decker.wien\/wolfgang\/wp-content\/uploads\/2015\/03\/28-01-2015-02-300x199.jpg 300w, http:\/\/www.decker.wien\/wolfgang\/wp-content\/uploads\/2015\/03\/28-01-2015-02-904x600.jpg 904w, http:\/\/www.decker.wien\/wolfgang\/wp-content\/uploads\/2015\/03\/28-01-2015-02.jpg 1200w\" sizes=\"auto, (max-width: 904px) 100vw, 904px\" \/><\/a> <a href=\"http:\/\/www.decker.wien\/wolfgang\/wp-content\/uploads\/2015\/03\/28-01-2015-03.jpg\"><img loading=\"lazy\" decoding=\"async\" class=\"alignnone size-large wp-image-1098\" src=\"http:\/\/www.decker.wien\/wolfgang\/wp-content\/uploads\/2015\/03\/28-01-2015-03-1024x680.jpg\" alt=\"28-01-2015-03\" width=\"904\" height=\"600\" srcset=\"http:\/\/www.decker.wien\/wolfgang\/wp-content\/uploads\/2015\/03\/28-01-2015-03-1024x680.jpg 1024w, http:\/\/www.decker.wien\/wolfgang\/wp-content\/uploads\/2015\/03\/28-01-2015-03-300x199.jpg 300w, http:\/\/www.decker.wien\/wolfgang\/wp-content\/uploads\/2015\/03\/28-01-2015-03-904x600.jpg 904w, http:\/\/www.decker.wien\/wolfgang\/wp-content\/uploads\/2015\/03\/28-01-2015-03.jpg 1200w\" sizes=\"auto, (max-width: 904px) 100vw, 904px\" \/><\/a><\/p>\n<p>Neben der Palmen-Oase, die ganzj\u00e4hrig Wasser f\u00fchrt, sieht man auch das kleine Himba-&#8222;Schaudorf&#8220;, die Campsite und das Hoarusibtal. Anschlie\u00dfend fahren wir hinunter in den kleinen Kral, in dem einige Frauen mit ihren Kindern leben und die traditionelle Lebensweise der Himbas zeigen. Wir sind mit unserem Guide alleine, ausser uns sind keine Touristen hier. Ich bin ein wenig zwiesp\u00e4ltig, die Frauen machen nicht den Eindruck,&nbsp;als w\u00e4ren sie jetzt begeistert, uns ihre T\u00e4tigkeiten zu zeigen, sie scheinen eher ein wenig gelangweilt. Andererseits nimmt man doch einiges an Eindr\u00fccken mit und kann hier&nbsp;direkt auch die hier lebende Bev\u00f6lkerung unterst\u00fctzen.<\/p>\n<p><a href=\"http:\/\/www.decker.wien\/wolfgang\/wp-content\/uploads\/2015\/03\/28-01-2015-07.jpg\"><img loading=\"lazy\" decoding=\"async\" class=\"alignnone size-large wp-image-1099\" src=\"http:\/\/www.decker.wien\/wolfgang\/wp-content\/uploads\/2015\/03\/28-01-2015-07-1024x768.jpg\" alt=\"28-01-2015-07\" width=\"904\" height=\"678\" srcset=\"http:\/\/www.decker.wien\/wolfgang\/wp-content\/uploads\/2015\/03\/28-01-2015-07-1024x768.jpg 1024w, http:\/\/www.decker.wien\/wolfgang\/wp-content\/uploads\/2015\/03\/28-01-2015-07-300x225.jpg 300w, http:\/\/www.decker.wien\/wolfgang\/wp-content\/uploads\/2015\/03\/28-01-2015-07-904x678.jpg 904w, http:\/\/www.decker.wien\/wolfgang\/wp-content\/uploads\/2015\/03\/28-01-2015-07.jpg 1200w\" sizes=\"auto, (max-width: 904px) 100vw, 904px\" \/><\/a> <a href=\"http:\/\/www.decker.wien\/wolfgang\/wp-content\/uploads\/2015\/03\/28-01-2015-10.jpg\"><img loading=\"lazy\" decoding=\"async\" class=\"alignnone size-large wp-image-1100\" src=\"http:\/\/www.decker.wien\/wolfgang\/wp-content\/uploads\/2015\/03\/28-01-2015-10-1024x680.jpg\" alt=\"28-01-2015-10\" width=\"904\" height=\"600\" srcset=\"http:\/\/www.decker.wien\/wolfgang\/wp-content\/uploads\/2015\/03\/28-01-2015-10-1024x680.jpg 1024w, http:\/\/www.decker.wien\/wolfgang\/wp-content\/uploads\/2015\/03\/28-01-2015-10-300x199.jpg 300w, http:\/\/www.decker.wien\/wolfgang\/wp-content\/uploads\/2015\/03\/28-01-2015-10-904x600.jpg 904w, http:\/\/www.decker.wien\/wolfgang\/wp-content\/uploads\/2015\/03\/28-01-2015-10.jpg 1200w\" sizes=\"auto, (max-width: 904px) 100vw, 904px\" \/><\/a> <a href=\"http:\/\/www.decker.wien\/wolfgang\/wp-content\/uploads\/2015\/03\/28-01-2015-14.jpg\"><img loading=\"lazy\" decoding=\"async\" class=\"alignnone size-large wp-image-1101\" src=\"http:\/\/www.decker.wien\/wolfgang\/wp-content\/uploads\/2015\/03\/28-01-2015-14-1024x680.jpg\" alt=\"28-01-2015-14\" width=\"904\" height=\"600\" srcset=\"http:\/\/www.decker.wien\/wolfgang\/wp-content\/uploads\/2015\/03\/28-01-2015-14-1024x680.jpg 1024w, http:\/\/www.decker.wien\/wolfgang\/wp-content\/uploads\/2015\/03\/28-01-2015-14-300x199.jpg 300w, http:\/\/www.decker.wien\/wolfgang\/wp-content\/uploads\/2015\/03\/28-01-2015-14-904x600.jpg 904w, http:\/\/www.decker.wien\/wolfgang\/wp-content\/uploads\/2015\/03\/28-01-2015-14.jpg 1200w\" sizes=\"auto, (max-width: 904px) 100vw, 904px\" \/><\/a><\/p>\n<p>Nach rund einer halben Stunde verlassen wir mit einigen hier hergestellten Mitbringseln den Kral und fahren nach Purros, wo wir uns noch die dortigen Schulgeb\u00e4ude ansehen. Zwei Lehrer unterrichten hier, ein dritter ist gerade unterwegs, um die Kinder zu unterrichten, die mit ihren Familien weitergezogen sind. &#8222;Wir m\u00fcssen dorthin gehen, wo die Kinder sind,&#8220; meint ein Lehrer im Gespr\u00e4ch, &#8222;es funktioniert nicht, wenn die Kinder zu uns kommen m\u00fcssen.&#8220;<\/p>\n<p><a href=\"http:\/\/www.decker.wien\/wolfgang\/wp-content\/uploads\/2015\/03\/28-01-2015-16.jpg\"><img loading=\"lazy\" decoding=\"async\" class=\"alignnone size-large wp-image-1102\" src=\"http:\/\/www.decker.wien\/wolfgang\/wp-content\/uploads\/2015\/03\/28-01-2015-16-1024x680.jpg\" alt=\"28-01-2015-16\" width=\"904\" height=\"600\" srcset=\"http:\/\/www.decker.wien\/wolfgang\/wp-content\/uploads\/2015\/03\/28-01-2015-16-1024x680.jpg 1024w, http:\/\/www.decker.wien\/wolfgang\/wp-content\/uploads\/2015\/03\/28-01-2015-16-300x199.jpg 300w, http:\/\/www.decker.wien\/wolfgang\/wp-content\/uploads\/2015\/03\/28-01-2015-16-904x600.jpg 904w, http:\/\/www.decker.wien\/wolfgang\/wp-content\/uploads\/2015\/03\/28-01-2015-16.jpg 1200w\" sizes=\"auto, (max-width: 904px) 100vw, 904px\" \/><\/a><\/p>\n<p>Nach diesem Besuch geht es nun den Horuasib entlang Richtung Westen. Irgendwo m\u00fcssen die Elephanten ja sein. Es beginnt der wohl sch\u00f6nste Flusslauf, den ich in Namibia je gefahren bin.&nbsp;Anfangs noch durch weide\u00e4hnliche Gebiete (der Hoarusib f\u00fchrt hier wie gesagt das ganze Jahr immer ein wenig Wasser), wir fahren neben K\u00fchen vorbei, \u00fcber gr\u00fcne Fl\u00e4chen, durch Wasser und verscheuchen zahlreiche Oryx und eine Affenherde (erst die zweite, die wir zu Gesicht bekommen). Allerdings verschwindet Letztere so rasch, dass uns&nbsp;nicht mal ein unscharfes Beweisfoto gelingt. Links und rechts befindet sich&nbsp;nun immer wieder hohes Schilfgras und die Felsen, an denen&nbsp;sich der Fluss entlang schl\u00e4ngelt. Wir bleiben immer wieder stehen, um zu fotographieren und k\u00f6nnen uns an der Landschaft nicht satt sehen.<\/p>\n<p><a href=\"http:\/\/www.decker.wien\/wolfgang\/wp-content\/uploads\/2015\/03\/28-01-2015-17.jpg\"><img loading=\"lazy\" decoding=\"async\" class=\"alignnone size-large wp-image-1103\" src=\"http:\/\/www.decker.wien\/wolfgang\/wp-content\/uploads\/2015\/03\/28-01-2015-17-1024x680.jpg\" alt=\"28-01-2015-17\" width=\"904\" height=\"600\" srcset=\"http:\/\/www.decker.wien\/wolfgang\/wp-content\/uploads\/2015\/03\/28-01-2015-17-1024x680.jpg 1024w, http:\/\/www.decker.wien\/wolfgang\/wp-content\/uploads\/2015\/03\/28-01-2015-17-300x199.jpg 300w, http:\/\/www.decker.wien\/wolfgang\/wp-content\/uploads\/2015\/03\/28-01-2015-17-904x600.jpg 904w, http:\/\/www.decker.wien\/wolfgang\/wp-content\/uploads\/2015\/03\/28-01-2015-17.jpg 1200w\" sizes=\"auto, (max-width: 904px) 100vw, 904px\" \/><\/a><\/p>\n<p><iframe loading=\"lazy\" src=\"https:\/\/www.youtube.com\/embed\/qgGTJgHYCMo?rel=0\" width=\"640\" height=\"360\" frameborder=\"0\" allowfullscreen=\"allowfullscreen\"><\/iframe><\/p>\n<p>Wir erreichen schlie\u00dflich die Lodge, die hier hoch oben auf einem Berg \u00fcber dem Flusstal gebaut wurde und statten dieser einen Besuch ab.&nbsp;Ausser einer Dame mit ihrem Kind ist niemand oben, Touristen gibt&#8217;s derzeit keine, die w\u00e4ren gestern wieder abgeflogen. Allerdings h\u00e4tte man eben gestern bei einer Fahrt Richtung Meer die Elephanten gesehen, die weit den Hoarusib flussabw\u00e4rts gelaufen w\u00e4ren.<\/p>\n<p><iframe loading=\"lazy\" src=\"https:\/\/www.youtube.com\/embed\/O7EJh-hHdmA?rel=0\" width=\"640\" height=\"360\" frameborder=\"0\" allowfullscreen=\"allowfullscreen\"><\/iframe><\/p>\n<p>Unser Guide fragt uns, ob wir da noch weiter fahren wollen. Was f\u00fcr eine Frage. Selbstverst\u00e4ndlich, wenn das m\u00f6glich ist. Und so folgt ein weiterer H\u00f6hepunkt, als wir tief in den Nationalpark Richtung Meer fahren und sich die harten Felsen langsam mit den Sandd\u00fcnen kleiden, die einen weiteren spektakul\u00e4ren Farbtupfer in die Landschaft zaubern.<\/p>\n<p><img loading=\"lazy\" decoding=\"async\" class=\"alignnone size-large wp-image-1104\" src=\"http:\/\/www.decker.wien\/wolfgang\/wp-content\/uploads\/2015\/03\/28-01-2015-23-1024x680.jpg\" alt=\"28-01-2015-23\" width=\"904\" height=\"600\" srcset=\"http:\/\/www.decker.wien\/wolfgang\/wp-content\/uploads\/2015\/03\/28-01-2015-23-1024x680.jpg 1024w, http:\/\/www.decker.wien\/wolfgang\/wp-content\/uploads\/2015\/03\/28-01-2015-23-300x199.jpg 300w, http:\/\/www.decker.wien\/wolfgang\/wp-content\/uploads\/2015\/03\/28-01-2015-23-904x600.jpg 904w, http:\/\/www.decker.wien\/wolfgang\/wp-content\/uploads\/2015\/03\/28-01-2015-23.jpg 1200w\" sizes=\"auto, (max-width: 904px) 100vw, 904px\" \/><\/p>\n<p>Ob es tats\u00e4chlich den Tatsachen entspricht, dass die einheimischen Guides hier mit den Touristen in den Nationalpark einfahren d\u00fcrfen, k\u00f6nnen wir nat\u00fcrlich nicht \u00fcberpr\u00fcfen, allerdings besch\u00e4ftigt uns eher die&nbsp;unglaublich sch\u00f6ne Landschaft und die Suche nach den Elephanten. Zu sehen bekommen wir unz\u00e4hlige Springb\u00f6cke, Orxy und Strausse, eine ganze Herde Oryx mit Jungtieren l\u00e4uft lange vor uns her, bis sie schlie\u00dflich doch rechts ins Geb\u00fcsch abzweigen und unser Vorbeifahren einfach abwarten. Das selbe Verhalten sollten sie bei der R\u00fcckfahrt wieder zeigen. Nicht lernf\u00e4hig ;-).<\/p>\n<p><a href=\"http:\/\/www.decker.wien\/wolfgang\/wp-content\/uploads\/2015\/03\/28-01-2015-34.jpg\"><img loading=\"lazy\" decoding=\"async\" class=\"alignnone size-large wp-image-1112\" src=\"http:\/\/www.decker.wien\/wolfgang\/wp-content\/uploads\/2015\/03\/28-01-2015-34-1024x768.jpg\" alt=\"28-01-2015-34\" width=\"904\" height=\"678\" srcset=\"http:\/\/www.decker.wien\/wolfgang\/wp-content\/uploads\/2015\/03\/28-01-2015-34-1024x768.jpg 1024w, http:\/\/www.decker.wien\/wolfgang\/wp-content\/uploads\/2015\/03\/28-01-2015-34-300x225.jpg 300w, http:\/\/www.decker.wien\/wolfgang\/wp-content\/uploads\/2015\/03\/28-01-2015-34-904x678.jpg 904w, http:\/\/www.decker.wien\/wolfgang\/wp-content\/uploads\/2015\/03\/28-01-2015-34.jpg 1200w\" sizes=\"auto, (max-width: 904px) 100vw, 904px\" \/><\/a><\/p>\n<p>Elephanten lassen sich allerdings nicht und nicht blicken, weshalb wir immer weiter in den Canyon fahren und schlie\u00dflich, ca. 10 Kilometer vor Erreichen des Meeres in eine weite Ebene gelangen. Und pl\u00f6tzlich bedeutet uns unser Guide, stehen zu bleiben, er h\u00e4tte einen Elephanten entdeckt. Wir steigen aus, ich klettere mit ihm auf das Dach unseres Canopys und tats\u00e4chlich, sehr weit weg, hinter einem Busch ist sehr undeutlich das Hinterteil eines Elephantes zu entdecken. Hm. Na, ja. Da haben wir diese Tiere schon n\u00e4her gesehen, aber OK. Pl\u00f6tzlich deutet uns unser Guide hier zu bleiben und macht sich zu Fu\u00df in das Geb\u00fcsch auf. Einige Minuten sp\u00e4ter kommt er zur\u00fcck und winkt uns zu sich. Allerdings nicht zu Fu\u00df, wie wir anf\u00e4nglich irrt\u00fcmlich verstehen, sondern mit dem Auto. Wir&nbsp;fahren also vom unbewachsenen Flussbett hinauf in die bewachsene Stufe, umfahren einige Geb\u00fcsche und erreichen ihn, worauf er sich wieder zu uns setzt. Er lotst uns noch ein St\u00fcckchen weiter und meint kurz darauf, &#8222;stopp&#8220; und &#8222;close the window please&#8220;. Was dann folgt, kann man nicht beschreiben. Ein ruhiges&nbsp;&#8222;don&#8217;t move&#8220; ist das Einzige, was wir von unserem Guide vernehmen.<\/p>\n<p><iframe loading=\"lazy\" src=\"https:\/\/www.youtube.com\/embed\/Jo-zrCJc8Ho?rel=0\" width=\"640\" height=\"360\" frameborder=\"0\" allowfullscreen=\"allowfullscreen\"><\/iframe><\/p>\n<p><a href=\"http:\/\/www.decker.wien\/wolfgang\/wp-content\/uploads\/2015\/03\/28-01-2015-31.jpg\"><img loading=\"lazy\" decoding=\"async\" class=\"alignnone size-large wp-image-1105\" src=\"http:\/\/www.decker.wien\/wolfgang\/wp-content\/uploads\/2015\/03\/28-01-2015-31-1024x768.jpg\" alt=\"28-01-2015-31\" width=\"904\" height=\"678\" srcset=\"http:\/\/www.decker.wien\/wolfgang\/wp-content\/uploads\/2015\/03\/28-01-2015-31-1024x768.jpg 1024w, http:\/\/www.decker.wien\/wolfgang\/wp-content\/uploads\/2015\/03\/28-01-2015-31-300x225.jpg 300w, http:\/\/www.decker.wien\/wolfgang\/wp-content\/uploads\/2015\/03\/28-01-2015-31-904x678.jpg 904w, http:\/\/www.decker.wien\/wolfgang\/wp-content\/uploads\/2015\/03\/28-01-2015-31.jpg 1200w\" sizes=\"auto, (max-width: 904px) 100vw, 904px\" \/><\/a><br \/>\n<a href=\"http:\/\/www.decker.wien\/wolfgang\/wp-content\/uploads\/2015\/03\/28-01-2015-32.jpg\"><img loading=\"lazy\" decoding=\"async\" class=\"alignnone size-large wp-image-1106\" src=\"http:\/\/www.decker.wien\/wolfgang\/wp-content\/uploads\/2015\/03\/28-01-2015-32-1024x768.jpg\" alt=\"28-01-2015-32\" width=\"904\" height=\"678\" srcset=\"http:\/\/www.decker.wien\/wolfgang\/wp-content\/uploads\/2015\/03\/28-01-2015-32-1024x768.jpg 1024w, http:\/\/www.decker.wien\/wolfgang\/wp-content\/uploads\/2015\/03\/28-01-2015-32-300x225.jpg 300w, http:\/\/www.decker.wien\/wolfgang\/wp-content\/uploads\/2015\/03\/28-01-2015-32-904x678.jpg 904w, http:\/\/www.decker.wien\/wolfgang\/wp-content\/uploads\/2015\/03\/28-01-2015-32.jpg 1200w\" sizes=\"auto, (max-width: 904px) 100vw, 904px\" \/><\/a><\/p>\n<p><iframe loading=\"lazy\" src=\"https:\/\/www.youtube.com\/embed\/GOUmq8q2fb8?rel=0\" width=\"640\" height=\"360\" frameborder=\"0\" allowfullscreen=\"allowfullscreen\"><\/iframe><\/p>\n<p>Als sich alles wieder halbwegs beruhigt hat (und damit sind nicht nur die Elephanten gemeint), schieben wir zur\u00fcck und fahren langsam zur\u00fcck in die weite Ebene. Ich unterhalte mich noch angeregt mit unserem Guide, worauf er meint, dass er eigentlich nur mit einem Elephanten gerechnet hatte und er normalerweise&nbsp;auch die N\u00e4he zu den Tieren nicht sucht. Und sie w\u00e4ren hier nat\u00fcrlich das Vorhandensein von Gel\u00e4ndew\u00e4gen nicht gew\u00f6hnt. Allerdings w\u00e4re es hier immer am Besten, einfach ruhig zu verharren. Die n\u00e4chsten beiden Bullen, die wir entdecken, laben sich gerade sehr weit weg an dem Schilf. Wir fahren auf eine sehr gesunde Distanz heran, steigen aus, machen Fotos und beobachten, wie sie langsam n\u00e4her kommen, allerdings dann auch in einer noch sehr angenehmen Entfernung an uns vorbei gehen und sich zu den vorher beobachteten Exemplaren gesellen, worauf dann recht bald alle im Dickicht verschwunden sind. Was f\u00fcr ein Erlebnis. Und echtes Gl\u00fcck, gleich in mehrfacher Hinsicht.<\/p>\n<p><a href=\"http:\/\/www.decker.wien\/wolfgang\/wp-content\/uploads\/2015\/03\/28-01-2015-41.jpg\"><img loading=\"lazy\" decoding=\"async\" class=\"alignnone size-large wp-image-1107\" src=\"http:\/\/www.decker.wien\/wolfgang\/wp-content\/uploads\/2015\/03\/28-01-2015-41-1024x680.jpg\" alt=\"28-01-2015-41\" width=\"904\" height=\"600\" srcset=\"http:\/\/www.decker.wien\/wolfgang\/wp-content\/uploads\/2015\/03\/28-01-2015-41-1024x680.jpg 1024w, http:\/\/www.decker.wien\/wolfgang\/wp-content\/uploads\/2015\/03\/28-01-2015-41-300x199.jpg 300w, http:\/\/www.decker.wien\/wolfgang\/wp-content\/uploads\/2015\/03\/28-01-2015-41-904x600.jpg 904w, http:\/\/www.decker.wien\/wolfgang\/wp-content\/uploads\/2015\/03\/28-01-2015-41.jpg 1200w\" sizes=\"auto, (max-width: 904px) 100vw, 904px\" \/><\/a><\/p>\n<p><a href=\"http:\/\/www.decker.wien\/wolfgang\/wp-content\/uploads\/2015\/03\/28-01-2015-42.jpg\"><img loading=\"lazy\" decoding=\"async\" class=\"alignnone size-large wp-image-1108\" src=\"http:\/\/www.decker.wien\/wolfgang\/wp-content\/uploads\/2015\/03\/28-01-2015-42-1024x681.jpg\" alt=\"28-01-2015-42\" width=\"904\" height=\"601\" srcset=\"http:\/\/www.decker.wien\/wolfgang\/wp-content\/uploads\/2015\/03\/28-01-2015-42-1024x681.jpg 1024w, http:\/\/www.decker.wien\/wolfgang\/wp-content\/uploads\/2015\/03\/28-01-2015-42-300x200.jpg 300w, http:\/\/www.decker.wien\/wolfgang\/wp-content\/uploads\/2015\/03\/28-01-2015-42-904x601.jpg 904w, http:\/\/www.decker.wien\/wolfgang\/wp-content\/uploads\/2015\/03\/28-01-2015-42.jpg 1200w\" sizes=\"auto, (max-width: 904px) 100vw, 904px\" \/><\/a><\/p>\n<p><a href=\"http:\/\/www.decker.wien\/wolfgang\/wp-content\/uploads\/2015\/03\/28-01-2015-47.jpg\"><img loading=\"lazy\" decoding=\"async\" class=\"alignnone size-large wp-image-1110\" src=\"http:\/\/www.decker.wien\/wolfgang\/wp-content\/uploads\/2015\/03\/28-01-2015-47-1024x680.jpg\" alt=\"28-01-2015-47\" width=\"904\" height=\"600\" srcset=\"http:\/\/www.decker.wien\/wolfgang\/wp-content\/uploads\/2015\/03\/28-01-2015-47-1024x680.jpg 1024w, http:\/\/www.decker.wien\/wolfgang\/wp-content\/uploads\/2015\/03\/28-01-2015-47-300x199.jpg 300w, http:\/\/www.decker.wien\/wolfgang\/wp-content\/uploads\/2015\/03\/28-01-2015-47-904x600.jpg 904w, http:\/\/www.decker.wien\/wolfgang\/wp-content\/uploads\/2015\/03\/28-01-2015-47.jpg 1200w\" sizes=\"auto, (max-width: 904px) 100vw, 904px\" \/><\/a><\/p>\n<p><a href=\"http:\/\/www.decker.wien\/wolfgang\/wp-content\/uploads\/2015\/03\/28-01-2015-43.jpg\"><img loading=\"lazy\" decoding=\"async\" class=\"alignnone size-large wp-image-1109\" src=\"http:\/\/www.decker.wien\/wolfgang\/wp-content\/uploads\/2015\/03\/28-01-2015-43-1024x681.jpg\" alt=\"28-01-2015-43\" width=\"904\" height=\"601\" srcset=\"http:\/\/www.decker.wien\/wolfgang\/wp-content\/uploads\/2015\/03\/28-01-2015-43-1024x681.jpg 1024w, http:\/\/www.decker.wien\/wolfgang\/wp-content\/uploads\/2015\/03\/28-01-2015-43-300x200.jpg 300w, http:\/\/www.decker.wien\/wolfgang\/wp-content\/uploads\/2015\/03\/28-01-2015-43-904x601.jpg 904w, http:\/\/www.decker.wien\/wolfgang\/wp-content\/uploads\/2015\/03\/28-01-2015-43.jpg 1200w\" sizes=\"auto, (max-width: 904px) 100vw, 904px\" \/><\/a><\/p>\n<p>W\u00e4hrend der R\u00fcckfahrt bietet sich das selbe Bild, viele Tiere&nbsp;im Flussbett, orange\/gelb\/weisse Sandd\u00fcnen, dunkle Felsen, blauer Himmel und gr\u00fcne Vegetation. Wir fahren wieder bis zur Lodge mit den wirklich beeindruckenden Fix-Zelten, bevor wir \u00fcber die s\u00fcdlich des Canyons verlaufende Strasse durch die Berge nach Purros zur\u00fcckfahren.<\/p>\n<p><a href=\"http:\/\/www.decker.wien\/wolfgang\/wp-content\/uploads\/2015\/03\/28-01-2015-51.jpg\"><img loading=\"lazy\" decoding=\"async\" class=\"alignnone size-large wp-image-1111\" src=\"http:\/\/www.decker.wien\/wolfgang\/wp-content\/uploads\/2015\/03\/28-01-2015-51-1024x680.jpg\" alt=\"28-01-2015-51\" width=\"904\" height=\"600\" srcset=\"http:\/\/www.decker.wien\/wolfgang\/wp-content\/uploads\/2015\/03\/28-01-2015-51-1024x680.jpg 1024w, http:\/\/www.decker.wien\/wolfgang\/wp-content\/uploads\/2015\/03\/28-01-2015-51-300x199.jpg 300w, http:\/\/www.decker.wien\/wolfgang\/wp-content\/uploads\/2015\/03\/28-01-2015-51-904x600.jpg 904w, http:\/\/www.decker.wien\/wolfgang\/wp-content\/uploads\/2015\/03\/28-01-2015-51.jpg 1200w\" sizes=\"auto, (max-width: 904px) 100vw, 904px\" \/><\/a><\/p>\n<p>&nbsp;<\/p>\nngg_shortcode_0_placeholder\n<table width=\"100%\">\n<tbody>\n<tr>\n<td width=\"50%\"><a title=\"Tag 11 \u2013 27. J\u00e4nner 2015\" href=\"http:\/\/www.decker.wien\/wolfgang\/namibia-2015\/tag-10-27-jaenner-2015\/\">Zur\u00fcck zu Tag 11<\/a><\/td>\n<td style=\"text-align: right;\" width=\"50%\"><a title=\"Tag 13 \u2013 29. J\u00e4nner 2015\" href=\"http:\/\/www.decker.wien\/wolfgang\/namibia-2015\/tag-13-29-jaenner-2015\/\">Weiter zu Tag 13<\/a><\/td>\n<\/tr>\n<\/tbody>\n<\/table>\n","protected":false},"excerpt":{"rendered":"<p>Heute steht ein ganzer Tag mit einem Guide auf dem Programm, wir haben uns gestern mit jenem an der Rezeption [&hellip;]<\/p>\n","protected":false},"author":1,"featured_media":1105,"parent":27,"menu_order":0,"comment_status":"open","ping_status":"closed","template":"","meta":{"site-sidebar-layout":"default","site-content-layout":"","ast-site-content-layout":"default","site-content-style":"default","site-sidebar-style":"default","ast-global-header-display":"","ast-banner-title-visibility":"","ast-main-header-display":"","ast-hfb-above-header-display":"","ast-hfb-below-header-display":"","ast-hfb-mobile-header-display":"","site-post-title":"","ast-breadcrumbs-content":"","ast-featured-img":"","footer-sml-layout":"","ast-disable-related-posts":"","theme-transparent-header-meta":"","adv-header-id-meta":"","stick-header-meta":"","header-above-stick-meta":"","header-main-stick-meta":"","header-below-stick-meta":"","astra-migrate-meta-layouts":"default","ast-page-background-enabled":"default","ast-page-background-meta":{"desktop":{"background-color":"var(--ast-global-color-5)","background-image":"","background-repeat":"repeat","background-position":"center center","background-size":"auto","background-attachment":"scroll","background-type":"","background-media":"","overlay-type":"","overlay-color":"","overlay-opacity":"","overlay-gradient":""},"tablet":{"background-color":"","background-image":"","background-repeat":"repeat","background-position":"center center","background-size":"auto","background-attachment":"scroll","background-type":"","background-media":"","overlay-type":"","overlay-color":"","overlay-opacity":"","overlay-gradient":""},"mobile":{"background-color":"","background-image":"","background-repeat":"repeat","background-position":"center center","background-size":"auto","background-attachment":"scroll","background-type":"","background-media":"","overlay-type":"","overlay-color":"","overlay-opacity":"","overlay-gradient":""}},"ast-content-background-meta":{"desktop":{"background-color":"var(--ast-global-color-4)","background-image":"","background-repeat":"repeat","background-position":"center center","background-size":"auto","background-attachment":"scroll","background-type":"","background-media":"","overlay-type":"","overlay-color":"","overlay-opacity":"","overlay-gradient":""},"tablet":{"background-color":"var(--ast-global-color-4)","background-image":"","background-repeat":"repeat","background-position":"center center","background-size":"auto","background-attachment":"scroll","background-type":"","background-media":"","overlay-type":"","overlay-color":"","overlay-opacity":"","overlay-gradient":""},"mobile":{"background-color":"var(--ast-global-color-4)","background-image":"","background-repeat":"repeat","background-position":"center center","background-size":"auto","background-attachment":"scroll","background-type":"","background-media":"","overlay-type":"","overlay-color":"","overlay-opacity":"","overlay-gradient":""}},"ngg_post_thumbnail":0,"footnotes":""},"class_list":["post-1091","page","type-page","status-publish","has-post-thumbnail","hentry"],"_links":{"self":[{"href":"http:\/\/www.decker.wien\/wolfgang\/wp-json\/wp\/v2\/pages\/1091","targetHints":{"allow":["GET"]}}],"collection":[{"href":"http:\/\/www.decker.wien\/wolfgang\/wp-json\/wp\/v2\/pages"}],"about":[{"href":"http:\/\/www.decker.wien\/wolfgang\/wp-json\/wp\/v2\/types\/page"}],"author":[{"embeddable":true,"href":"http:\/\/www.decker.wien\/wolfgang\/wp-json\/wp\/v2\/users\/1"}],"replies":[{"embeddable":true,"href":"http:\/\/www.decker.wien\/wolfgang\/wp-json\/wp\/v2\/comments?post=1091"}],"version-history":[{"count":8,"href":"http:\/\/www.decker.wien\/wolfgang\/wp-json\/wp\/v2\/pages\/1091\/revisions"}],"predecessor-version":[{"id":8288,"href":"http:\/\/www.decker.wien\/wolfgang\/wp-json\/wp\/v2\/pages\/1091\/revisions\/8288"}],"up":[{"embeddable":true,"href":"http:\/\/www.decker.wien\/wolfgang\/wp-json\/wp\/v2\/pages\/27"}],"wp:featuredmedia":[{"embeddable":true,"href":"http:\/\/www.decker.wien\/wolfgang\/wp-json\/wp\/v2\/media\/1105"}],"wp:attachment":[{"href":"http:\/\/www.decker.wien\/wolfgang\/wp-json\/wp\/v2\/media?parent=1091"}],"curies":[{"name":"wp","href":"https:\/\/api.w.org\/{rel}","templated":true}]}}