{"id":1302,"date":"2015-03-28T16:40:58","date_gmt":"2015-03-28T15:40:58","guid":{"rendered":"http:\/\/www.decker.wien\/wolfgang\/?page_id=1302"},"modified":"2026-03-20T11:52:55","modified_gmt":"2026-03-20T10:52:55","slug":"tag-14-30-jaenner-2015","status":"publish","type":"page","link":"http:\/\/www.decker.wien\/wolfgang\/namibia-2015\/tag-14-30-jaenner-2015\/","title":{"rendered":"Tag 14 &#8211; 30. J\u00e4nner 2015"},"content":{"rendered":"<p>Immer noch ziemlich geschlaucht klettern wir gegen 8:30 aus dem Dachzelt. Heute machen wir das mal ganz gem\u00fctlich, tanken in Sesfontein und dann die&nbsp;nicht besonders weite Strecke durch die Khowarib Schlucht zum Galton Gate. Allerdings wollen wir noch fragen, ob die \u00fcberhaupt befahrbar ist, so eine Aktion wie gestern will ich mir wirklich ersparen ;-).<\/p>\n<p>Wir fr\u00fchst\u00fccken erst mal gemeinsam mit Mike und Tanja, bevor ich mich daran mache, das gesamte Auto wieder halbwegs fahrtauglich einzur\u00e4umen. Gestern haben wir ja mehr oder weniger alles raus und wieder irgendwie einger\u00e4umt und dann so liegen gelassen. Erst gegen 10:30 kommen wir von der Campsite weg und verabschieden uns von den beiden Weltreisenden, die heute nach Purros aufbrechen.<\/p>\n<p>Wir steuern die Tankstelle beim Fort an und sehen auf der Diesel-Zapfs\u00e4ule schon das gro\u00dfe Schild: &#8222;Out of Order until further notice.&#8220; Naaaaa. Ned wirklich. Ich frage den Tankwart noch, ob das eh ernst gemeint ist, er meint nur, ja, Diesel g\u00e4be es keinen. Die n\u00e4chste Tankstelle w\u00e4re in Opuwo oder in Palmwag. Na super. \u00dcberschlagsm\u00e4\u00dfig sind gem\u00e4\u00df der Tankanzeige noch ca. 40&nbsp;Liter im Tank. Das macht auf normaler Gravelroad rund 300&nbsp;Kilometer. Aber durch die Khowarib-Schlucht? Und dann theoretisch bis Okaukuejo? Eher nicht. Und durch die Schlucht selbst und dann nach Kamanjab? Mit mir, der ich ohnehin&nbsp;als &#8222;Leerfahrer&#8220; bekannt bin? Nach kurzer Nachdenkphase beschlie\u00dfen wir, hier heute gar nichts zu riskieren und einfach \u00fcber Palmwag nach&nbsp;Kamanjab und danach Richtung Galtons Gate zu fahren. In Kamanjab k\u00f6nnen&nbsp;wir dann auch gleich unseren luftlosen Reservereifen umtauschen.<\/p>\n<p>Gesagt, getan, wir richten es uns gem\u00fctlich ein und machen einen Gravel-Road Fahrtag zum Ausrasten draus. Ist auch der Grund, warum es heute von der Fahrt keine Fotos gibt, die Gegend kennen wir nun schon zur Gen\u00fcge. \ud83d\ude09<\/p>\n<p>Bei der Tankstelle in Palmwag gehen knapp 125 Liter in den Tank bei 680 Kilometer. Macht schlanke 18 Liter Sprit, die wir in den Fluss-Sandbetten gebraucht haben. Wir passieren das Veterin\u00e4r-Gate, wieder ohne jegliches Fleisch im K\u00fchlschrank, wieder ist dann&nbsp;noch vor dem Grootbergpass alles dort, wo es hingeh\u00f6rt und wir fahren die Strecke ein drittes Mal. Schon vorher ist uns aufgefallen, dass in den D\u00f6rfern heute extrem viele Menschen zu sehen sind. Khowarib war voll, \u00fcberall Familien mit Kindern, neu aufgestellte Zelte, die uns ein paar Tage vorher nicht aufgefallen waren. Auf dem Weg nach Kamanjab h\u00e4lt uns ein Einheimischer, der mit einer roten Fahne mitten am Weg steht auf und meint, dass weiter vorne eine gro\u00dfe Lacke am Weg w\u00e4re und wir da rechts vorbeifahren sollten. Gleich danach will er aber Geld f\u00fcr Dressen seiner Fu\u00dfballmannschaft haben. Hm. Ein wenig \u00fcberrumpelt dr\u00fccke ich ihm 50 Dollar in die Hand. Deppensteuer halt. Auch erledigt. Lacke gab&#8217;s nat\u00fcrlich keine mehr am Weg. Touristensteuer&nbsp;auch entrichtet&#8230;<\/p>\n<p>In Kamanjab gehen wir noch einkaufen f\u00fcr den Rest der Reise, wollen am Bankomat auch noch Geld abheben, das scheitert aber, da offenbar in den beiden Automaten in Kamanjab nirgendwo mehr Geld enthalten ist. Auch hier sind die Stra\u00dfen voll mit Menschen, so ist uns das noch nie aufgefallen. Wir fahren zur Garage, wo wir den Besitzer anrufen, da alles zugesperrt ist. Er meint, er w\u00e4re unterwegs, k\u00e4me aber in einer halben Stunde. Die Zeit n\u00fctzen wir, um beim Bottle-Store wieder das offene WLAN zu verwenden, wir setzen ein paar Nachrichten ab und schauen unsere Mails an.<\/p>\n<p>Als wir zur\u00fcckfahren kommt auch der Besitzer bald mit einem abgeschleppten Fahrzeug, wir plaudern kurz \u00fcber die vielen Menschen, das fehlende Geld in den Bankomaten und warum er am Freitag zu habe, da meint er nur, es w\u00e4re der Freitag vor Monatsende, da h\u00e4tten alle ihr Geld bekommen und w\u00fcrden nach Hause fahren. Ah, deshalb auch kein Geld mehr in den Bankomaten. OK, guter Tipp f\u00fcr&#8217;s n\u00e4chste Mal, wir stehen n\u00e4mlich jetzt mit relativ wenig Bargeld da. Egal, irgendwie wird das schon gehen.<\/p>\n<p>Der Reifen wird gepr\u00fcft und tats\u00e4chlich, er hat beim Ventil einen Schaden. Also wieder mal einen anderen Reifen drauf, der ist sogar noch abgefahrener, aber jetzt ist es mir schon relativ egal, es kommt nur mehr Etoscha und dann die Fahrt nach Windhoek. Da sollte nicht mehr viel sein.<\/p>\n<p><a href=\"http:\/\/www.decker.wien\/wolfgang\/wp-content\/uploads\/2015\/03\/30-01-2015-02.jpg\"><img loading=\"lazy\" decoding=\"async\" class=\"alignnone size-large wp-image-1308\" src=\"http:\/\/www.decker.wien\/wolfgang\/wp-content\/uploads\/2015\/03\/30-01-2015-02-1024x680.jpg\" alt=\"30-01-2015-02\" width=\"904\" height=\"600\" srcset=\"http:\/\/www.decker.wien\/wolfgang\/wp-content\/uploads\/2015\/03\/30-01-2015-02-1024x680.jpg 1024w, http:\/\/www.decker.wien\/wolfgang\/wp-content\/uploads\/2015\/03\/30-01-2015-02-300x199.jpg 300w, http:\/\/www.decker.wien\/wolfgang\/wp-content\/uploads\/2015\/03\/30-01-2015-02-904x600.jpg 904w, http:\/\/www.decker.wien\/wolfgang\/wp-content\/uploads\/2015\/03\/30-01-2015-02.jpg 1200w\" sizes=\"auto, (max-width: 904px) 100vw, 904px\" \/><\/a> <a href=\"http:\/\/www.decker.wien\/wolfgang\/wp-content\/uploads\/2015\/03\/30-01-2015-01.jpg\"><img loading=\"lazy\" decoding=\"async\" class=\"alignnone size-large wp-image-1307\" src=\"http:\/\/www.decker.wien\/wolfgang\/wp-content\/uploads\/2015\/03\/30-01-2015-01-1024x680.jpg\" alt=\"30-01-2015-01\" width=\"904\" height=\"600\" srcset=\"http:\/\/www.decker.wien\/wolfgang\/wp-content\/uploads\/2015\/03\/30-01-2015-01-1024x680.jpg 1024w, http:\/\/www.decker.wien\/wolfgang\/wp-content\/uploads\/2015\/03\/30-01-2015-01-300x199.jpg 300w, http:\/\/www.decker.wien\/wolfgang\/wp-content\/uploads\/2015\/03\/30-01-2015-01-904x600.jpg 904w, http:\/\/www.decker.wien\/wolfgang\/wp-content\/uploads\/2015\/03\/30-01-2015-01.jpg 1200w\" sizes=\"auto, (max-width: 904px) 100vw, 904px\" \/><\/a><\/p>\n<p>Wir packen zusammen, bedanken uns und fahren die Teerstra\u00dfe Richtung Norden. Wir erreichen die Einfahrt gegen 17:00 Uhr und beschlie\u00dfen spontan, heute schon in den Park zu fahren und anstatt in Hobatere in der neuen Olifantrus Campsite zu \u00fcbernachten. Elefanten oder andere Tiere werden wir in Hobatere ziemlich sicher auch nicht zu Gesicht bekommen.<\/p>\n<p>Die Einfahrt ist komplett neu gestaltet und riesengro\u00df, nicht zu \u00fcbersehen. Rechts ist der Parkw\u00e4chter, der die Permits ausstellt. Leider gibt&#8217;s keine Karten zum Mitnehmen, nur eine gro\u00dfe an der Wand, die wir fotographieren k\u00f6nnten. Na, danke. Zum Gl\u00fcck habe ich mir&nbsp;schon die PDF-Karten ausgedruckt und Navi haben wir ja auch mit. Nach der problemlosen Ausstellung der Permits (nach einer Reservierung wurde nicht gefragt) geht&#8217;s nach links in das neue Geb\u00e4ude, dort sind dann die Zahlungen zu entrichten. Cash Only, no cards. Hm. Langsam wird&#8217;s wirklich ein bisschen kritisch mit dem Bargeld. Aber das geht sich noch aus.<\/p>\n<p><a href=\"http:\/\/www.decker.wien\/wolfgang\/wp-content\/uploads\/2015\/03\/30-01-2015-04.jpg\"><img loading=\"lazy\" decoding=\"async\" class=\"alignnone size-large wp-image-1309\" src=\"http:\/\/www.decker.wien\/wolfgang\/wp-content\/uploads\/2015\/03\/30-01-2015-04-1024x680.jpg\" alt=\"30-01-2015-04\" width=\"904\" height=\"600\" srcset=\"http:\/\/www.decker.wien\/wolfgang\/wp-content\/uploads\/2015\/03\/30-01-2015-04-1024x680.jpg 1024w, http:\/\/www.decker.wien\/wolfgang\/wp-content\/uploads\/2015\/03\/30-01-2015-04-300x199.jpg 300w, http:\/\/www.decker.wien\/wolfgang\/wp-content\/uploads\/2015\/03\/30-01-2015-04-904x600.jpg 904w, http:\/\/www.decker.wien\/wolfgang\/wp-content\/uploads\/2015\/03\/30-01-2015-04.jpg 1200w\" sizes=\"auto, (max-width: 904px) 100vw, 904px\" \/><\/a> <a href=\"http:\/\/www.decker.wien\/wolfgang\/wp-content\/uploads\/2015\/03\/30-01-2015-06.jpg\"><img loading=\"lazy\" decoding=\"async\" class=\"alignnone size-large wp-image-1310\" src=\"http:\/\/www.decker.wien\/wolfgang\/wp-content\/uploads\/2015\/03\/30-01-2015-06-1024x680.jpg\" alt=\"30-01-2015-06\" width=\"904\" height=\"600\" srcset=\"http:\/\/www.decker.wien\/wolfgang\/wp-content\/uploads\/2015\/03\/30-01-2015-06-1024x680.jpg 1024w, http:\/\/www.decker.wien\/wolfgang\/wp-content\/uploads\/2015\/03\/30-01-2015-06-300x199.jpg 300w, http:\/\/www.decker.wien\/wolfgang\/wp-content\/uploads\/2015\/03\/30-01-2015-06-904x600.jpg 904w, http:\/\/www.decker.wien\/wolfgang\/wp-content\/uploads\/2015\/03\/30-01-2015-06.jpg 1200w\" sizes=\"auto, (max-width: 904px) 100vw, 904px\" \/><\/a><\/p>\n<p>Gem\u00fctlich fahren wir dann auf der leeren Stra\u00dfe Richtung Olifantrus. Die Gegend ist halt ziemlich bewachsen, wirklich weit sieht man auf dieser Strecke nicht. Aufgrund der fortgeschrittenen Zeit fahren wir auch keine Wasserl\u00f6cher an, ringsum hat&#8217;s auch gut geregnet, das w\u00e4re ohnehin relativ sinnlos. Dennoch sehen wir schon einige Giraffen, Zebras, Strausse und sogar ein Warzenschwein mit Frischlingen.<\/p>\n<p><a href=\"http:\/\/www.decker.wien\/wolfgang\/wp-content\/uploads\/2015\/03\/30-01-2015-10.jpg\"><img loading=\"lazy\" decoding=\"async\" class=\"alignnone size-large wp-image-1312\" src=\"http:\/\/www.decker.wien\/wolfgang\/wp-content\/uploads\/2015\/03\/30-01-2015-10-1024x681.jpg\" alt=\"30-01-2015-10\" width=\"904\" height=\"601\" srcset=\"http:\/\/www.decker.wien\/wolfgang\/wp-content\/uploads\/2015\/03\/30-01-2015-10-1024x681.jpg 1024w, http:\/\/www.decker.wien\/wolfgang\/wp-content\/uploads\/2015\/03\/30-01-2015-10-300x200.jpg 300w, http:\/\/www.decker.wien\/wolfgang\/wp-content\/uploads\/2015\/03\/30-01-2015-10-904x601.jpg 904w, http:\/\/www.decker.wien\/wolfgang\/wp-content\/uploads\/2015\/03\/30-01-2015-10.jpg 1200w\" sizes=\"auto, (max-width: 904px) 100vw, 904px\" \/><\/a> <a href=\"http:\/\/www.decker.wien\/wolfgang\/wp-content\/uploads\/2015\/03\/30-01-2015-07.jpg\"><img loading=\"lazy\" decoding=\"async\" class=\"alignnone size-large wp-image-1311\" src=\"http:\/\/www.decker.wien\/wolfgang\/wp-content\/uploads\/2015\/03\/30-01-2015-07-1024x681.jpg\" alt=\"30-01-2015-07\" width=\"904\" height=\"601\" srcset=\"http:\/\/www.decker.wien\/wolfgang\/wp-content\/uploads\/2015\/03\/30-01-2015-07-1024x681.jpg 1024w, http:\/\/www.decker.wien\/wolfgang\/wp-content\/uploads\/2015\/03\/30-01-2015-07-300x200.jpg 300w, http:\/\/www.decker.wien\/wolfgang\/wp-content\/uploads\/2015\/03\/30-01-2015-07-904x601.jpg 904w, http:\/\/www.decker.wien\/wolfgang\/wp-content\/uploads\/2015\/03\/30-01-2015-07.jpg 1200w\" sizes=\"auto, (max-width: 904px) 100vw, 904px\" \/><\/a> <a href=\"http:\/\/www.decker.wien\/wolfgang\/wp-content\/uploads\/2015\/03\/30-01-2015-12.jpg\"><img loading=\"lazy\" decoding=\"async\" class=\"alignnone size-large wp-image-1313\" src=\"http:\/\/www.decker.wien\/wolfgang\/wp-content\/uploads\/2015\/03\/30-01-2015-12-1024x681.jpg\" alt=\"30-01-2015-12\" width=\"904\" height=\"601\" srcset=\"http:\/\/www.decker.wien\/wolfgang\/wp-content\/uploads\/2015\/03\/30-01-2015-12-1024x681.jpg 1024w, http:\/\/www.decker.wien\/wolfgang\/wp-content\/uploads\/2015\/03\/30-01-2015-12-300x200.jpg 300w, http:\/\/www.decker.wien\/wolfgang\/wp-content\/uploads\/2015\/03\/30-01-2015-12-904x601.jpg 904w, http:\/\/www.decker.wien\/wolfgang\/wp-content\/uploads\/2015\/03\/30-01-2015-12.jpg 1200w\" sizes=\"auto, (max-width: 904px) 100vw, 904px\" \/><\/a> <a href=\"http:\/\/www.decker.wien\/wolfgang\/wp-content\/uploads\/2015\/03\/30-01-2015-13.jpg\"><img loading=\"lazy\" decoding=\"async\" class=\"alignnone size-large wp-image-1314\" src=\"http:\/\/www.decker.wien\/wolfgang\/wp-content\/uploads\/2015\/03\/30-01-2015-13-1024x768.jpg\" alt=\"30-01-2015-13\" width=\"904\" height=\"678\" srcset=\"http:\/\/www.decker.wien\/wolfgang\/wp-content\/uploads\/2015\/03\/30-01-2015-13-1024x768.jpg 1024w, http:\/\/www.decker.wien\/wolfgang\/wp-content\/uploads\/2015\/03\/30-01-2015-13-300x225.jpg 300w, http:\/\/www.decker.wien\/wolfgang\/wp-content\/uploads\/2015\/03\/30-01-2015-13-904x678.jpg 904w, http:\/\/www.decker.wien\/wolfgang\/wp-content\/uploads\/2015\/03\/30-01-2015-13.jpg 1200w\" sizes=\"auto, (max-width: 904px) 100vw, 904px\" \/><\/a><\/p>\n<p>Wir erreichen das Camp gegen 18:30, schon recht sp\u00e4t, aber im Sommer noch ordentlich hell. Bauen schnell das Zelt auf, r\u00e4umen Tisch und Sesseln raus und gehen dann mit Fl\u00fcssigkeit bewaffnet zum genialen Steg und zum Geb\u00e4ude am Wasserloch. Der Sundowner ruft.<\/p>\n<p>Das Haus&nbsp;ist wirklich sehenswert, der Steg f\u00fchrt in ~ f\u00fcnf Meter H\u00f6he \u00fcber die Umz\u00e4unung zum zweist\u00f6ckigen Geb\u00e4ude, das direkt am Wasserloch errichtet wurde. Oben sind Kippfenster, die zum \u00d6ffnen sind, unten sind Fixfenster,&nbsp;klar, so ebenerdig, wie man da sitzt. Das Wasserloch ist mit rotem Licht beleuchtet, alles w\u00e4re perfekt, wenn sich doch blo\u00df ein Vierbeiner blicken lassen w\u00fcrde ;-). Wir lassen die Sonne untergehen, warten, schauen und gehen nach rund einer Stunde zur\u00fcck zum Auto. Abendessen ruft. Auch beim zweiten Besuch nach dem Essen l\u00e4sst sich in 90 Minuten kein einziges Tier blicken, gegen 11 Uhr kriechen wir schlie\u00dflich ins Zelt. Morgen ist auch noch ein Tag.<\/p>\n<p><a href=\"http:\/\/www.decker.wien\/wolfgang\/wp-content\/uploads\/2015\/03\/30-01-2015-17.jpg\"><img loading=\"lazy\" decoding=\"async\" class=\"alignnone size-large wp-image-1315\" src=\"http:\/\/www.decker.wien\/wolfgang\/wp-content\/uploads\/2015\/03\/30-01-2015-17-1024x680.jpg\" alt=\"30-01-2015-17\" width=\"904\" height=\"600\" srcset=\"http:\/\/www.decker.wien\/wolfgang\/wp-content\/uploads\/2015\/03\/30-01-2015-17-1024x680.jpg 1024w, http:\/\/www.decker.wien\/wolfgang\/wp-content\/uploads\/2015\/03\/30-01-2015-17-300x199.jpg 300w, http:\/\/www.decker.wien\/wolfgang\/wp-content\/uploads\/2015\/03\/30-01-2015-17-904x600.jpg 904w, http:\/\/www.decker.wien\/wolfgang\/wp-content\/uploads\/2015\/03\/30-01-2015-17.jpg 1200w\" sizes=\"auto, (max-width: 904px) 100vw, 904px\" \/><\/a> <a href=\"http:\/\/www.decker.wien\/wolfgang\/wp-content\/uploads\/2015\/03\/30-01-2015-19.jpg\"><img loading=\"lazy\" decoding=\"async\" class=\"alignnone size-large wp-image-1316\" src=\"http:\/\/www.decker.wien\/wolfgang\/wp-content\/uploads\/2015\/03\/30-01-2015-19-1024x680.jpg\" alt=\"30-01-2015-19\" width=\"904\" height=\"600\" srcset=\"http:\/\/www.decker.wien\/wolfgang\/wp-content\/uploads\/2015\/03\/30-01-2015-19-1024x680.jpg 1024w, http:\/\/www.decker.wien\/wolfgang\/wp-content\/uploads\/2015\/03\/30-01-2015-19-300x199.jpg 300w, http:\/\/www.decker.wien\/wolfgang\/wp-content\/uploads\/2015\/03\/30-01-2015-19-904x600.jpg 904w, http:\/\/www.decker.wien\/wolfgang\/wp-content\/uploads\/2015\/03\/30-01-2015-19.jpg 1200w\" sizes=\"auto, (max-width: 904px) 100vw, 904px\" \/><\/a> <a href=\"http:\/\/www.decker.wien\/wolfgang\/wp-content\/uploads\/2015\/03\/30-01-2015-20.jpg\"><img loading=\"lazy\" decoding=\"async\" class=\"alignnone size-large wp-image-1317\" src=\"http:\/\/www.decker.wien\/wolfgang\/wp-content\/uploads\/2015\/03\/30-01-2015-20-1024x680.jpg\" alt=\"30-01-2015-20\" width=\"904\" height=\"600\" srcset=\"http:\/\/www.decker.wien\/wolfgang\/wp-content\/uploads\/2015\/03\/30-01-2015-20-1024x680.jpg 1024w, http:\/\/www.decker.wien\/wolfgang\/wp-content\/uploads\/2015\/03\/30-01-2015-20-300x199.jpg 300w, http:\/\/www.decker.wien\/wolfgang\/wp-content\/uploads\/2015\/03\/30-01-2015-20-904x600.jpg 904w, http:\/\/www.decker.wien\/wolfgang\/wp-content\/uploads\/2015\/03\/30-01-2015-20.jpg 1200w\" sizes=\"auto, (max-width: 904px) 100vw, 904px\" \/><\/a> <a href=\"http:\/\/www.decker.wien\/wolfgang\/wp-content\/uploads\/2015\/03\/30-01-2015-21.jpg\"><img loading=\"lazy\" decoding=\"async\" class=\"alignnone size-large wp-image-1318\" src=\"http:\/\/www.decker.wien\/wolfgang\/wp-content\/uploads\/2015\/03\/30-01-2015-21-1024x680.jpg\" alt=\"30-01-2015-21\" width=\"904\" height=\"600\" srcset=\"http:\/\/www.decker.wien\/wolfgang\/wp-content\/uploads\/2015\/03\/30-01-2015-21-1024x680.jpg 1024w, http:\/\/www.decker.wien\/wolfgang\/wp-content\/uploads\/2015\/03\/30-01-2015-21-300x199.jpg 300w, http:\/\/www.decker.wien\/wolfgang\/wp-content\/uploads\/2015\/03\/30-01-2015-21-904x600.jpg 904w, http:\/\/www.decker.wien\/wolfgang\/wp-content\/uploads\/2015\/03\/30-01-2015-21.jpg 1200w\" sizes=\"auto, (max-width: 904px) 100vw, 904px\" \/><\/a><\/p>\n<p>Kurz noch zum Camp: Das ist nat\u00fcrlich sehr neu und sehr gepflegt. Es hat auch einige Museumsr\u00e4ume, in der die Geschichte des Platzes (ehemalige Elefantenkeulungsstation) sowie die Geschichte des Parks und&nbsp;der Erhaltung generell sehr anschaulich dokumentiert werden. Die Sanit\u00e4rr\u00e4ume sind sehr gro\u00df und auf westeurop\u00e4ischem Niveau. Es gibt zwei gro\u00dfe K\u00fcchenbl\u00f6cke, wo man bei schlechtem Wetter \u00fcberdacht sitzen und kochen sowie abwaschen kann. Jeder Stellplatz hat Strom, Licht und Wasser sowie eine ebene Stelle, wo man eben Tisch und Sesseln aufstellen kann. In der Saison wird&#8217;s aber sicher schwer, einen Platz zu bekommen, auf meinem kurzen Rundgang z\u00e4hlte ich nur 5 Stellpl\u00e4tze. Der Manager meinte, sie w\u00fcrden es ausbauen und es k\u00e4men weitere Pl\u00e4tze dazu. W\u00fcrde mich nicht wundern, bei dem Aufwand, den sie beim Wasserloch getrieben haben.&nbsp;Das Ganze hat aber auch seinen Preis, wir haben dort 250 N$ pro Person f\u00fcr die Nacht gezahlt. Auch &#8222;cash only&#8220; nat\u00fcrlich. \ud83d\ude09<\/p>\n<p><a href=\"http:\/\/www.decker.wien\/wolfgang\/wp-content\/uploads\/2015\/03\/30-01-2015-24.jpg\"><img loading=\"lazy\" decoding=\"async\" class=\"alignnone size-large wp-image-1319\" src=\"http:\/\/www.decker.wien\/wolfgang\/wp-content\/uploads\/2015\/03\/30-01-2015-24-1024x680.jpg\" alt=\"30-01-2015-24\" width=\"904\" height=\"600\" srcset=\"http:\/\/www.decker.wien\/wolfgang\/wp-content\/uploads\/2015\/03\/30-01-2015-24-1024x680.jpg 1024w, http:\/\/www.decker.wien\/wolfgang\/wp-content\/uploads\/2015\/03\/30-01-2015-24-300x199.jpg 300w, http:\/\/www.decker.wien\/wolfgang\/wp-content\/uploads\/2015\/03\/30-01-2015-24-904x600.jpg 904w, http:\/\/www.decker.wien\/wolfgang\/wp-content\/uploads\/2015\/03\/30-01-2015-24.jpg 1200w\" sizes=\"auto, (max-width: 904px) 100vw, 904px\" \/><\/a> <a href=\"http:\/\/www.decker.wien\/wolfgang\/wp-content\/uploads\/2015\/03\/30-01-2015-26.jpg\"><img loading=\"lazy\" decoding=\"async\" class=\"alignnone size-large wp-image-1321\" src=\"http:\/\/www.decker.wien\/wolfgang\/wp-content\/uploads\/2015\/03\/30-01-2015-26-1024x680.jpg\" alt=\"30-01-2015-26\" width=\"904\" height=\"600\" srcset=\"http:\/\/www.decker.wien\/wolfgang\/wp-content\/uploads\/2015\/03\/30-01-2015-26-1024x680.jpg 1024w, http:\/\/www.decker.wien\/wolfgang\/wp-content\/uploads\/2015\/03\/30-01-2015-26-300x199.jpg 300w, http:\/\/www.decker.wien\/wolfgang\/wp-content\/uploads\/2015\/03\/30-01-2015-26-904x600.jpg 904w, http:\/\/www.decker.wien\/wolfgang\/wp-content\/uploads\/2015\/03\/30-01-2015-26.jpg 1200w\" sizes=\"auto, (max-width: 904px) 100vw, 904px\" \/><\/a> <a href=\"http:\/\/www.decker.wien\/wolfgang\/wp-content\/uploads\/2015\/03\/30-01-2015-28.jpg\"><img loading=\"lazy\" decoding=\"async\" class=\"alignnone size-large wp-image-1323\" src=\"http:\/\/www.decker.wien\/wolfgang\/wp-content\/uploads\/2015\/03\/30-01-2015-28-1024x680.jpg\" alt=\"30-01-2015-28\" width=\"904\" height=\"600\" srcset=\"http:\/\/www.decker.wien\/wolfgang\/wp-content\/uploads\/2015\/03\/30-01-2015-28-1024x680.jpg 1024w, http:\/\/www.decker.wien\/wolfgang\/wp-content\/uploads\/2015\/03\/30-01-2015-28-300x199.jpg 300w, http:\/\/www.decker.wien\/wolfgang\/wp-content\/uploads\/2015\/03\/30-01-2015-28-904x600.jpg 904w, http:\/\/www.decker.wien\/wolfgang\/wp-content\/uploads\/2015\/03\/30-01-2015-28.jpg 1200w\" sizes=\"auto, (max-width: 904px) 100vw, 904px\" \/><\/a> <a href=\"http:\/\/www.decker.wien\/wolfgang\/wp-content\/uploads\/2015\/03\/30-01-2015-30.jpg\"><img loading=\"lazy\" decoding=\"async\" class=\"alignnone size-large wp-image-1325\" src=\"http:\/\/www.decker.wien\/wolfgang\/wp-content\/uploads\/2015\/03\/30-01-2015-30-1024x680.jpg\" alt=\"30-01-2015-30\" width=\"904\" height=\"600\" srcset=\"http:\/\/www.decker.wien\/wolfgang\/wp-content\/uploads\/2015\/03\/30-01-2015-30-1024x680.jpg 1024w, http:\/\/www.decker.wien\/wolfgang\/wp-content\/uploads\/2015\/03\/30-01-2015-30-300x199.jpg 300w, http:\/\/www.decker.wien\/wolfgang\/wp-content\/uploads\/2015\/03\/30-01-2015-30-904x600.jpg 904w, http:\/\/www.decker.wien\/wolfgang\/wp-content\/uploads\/2015\/03\/30-01-2015-30.jpg 1200w\" sizes=\"auto, (max-width: 904px) 100vw, 904px\" \/><\/a><\/p>\n<p>&nbsp;<\/p>\nngg_shortcode_0_placeholder\n<table width=\"100%\">\n<tbody>\n<tr>\n<td width=\"50%\"><a title=\"Tag 13 \u2013 29. J\u00e4nner 2015\" href=\"http:\/\/www.decker.wien\/wolfgang\/namibia-2015\/tag-13-29-jaenner-2015\/\">Zur\u00fcck zu Tag 13<\/a><\/td>\n<td style=\"text-align: right;\" width=\"50%\"><a title=\"Tag 15 \u2013 31. J\u00e4nner 2015\" href=\"http:\/\/www.decker.wien\/wolfgang\/namibia-2015\/tag-15-31-jaenner-2015\/\">Weiter zu Tag 15<\/a><\/td>\n<\/tr>\n<\/tbody>\n<\/table>\n","protected":false},"excerpt":{"rendered":"<p>Immer noch ziemlich geschlaucht klettern wir gegen 8:30 aus dem Dachzelt. Heute machen wir das mal ganz gem\u00fctlich, tanken in [&hellip;]<\/p>\n","protected":false},"author":1,"featured_media":0,"parent":27,"menu_order":0,"comment_status":"open","ping_status":"closed","template":"","meta":{"site-sidebar-layout":"default","site-content-layout":"","ast-site-content-layout":"default","site-content-style":"default","site-sidebar-style":"default","ast-global-header-display":"","ast-banner-title-visibility":"","ast-main-header-display":"","ast-hfb-above-header-display":"","ast-hfb-below-header-display":"","ast-hfb-mobile-header-display":"","site-post-title":"","ast-breadcrumbs-content":"","ast-featured-img":"","footer-sml-layout":"","ast-disable-related-posts":"","theme-transparent-header-meta":"","adv-header-id-meta":"","stick-header-meta":"","header-above-stick-meta":"","header-main-stick-meta":"","header-below-stick-meta":"","astra-migrate-meta-layouts":"default","ast-page-background-enabled":"default","ast-page-background-meta":{"desktop":{"background-color":"var(--ast-global-color-5)","background-image":"","background-repeat":"repeat","background-position":"center center","background-size":"auto","background-attachment":"scroll","background-type":"","background-media":"","overlay-type":"","overlay-color":"","overlay-opacity":"","overlay-gradient":""},"tablet":{"background-color":"","background-image":"","background-repeat":"repeat","background-position":"center center","background-size":"auto","background-attachment":"scroll","background-type":"","background-media":"","overlay-type":"","overlay-color":"","overlay-opacity":"","overlay-gradient":""},"mobile":{"background-color":"","background-image":"","background-repeat":"repeat","background-position":"center center","background-size":"auto","background-attachment":"scroll","background-type":"","background-media":"","overlay-type":"","overlay-color":"","overlay-opacity":"","overlay-gradient":""}},"ast-content-background-meta":{"desktop":{"background-color":"var(--ast-global-color-4)","background-image":"","background-repeat":"repeat","background-position":"center center","background-size":"auto","background-attachment":"scroll","background-type":"","background-media":"","overlay-type":"","overlay-color":"","overlay-opacity":"","overlay-gradient":""},"tablet":{"background-color":"var(--ast-global-color-4)","background-image":"","background-repeat":"repeat","background-position":"center center","background-size":"auto","background-attachment":"scroll","background-type":"","background-media":"","overlay-type":"","overlay-color":"","overlay-opacity":"","overlay-gradient":""},"mobile":{"background-color":"var(--ast-global-color-4)","background-image":"","background-repeat":"repeat","background-position":"center center","background-size":"auto","background-attachment":"scroll","background-type":"","background-media":"","overlay-type":"","overlay-color":"","overlay-opacity":"","overlay-gradient":""}},"ngg_post_thumbnail":0,"footnotes":""},"class_list":["post-1302","page","type-page","status-publish","hentry"],"_links":{"self":[{"href":"http:\/\/www.decker.wien\/wolfgang\/wp-json\/wp\/v2\/pages\/1302","targetHints":{"allow":["GET"]}}],"collection":[{"href":"http:\/\/www.decker.wien\/wolfgang\/wp-json\/wp\/v2\/pages"}],"about":[{"href":"http:\/\/www.decker.wien\/wolfgang\/wp-json\/wp\/v2\/types\/page"}],"author":[{"embeddable":true,"href":"http:\/\/www.decker.wien\/wolfgang\/wp-json\/wp\/v2\/users\/1"}],"replies":[{"embeddable":true,"href":"http:\/\/www.decker.wien\/wolfgang\/wp-json\/wp\/v2\/comments?post=1302"}],"version-history":[{"count":9,"href":"http:\/\/www.decker.wien\/wolfgang\/wp-json\/wp\/v2\/pages\/1302\/revisions"}],"predecessor-version":[{"id":8290,"href":"http:\/\/www.decker.wien\/wolfgang\/wp-json\/wp\/v2\/pages\/1302\/revisions\/8290"}],"up":[{"embeddable":true,"href":"http:\/\/www.decker.wien\/wolfgang\/wp-json\/wp\/v2\/pages\/27"}],"wp:attachment":[{"href":"http:\/\/www.decker.wien\/wolfgang\/wp-json\/wp\/v2\/media?parent=1302"}],"curies":[{"name":"wp","href":"https:\/\/api.w.org\/{rel}","templated":true}]}}