{"id":1393,"date":"2015-03-28T22:44:20","date_gmt":"2015-03-28T21:44:20","guid":{"rendered":"http:\/\/www.decker.wien\/wolfgang\/?page_id=1393"},"modified":"2026-03-20T11:53:27","modified_gmt":"2026-03-20T10:53:27","slug":"tag-15-31-jaenner-2015","status":"publish","type":"page","link":"http:\/\/www.decker.wien\/wolfgang\/namibia-2015\/tag-15-31-jaenner-2015\/","title":{"rendered":"Tag 15 &#8211; 31. J\u00e4nner 2015"},"content":{"rendered":"<p>Nach einem gem\u00fctlichen Morgen mit einem weiteren Besuch im Haus am Wasserloch (leider wieder ohne Tiere) machen wir uns gegen 10:30 auf den Weg nach Okaukuejo. Wir fahren alle Wasserl\u00f6cher am Weg ab, die auf der Karte eingezeichnet sind, sehen ein paar Oryx und ein paar V\u00f6gel. Manche Wasserl\u00f6cher sind \u00fcberhaupt trocken, Wasser gibt&#8217;s daf\u00fcr rund herum ohnehin genug.<\/p>\n<p><img loading=\"lazy\" decoding=\"async\" class=\"alignnone size-large wp-image-1398\" src=\"http:\/\/www.decker.wien\/wolfgang\/wp-content\/uploads\/2015\/03\/31-01-2015-01-1024x680.jpg\" alt=\"31-01-2015-01\" width=\"904\" height=\"600\" srcset=\"http:\/\/www.decker.wien\/wolfgang\/wp-content\/uploads\/2015\/03\/31-01-2015-01-1024x680.jpg 1024w, http:\/\/www.decker.wien\/wolfgang\/wp-content\/uploads\/2015\/03\/31-01-2015-01-300x199.jpg 300w, http:\/\/www.decker.wien\/wolfgang\/wp-content\/uploads\/2015\/03\/31-01-2015-01-904x600.jpg 904w, http:\/\/www.decker.wien\/wolfgang\/wp-content\/uploads\/2015\/03\/31-01-2015-01.jpg 1200w\" sizes=\"auto, (max-width: 904px) 100vw, 904px\" \/><br \/>\n<img loading=\"lazy\" decoding=\"async\" class=\"alignnone size-large wp-image-1399\" src=\"http:\/\/www.decker.wien\/wolfgang\/wp-content\/uploads\/2015\/03\/31-01-2015-02-1024x680.jpg\" alt=\"31-01-2015-02\" width=\"904\" height=\"600\" srcset=\"http:\/\/www.decker.wien\/wolfgang\/wp-content\/uploads\/2015\/03\/31-01-2015-02-1024x680.jpg 1024w, http:\/\/www.decker.wien\/wolfgang\/wp-content\/uploads\/2015\/03\/31-01-2015-02-300x199.jpg 300w, http:\/\/www.decker.wien\/wolfgang\/wp-content\/uploads\/2015\/03\/31-01-2015-02-904x600.jpg 904w, http:\/\/www.decker.wien\/wolfgang\/wp-content\/uploads\/2015\/03\/31-01-2015-02.jpg 1200w\" sizes=\"auto, (max-width: 904px) 100vw, 904px\" \/><\/p>\n<p>Nach Bitterwater machen wir einen kurzen Stopp bei einem umz\u00e4unten Rastplatz, wo wir eine Kleinigkeit essen.<\/p>\n<p><a href=\"http:\/\/www.decker.wien\/wolfgang\/wp-content\/uploads\/2015\/03\/31-01-2015-04.jpg\"><img loading=\"lazy\" decoding=\"async\" class=\"alignnone size-large wp-image-1400\" src=\"http:\/\/www.decker.wien\/wolfgang\/wp-content\/uploads\/2015\/03\/31-01-2015-04-1024x680.jpg\" alt=\"31-01-2015-04\" width=\"904\" height=\"600\" srcset=\"http:\/\/www.decker.wien\/wolfgang\/wp-content\/uploads\/2015\/03\/31-01-2015-04-1024x680.jpg 1024w, http:\/\/www.decker.wien\/wolfgang\/wp-content\/uploads\/2015\/03\/31-01-2015-04-300x199.jpg 300w, http:\/\/www.decker.wien\/wolfgang\/wp-content\/uploads\/2015\/03\/31-01-2015-04-904x600.jpg 904w, http:\/\/www.decker.wien\/wolfgang\/wp-content\/uploads\/2015\/03\/31-01-2015-04.jpg 1200w\" sizes=\"auto, (max-width: 904px) 100vw, 904px\" \/><\/a><\/p>\n<p>Beim Wasserloch Sonderkop bekommen wir einen Eindruck, wie Wasserl\u00f6cher in der Trockenzeit aussehen k\u00f6nnen. \u00dcbrigens das einzige Wasserloch, an dem wir derart viele Tiere sehen. Als wir ankommen, trinkt gerade ein Elephant aus dem gro\u00dfen Betonbeh\u00e4lter. Dieser ist eigentlich nicht als Tr\u00e4nke gedacht und daher mit einer Absperrung umgeben, akrobatisch streckt sich der Elephant und kommt daher an das frische Wasser. Schmeckt wahrscheinlich besser als das abgestandene mit Schlamm versehene, mit dem er sich anschlie\u00dfend bewirft. Etwas entfernt sind eine ganze Herde Zebras und Gnus, jeweils mit Jungtieren.<\/p>\n<p><a href=\"http:\/\/www.decker.wien\/wolfgang\/wp-content\/uploads\/2015\/03\/31-01-2015-09.jpg\"><img loading=\"lazy\" decoding=\"async\" class=\"alignnone size-large wp-image-1401\" src=\"http:\/\/www.decker.wien\/wolfgang\/wp-content\/uploads\/2015\/03\/31-01-2015-09-1024x681.jpg\" alt=\"31-01-2015-09\" width=\"904\" height=\"601\" srcset=\"http:\/\/www.decker.wien\/wolfgang\/wp-content\/uploads\/2015\/03\/31-01-2015-09-1024x681.jpg 1024w, http:\/\/www.decker.wien\/wolfgang\/wp-content\/uploads\/2015\/03\/31-01-2015-09-300x200.jpg 300w, http:\/\/www.decker.wien\/wolfgang\/wp-content\/uploads\/2015\/03\/31-01-2015-09-904x601.jpg 904w, http:\/\/www.decker.wien\/wolfgang\/wp-content\/uploads\/2015\/03\/31-01-2015-09.jpg 1200w\" sizes=\"auto, (max-width: 904px) 100vw, 904px\" \/><\/a> <a href=\"http:\/\/www.decker.wien\/wolfgang\/wp-content\/uploads\/2015\/03\/31-01-2015-10.jpg\"><img loading=\"lazy\" decoding=\"async\" class=\"alignnone size-large wp-image-1402\" src=\"http:\/\/www.decker.wien\/wolfgang\/wp-content\/uploads\/2015\/03\/31-01-2015-10-1024x681.jpg\" alt=\"31-01-2015-10\" width=\"904\" height=\"601\" srcset=\"http:\/\/www.decker.wien\/wolfgang\/wp-content\/uploads\/2015\/03\/31-01-2015-10-1024x681.jpg 1024w, http:\/\/www.decker.wien\/wolfgang\/wp-content\/uploads\/2015\/03\/31-01-2015-10-300x200.jpg 300w, http:\/\/www.decker.wien\/wolfgang\/wp-content\/uploads\/2015\/03\/31-01-2015-10-904x601.jpg 904w, http:\/\/www.decker.wien\/wolfgang\/wp-content\/uploads\/2015\/03\/31-01-2015-10.jpg 1200w\" sizes=\"auto, (max-width: 904px) 100vw, 904px\" \/><\/a> <a href=\"http:\/\/www.decker.wien\/wolfgang\/wp-content\/uploads\/2015\/03\/31-01-2015-13.jpg\"><img loading=\"lazy\" decoding=\"async\" class=\"alignnone size-large wp-image-1403\" src=\"http:\/\/www.decker.wien\/wolfgang\/wp-content\/uploads\/2015\/03\/31-01-2015-13-1024x681.jpg\" alt=\"31-01-2015-13\" width=\"904\" height=\"601\" srcset=\"http:\/\/www.decker.wien\/wolfgang\/wp-content\/uploads\/2015\/03\/31-01-2015-13-1024x681.jpg 1024w, http:\/\/www.decker.wien\/wolfgang\/wp-content\/uploads\/2015\/03\/31-01-2015-13-300x200.jpg 300w, http:\/\/www.decker.wien\/wolfgang\/wp-content\/uploads\/2015\/03\/31-01-2015-13-904x601.jpg 904w, http:\/\/www.decker.wien\/wolfgang\/wp-content\/uploads\/2015\/03\/31-01-2015-13.jpg 1200w\" sizes=\"auto, (max-width: 904px) 100vw, 904px\" \/><\/a><\/p>\n<p><iframe loading=\"lazy\" src=\"https:\/\/www.youtube.com\/embed\/OCM8Qg3bZDA?rel=0\" width=\"640\" height=\"360\" frameborder=\"0\" allowfullscreen=\"allowfullscreen\"><\/iframe><\/p>\n<p>Wir bleiben rund eine Stunde, um uns das Spektakel anzuschauen, fahren anschlie\u00dfend weiter und sehen hier jede Menge der \u00fcblichen Verd\u00e4chtigen. An einigen Lacken laben sich ebenfalls die Tiere, hier hat es offenbar ziemlich viel geregnet. Auf der Fahrt zum Wasserloch Gr\u00fcnewald sehen wir noch zwei Giraffen, das Wasserloch selbst ist &#8211; so wie praktisch alle, die wir noch besichtigen werden &#8211; leer.<\/p>\n<p>Insgesamt spielt das aber keine gro\u00dfe Rolle, hier gibt&#8217;s so viele Tiere, dass eigentlich laufend stehenbleiben und Fotos machen. Auch Giraffen gesellen sich hinzu, einzig Elephanten und Nash\u00f6rner sowie Katzen bleiben komplett aus.<\/p>\n<p><a href=\"http:\/\/www.decker.wien\/wolfgang\/wp-content\/uploads\/2015\/03\/31-01-2015-19.jpg\"><img loading=\"lazy\" decoding=\"async\" class=\"alignnone size-large wp-image-1404\" src=\"http:\/\/www.decker.wien\/wolfgang\/wp-content\/uploads\/2015\/03\/31-01-2015-19-1024x681.jpg\" alt=\"31-01-2015-19\" width=\"904\" height=\"601\" srcset=\"http:\/\/www.decker.wien\/wolfgang\/wp-content\/uploads\/2015\/03\/31-01-2015-19-1024x681.jpg 1024w, http:\/\/www.decker.wien\/wolfgang\/wp-content\/uploads\/2015\/03\/31-01-2015-19-300x200.jpg 300w, http:\/\/www.decker.wien\/wolfgang\/wp-content\/uploads\/2015\/03\/31-01-2015-19-904x601.jpg 904w, http:\/\/www.decker.wien\/wolfgang\/wp-content\/uploads\/2015\/03\/31-01-2015-19.jpg 1200w\" sizes=\"auto, (max-width: 904px) 100vw, 904px\" \/><\/a> <a href=\"http:\/\/www.decker.wien\/wolfgang\/wp-content\/uploads\/2015\/03\/31-01-2015-20.jpg\"><img loading=\"lazy\" decoding=\"async\" class=\"alignnone size-large wp-image-1405\" src=\"http:\/\/www.decker.wien\/wolfgang\/wp-content\/uploads\/2015\/03\/31-01-2015-20-1024x768.jpg\" alt=\"31-01-2015-20\" width=\"904\" height=\"678\" srcset=\"http:\/\/www.decker.wien\/wolfgang\/wp-content\/uploads\/2015\/03\/31-01-2015-20-1024x768.jpg 1024w, http:\/\/www.decker.wien\/wolfgang\/wp-content\/uploads\/2015\/03\/31-01-2015-20-300x225.jpg 300w, http:\/\/www.decker.wien\/wolfgang\/wp-content\/uploads\/2015\/03\/31-01-2015-20-904x678.jpg 904w, http:\/\/www.decker.wien\/wolfgang\/wp-content\/uploads\/2015\/03\/31-01-2015-20.jpg 1200w\" sizes=\"auto, (max-width: 904px) 100vw, 904px\" \/><\/a><\/p>\n<p>Wir erreichen Okaukuejo am Nachmittag, immer noch hat es rund 34 Grad. Wir checken f\u00fcr den Campingplatz ein k\u00f6nnen hier alles mit Kreditkarte zahlen und gehen zuerst an die Bar, wo wir etwas trinken und das vorhandene WLAN n\u00fctzen. Anschlie\u00dfend besteigen wir noch den Turm, nur um festzustellen, dass nicht weit entfernt dunkle Wolken aufziehen&#8230;<\/p>\n<p>Kaum kommen wir am Platz an, beginnt es wie aus K\u00fcbeln zu sch\u00fctten. Wir fahren die Campsite entlang zu einem Stellplatz und beschlie\u00dfen den Schauer einmal im Auto abzuwarten. Ich hole noch etwas zum Trinken aus dem K\u00fchlschrank und einen Wien f\u00fcr Nicole, dann sitzen wir und warten. Ich spiele alle Videos von der GoPro auf das Netbook, anschlie\u00dfend noch die Fotos der beiden Spiegelreflexkameras, anschlie\u00dfend noch die von Nicole. Das dauert nun schon rund eineinhalb Stunden. Es sch\u00fcttet immer noch. Hm. Ein &#8222;kurzer&#8220; Schauer ist etwas anderes. Langsam h\u00f6rt es aber auf, allerdings steht nun \u00fcberall ziemlich viel Wasser. Auch die Feuerstelle ist durchn\u00e4sst, was es mir nahezu verunm\u00f6glicht, hier Feuer f\u00fcr&#8217;s Essen zu machen. Alles in allem kein gem\u00fctlicher Abend, zu kalt und zu feucht. Zudem beginnt es sp\u00e4ter wieder leicht zu nieseln, sodass wir uns bald ins Zelt verkriechen.<\/p>\n<p><a href=\"http:\/\/www.decker.wien\/wolfgang\/wp-content\/uploads\/2015\/03\/31-01-2015-23.jpg\"><img loading=\"lazy\" decoding=\"async\" class=\"alignnone size-large wp-image-1406\" src=\"http:\/\/www.decker.wien\/wolfgang\/wp-content\/uploads\/2015\/03\/31-01-2015-23-1024x768.jpg\" alt=\"31-01-2015-23\" width=\"904\" height=\"678\" srcset=\"http:\/\/www.decker.wien\/wolfgang\/wp-content\/uploads\/2015\/03\/31-01-2015-23-1024x768.jpg 1024w, http:\/\/www.decker.wien\/wolfgang\/wp-content\/uploads\/2015\/03\/31-01-2015-23-300x225.jpg 300w, http:\/\/www.decker.wien\/wolfgang\/wp-content\/uploads\/2015\/03\/31-01-2015-23-904x678.jpg 904w, http:\/\/www.decker.wien\/wolfgang\/wp-content\/uploads\/2015\/03\/31-01-2015-23.jpg 1200w\" sizes=\"auto, (max-width: 904px) 100vw, 904px\" \/><\/a> <a href=\"http:\/\/www.decker.wien\/wolfgang\/wp-content\/uploads\/2015\/03\/31-01-2015-25.jpg\"><img loading=\"lazy\" decoding=\"async\" class=\"alignnone size-large wp-image-1407\" src=\"http:\/\/www.decker.wien\/wolfgang\/wp-content\/uploads\/2015\/03\/31-01-2015-25-1024x768.jpg\" alt=\"31-01-2015-25\" width=\"904\" height=\"678\" srcset=\"http:\/\/www.decker.wien\/wolfgang\/wp-content\/uploads\/2015\/03\/31-01-2015-25-1024x768.jpg 1024w, http:\/\/www.decker.wien\/wolfgang\/wp-content\/uploads\/2015\/03\/31-01-2015-25-300x225.jpg 300w, http:\/\/www.decker.wien\/wolfgang\/wp-content\/uploads\/2015\/03\/31-01-2015-25-904x678.jpg 904w, http:\/\/www.decker.wien\/wolfgang\/wp-content\/uploads\/2015\/03\/31-01-2015-25.jpg 1200w\" sizes=\"auto, (max-width: 904px) 100vw, 904px\" \/><\/a> <a href=\"http:\/\/www.decker.wien\/wolfgang\/wp-content\/uploads\/2015\/03\/31-01-2015-29.jpg\"><img loading=\"lazy\" decoding=\"async\" class=\"alignnone size-large wp-image-1408\" src=\"http:\/\/www.decker.wien\/wolfgang\/wp-content\/uploads\/2015\/03\/31-01-2015-29-1024x768.jpg\" alt=\"31-01-2015-29\" width=\"904\" height=\"678\" srcset=\"http:\/\/www.decker.wien\/wolfgang\/wp-content\/uploads\/2015\/03\/31-01-2015-29-1024x768.jpg 1024w, http:\/\/www.decker.wien\/wolfgang\/wp-content\/uploads\/2015\/03\/31-01-2015-29-300x225.jpg 300w, http:\/\/www.decker.wien\/wolfgang\/wp-content\/uploads\/2015\/03\/31-01-2015-29-904x678.jpg 904w, http:\/\/www.decker.wien\/wolfgang\/wp-content\/uploads\/2015\/03\/31-01-2015-29.jpg 1200w\" sizes=\"auto, (max-width: 904px) 100vw, 904px\" \/><\/a> <a href=\"http:\/\/www.decker.wien\/wolfgang\/wp-content\/uploads\/2015\/03\/31-01-2015-30.jpg\"><img loading=\"lazy\" decoding=\"async\" class=\"alignnone size-large wp-image-1409\" src=\"http:\/\/www.decker.wien\/wolfgang\/wp-content\/uploads\/2015\/03\/31-01-2015-30-1024x768.jpg\" alt=\"31-01-2015-30\" width=\"904\" height=\"678\" srcset=\"http:\/\/www.decker.wien\/wolfgang\/wp-content\/uploads\/2015\/03\/31-01-2015-30-1024x768.jpg 1024w, http:\/\/www.decker.wien\/wolfgang\/wp-content\/uploads\/2015\/03\/31-01-2015-30-300x225.jpg 300w, http:\/\/www.decker.wien\/wolfgang\/wp-content\/uploads\/2015\/03\/31-01-2015-30-904x678.jpg 904w, http:\/\/www.decker.wien\/wolfgang\/wp-content\/uploads\/2015\/03\/31-01-2015-30.jpg 1200w\" sizes=\"auto, (max-width: 904px) 100vw, 904px\" \/><\/a><\/p>\n<p>In der Nacht haben wir noch Besuch von den streunenden Schakalen, die unsere Schlapfen entf\u00fchren, wir finden sie am n\u00e4chsten Morgen dann zerkaut ein paar Meter weiter entfernt. Zudem vernehme ich relativ nahes und sehr lautes L\u00f6wengebr\u00fcll.<\/p>\nngg_shortcode_0_placeholder\n<table width=\"100%\">\n<tbody>\n<tr>\n<td width=\"50%\"><a title=\"Tag 14 \u2013 30. J\u00e4nner 2015\" href=\"http:\/\/www.decker.wien\/wolfgang\/namibia-2015\/tag-14-30-jaenner-2015\/\">Zur\u00fcck zu Tag 14<\/a><\/td>\n<td style=\"text-align: right;\" width=\"50%\"><a title=\"Tag 16 \u2013 1. Februar 2015\" href=\"http:\/\/www.decker.wien\/wolfgang\/namibia-2015\/tag-16-1-februar-2015\/\">Weiter zu Tag 16<\/a><\/td>\n<\/tr>\n<\/tbody>\n<\/table>\n","protected":false},"excerpt":{"rendered":"<p>Nach einem gem\u00fctlichen Morgen mit einem weiteren Besuch im Haus am Wasserloch (leider wieder ohne Tiere) machen wir uns gegen [&hellip;]<\/p>\n","protected":false},"author":1,"featured_media":0,"parent":27,"menu_order":0,"comment_status":"open","ping_status":"closed","template":"","meta":{"site-sidebar-layout":"default","site-content-layout":"","ast-site-content-layout":"default","site-content-style":"default","site-sidebar-style":"default","ast-global-header-display":"","ast-banner-title-visibility":"","ast-main-header-display":"","ast-hfb-above-header-display":"","ast-hfb-below-header-display":"","ast-hfb-mobile-header-display":"","site-post-title":"","ast-breadcrumbs-content":"","ast-featured-img":"","footer-sml-layout":"","ast-disable-related-posts":"","theme-transparent-header-meta":"","adv-header-id-meta":"","stick-header-meta":"","header-above-stick-meta":"","header-main-stick-meta":"","header-below-stick-meta":"","astra-migrate-meta-layouts":"default","ast-page-background-enabled":"default","ast-page-background-meta":{"desktop":{"background-color":"var(--ast-global-color-5)","background-image":"","background-repeat":"repeat","background-position":"center center","background-size":"auto","background-attachment":"scroll","background-type":"","background-media":"","overlay-type":"","overlay-color":"","overlay-opacity":"","overlay-gradient":""},"tablet":{"background-color":"","background-image":"","background-repeat":"repeat","background-position":"center center","background-size":"auto","background-attachment":"scroll","background-type":"","background-media":"","overlay-type":"","overlay-color":"","overlay-opacity":"","overlay-gradient":""},"mobile":{"background-color":"","background-image":"","background-repeat":"repeat","background-position":"center center","background-size":"auto","background-attachment":"scroll","background-type":"","background-media":"","overlay-type":"","overlay-color":"","overlay-opacity":"","overlay-gradient":""}},"ast-content-background-meta":{"desktop":{"background-color":"var(--ast-global-color-4)","background-image":"","background-repeat":"repeat","background-position":"center center","background-size":"auto","background-attachment":"scroll","background-type":"","background-media":"","overlay-type":"","overlay-color":"","overlay-opacity":"","overlay-gradient":""},"tablet":{"background-color":"var(--ast-global-color-4)","background-image":"","background-repeat":"repeat","background-position":"center center","background-size":"auto","background-attachment":"scroll","background-type":"","background-media":"","overlay-type":"","overlay-color":"","overlay-opacity":"","overlay-gradient":""},"mobile":{"background-color":"var(--ast-global-color-4)","background-image":"","background-repeat":"repeat","background-position":"center center","background-size":"auto","background-attachment":"scroll","background-type":"","background-media":"","overlay-type":"","overlay-color":"","overlay-opacity":"","overlay-gradient":""}},"ngg_post_thumbnail":0,"footnotes":""},"class_list":["post-1393","page","type-page","status-publish","hentry"],"_links":{"self":[{"href":"http:\/\/www.decker.wien\/wolfgang\/wp-json\/wp\/v2\/pages\/1393","targetHints":{"allow":["GET"]}}],"collection":[{"href":"http:\/\/www.decker.wien\/wolfgang\/wp-json\/wp\/v2\/pages"}],"about":[{"href":"http:\/\/www.decker.wien\/wolfgang\/wp-json\/wp\/v2\/types\/page"}],"author":[{"embeddable":true,"href":"http:\/\/www.decker.wien\/wolfgang\/wp-json\/wp\/v2\/users\/1"}],"replies":[{"embeddable":true,"href":"http:\/\/www.decker.wien\/wolfgang\/wp-json\/wp\/v2\/comments?post=1393"}],"version-history":[{"count":10,"href":"http:\/\/www.decker.wien\/wolfgang\/wp-json\/wp\/v2\/pages\/1393\/revisions"}],"predecessor-version":[{"id":8291,"href":"http:\/\/www.decker.wien\/wolfgang\/wp-json\/wp\/v2\/pages\/1393\/revisions\/8291"}],"up":[{"embeddable":true,"href":"http:\/\/www.decker.wien\/wolfgang\/wp-json\/wp\/v2\/pages\/27"}],"wp:attachment":[{"href":"http:\/\/www.decker.wien\/wolfgang\/wp-json\/wp\/v2\/media?parent=1393"}],"curies":[{"name":"wp","href":"https:\/\/api.w.org\/{rel}","templated":true}]}}