{"id":1534,"date":"2015-03-29T21:25:55","date_gmt":"2015-03-29T20:25:55","guid":{"rendered":"http:\/\/www.decker.wien\/wolfgang\/?page_id=1534"},"modified":"2026-03-20T11:53:50","modified_gmt":"2026-03-20T10:53:50","slug":"tag-16-1-februar-2015","status":"publish","type":"page","link":"http:\/\/www.decker.wien\/wolfgang\/namibia-2015\/tag-16-1-februar-2015\/","title":{"rendered":"Tag 16 &#8211; 1. Februar 2015"},"content":{"rendered":"<p>Nach einer&nbsp;eher schlaflosen Nacht stehen wir wieder gegen 7 Uhr auf, ich finde unsere Schlapfen zerkaut ein paar Meter weiter in einer Lacke wieder. Wirklich einladend ist der Platz nicht, alles steht unter Wasser, um zu den Sanit\u00e4rr\u00e4umen zu gelangen, muss eine Lacke am Weg von ca. 20cm Tiefe passiert&nbsp;werden. Wir trinken nur kurz einen Tee, packen alles zusammen und fahren bald los. Als Ziel haben wir heute Halali, der Weg f\u00fchrt&nbsp;uns \u00fcber Adamax und dann so ziemlich an jedem Wasserloch zwischen Okaukuejo und Halali vorbei.<\/p>\n<p><a href=\"http:\/\/www.decker.wien\/wolfgang\/wp-content\/uploads\/2015\/03\/01-02-2015-01.jpg\"><img loading=\"lazy\" decoding=\"async\" class=\"alignnone size-large wp-image-1537\" src=\"http:\/\/www.decker.wien\/wolfgang\/wp-content\/uploads\/2015\/03\/01-02-2015-01-1024x681.jpg\" alt=\"01-02-2015-01\" width=\"904\" height=\"601\" srcset=\"http:\/\/www.decker.wien\/wolfgang\/wp-content\/uploads\/2015\/03\/01-02-2015-01-1024x681.jpg 1024w, http:\/\/www.decker.wien\/wolfgang\/wp-content\/uploads\/2015\/03\/01-02-2015-01-300x200.jpg 300w, http:\/\/www.decker.wien\/wolfgang\/wp-content\/uploads\/2015\/03\/01-02-2015-01-904x601.jpg 904w, http:\/\/www.decker.wien\/wolfgang\/wp-content\/uploads\/2015\/03\/01-02-2015-01.jpg 1200w\" sizes=\"auto, (max-width: 904px) 100vw, 904px\" \/><\/a><\/p>\n<p>Auf dem Weg nach Adamax l\u00e4uft uns eine Schildkr\u00f6te \u00fcber den Weg, bevor uns ein Autobus \u00fcberholt. Wir zuckeln gem\u00fctlich hinterher und holen ihn wenig sp\u00e4ter wieder ein, als er mitten auf der Stra\u00dfe steht. Hm, da d\u00fcrfte rechts irgendetwas im Busch sein. Leider sehen wir nichts, auch nachdem der Bus weggefahren ist und wir exakt seine Stelle eingenommen haben. Aber f\u00fcr nichts bleibt der Bus auch keine ~ 10 Minuten dort stehen. Ich bem\u00fche das Fernglas und scanne jeden Busch und tats\u00e4chlich. Ca. 50 Meter von uns entfernt liegt ein Nashorn unter einem Baum. Kaum zu sehen durch die B\u00fcsche davor. Ohne den Bus h\u00e4tten wir keine Chance gehabt, auch so haben wir schon fast 10 Minuten gebraucht, bis wir es gesehen haben.<\/p>\n<p><a href=\"http:\/\/www.decker.wien\/wolfgang\/wp-content\/uploads\/2015\/03\/01-02-2015-06.jpg\"><img loading=\"lazy\" decoding=\"async\" class=\"alignnone size-large wp-image-1540\" src=\"http:\/\/www.decker.wien\/wolfgang\/wp-content\/uploads\/2015\/03\/01-02-2015-06-1024x681.jpg\" alt=\"01-02-2015-06\" width=\"904\" height=\"601\" srcset=\"http:\/\/www.decker.wien\/wolfgang\/wp-content\/uploads\/2015\/03\/01-02-2015-06-1024x681.jpg 1024w, http:\/\/www.decker.wien\/wolfgang\/wp-content\/uploads\/2015\/03\/01-02-2015-06-300x200.jpg 300w, http:\/\/www.decker.wien\/wolfgang\/wp-content\/uploads\/2015\/03\/01-02-2015-06-904x601.jpg 904w, http:\/\/www.decker.wien\/wolfgang\/wp-content\/uploads\/2015\/03\/01-02-2015-06.jpg 1200w\" sizes=\"auto, (max-width: 904px) 100vw, 904px\" \/><\/a><\/p>\n<p>Auf der anschlie\u00dfenden Fahrt an Okaukuejo vorbei sehen wir sehr viele Springb\u00f6cke, Oryx, Strausse, Gnus und Giraffen.<\/p>\n<p><a href=\"http:\/\/www.decker.wien\/wolfgang\/wp-content\/uploads\/2015\/03\/01-02-2015-02.jpg\"><img loading=\"lazy\" decoding=\"async\" class=\"alignnone size-large wp-image-1538\" src=\"http:\/\/www.decker.wien\/wolfgang\/wp-content\/uploads\/2015\/03\/01-02-2015-02-1024x681.jpg\" alt=\"01-02-2015-02\" width=\"904\" height=\"601\" srcset=\"http:\/\/www.decker.wien\/wolfgang\/wp-content\/uploads\/2015\/03\/01-02-2015-02-1024x681.jpg 1024w, http:\/\/www.decker.wien\/wolfgang\/wp-content\/uploads\/2015\/03\/01-02-2015-02-300x200.jpg 300w, http:\/\/www.decker.wien\/wolfgang\/wp-content\/uploads\/2015\/03\/01-02-2015-02-904x601.jpg 904w, http:\/\/www.decker.wien\/wolfgang\/wp-content\/uploads\/2015\/03\/01-02-2015-02.jpg 1200w\" sizes=\"auto, (max-width: 904px) 100vw, 904px\" \/><\/a> <a href=\"http:\/\/www.decker.wien\/wolfgang\/wp-content\/uploads\/2015\/03\/01-02-2015-04.jpg\"><img loading=\"lazy\" decoding=\"async\" class=\"alignnone size-large wp-image-1539\" src=\"http:\/\/www.decker.wien\/wolfgang\/wp-content\/uploads\/2015\/03\/01-02-2015-04-1024x681.jpg\" alt=\"01-02-2015-04\" width=\"904\" height=\"601\" srcset=\"http:\/\/www.decker.wien\/wolfgang\/wp-content\/uploads\/2015\/03\/01-02-2015-04-1024x681.jpg 1024w, http:\/\/www.decker.wien\/wolfgang\/wp-content\/uploads\/2015\/03\/01-02-2015-04-300x200.jpg 300w, http:\/\/www.decker.wien\/wolfgang\/wp-content\/uploads\/2015\/03\/01-02-2015-04-904x601.jpg 904w, http:\/\/www.decker.wien\/wolfgang\/wp-content\/uploads\/2015\/03\/01-02-2015-04.jpg 1200w\" sizes=\"auto, (max-width: 904px) 100vw, 904px\" \/><\/a> <a href=\"http:\/\/www.decker.wien\/wolfgang\/wp-content\/uploads\/2015\/03\/01-02-2015-10.jpg\"><img loading=\"lazy\" decoding=\"async\" class=\"alignnone size-large wp-image-1541\" src=\"http:\/\/www.decker.wien\/wolfgang\/wp-content\/uploads\/2015\/03\/01-02-2015-10-1024x680.jpg\" alt=\"01-02-2015-10\" width=\"904\" height=\"600\" srcset=\"http:\/\/www.decker.wien\/wolfgang\/wp-content\/uploads\/2015\/03\/01-02-2015-10-1024x680.jpg 1024w, http:\/\/www.decker.wien\/wolfgang\/wp-content\/uploads\/2015\/03\/01-02-2015-10-300x199.jpg 300w, http:\/\/www.decker.wien\/wolfgang\/wp-content\/uploads\/2015\/03\/01-02-2015-10-904x600.jpg 904w, http:\/\/www.decker.wien\/wolfgang\/wp-content\/uploads\/2015\/03\/01-02-2015-10.jpg 1200w\" sizes=\"auto, (max-width: 904px) 100vw, 904px\" \/><\/a><\/p>\n<p>Am Nachmittag, als wir den Rhino Drive Richtung Halali fahren, sind wir&nbsp;mit 30 bis 40 km\/h unterwegs, schauen angestrengt in das links und rechts befindliche Dickicht, als sich pl\u00f6tzlich rund 200 Meter vor uns etwas bewegt. Ich parke das Auto, springe noch kurz&nbsp;hinaus um die GoPro zu starten und dann warten wir einfach das folgende Spektakel ab.<\/p>\n<p><iframe loading=\"lazy\" src=\"https:\/\/www.youtube.com\/embed\/VsaE1Nb4t00?rel=0\" width=\"640\" height=\"360\" frameborder=\"0\" allowfullscreen=\"allowfullscreen\"><\/iframe><\/p>\n<p><iframe loading=\"lazy\" src=\"https:\/\/www.youtube.com\/embed\/PnzkYkKUUi0?rel=0\" width=\"640\" height=\"360\" frameborder=\"0\" allowfullscreen=\"allowfullscreen\"><\/iframe><\/p>\n<p><a href=\"http:\/\/www.decker.wien\/wolfgang\/wp-content\/uploads\/2015\/03\/01-02-2015-15.jpg\"><img loading=\"lazy\" decoding=\"async\" class=\"alignnone size-large wp-image-1543\" src=\"http:\/\/www.decker.wien\/wolfgang\/wp-content\/uploads\/2015\/03\/01-02-2015-15-1024x768.jpg\" alt=\"01-02-2015-15\" width=\"904\" height=\"678\" srcset=\"http:\/\/www.decker.wien\/wolfgang\/wp-content\/uploads\/2015\/03\/01-02-2015-15-1024x768.jpg 1024w, http:\/\/www.decker.wien\/wolfgang\/wp-content\/uploads\/2015\/03\/01-02-2015-15-300x225.jpg 300w, http:\/\/www.decker.wien\/wolfgang\/wp-content\/uploads\/2015\/03\/01-02-2015-15-904x678.jpg 904w, http:\/\/www.decker.wien\/wolfgang\/wp-content\/uploads\/2015\/03\/01-02-2015-15.jpg 1200w\" sizes=\"auto, (max-width: 904px) 100vw, 904px\" \/><\/a><\/p>\n<p>Ich gebe zu, ohne das erste Erlebnis mit unserem Guide im Hoanib w\u00e4ren wir nicht so ruhig geblieben und w\u00e4ren vielleicht sogar umgedreht. Dieses Erlebnis w\u00e4re uns dann entgangen. Die Herde geht&nbsp;sehr ruhig in nur ein paar Metern Entfernung an uns vor\u00fcber, unz\u00e4hlige Kleine sind&nbsp;dabei und wir k\u00f6nnen unser Gl\u00fcck kaum fassen. Das war r\u00fcckblickend betrachtet sicherlich das Highlight unserer Reise.<\/p>\n<p>In Halali schlagen wir gegen 16:00 Uhr unser Lager in der N\u00e4he des Weges zum Wasserloch auf. Hier sind kaum Leute, von der Campsite her gef\u00e4llt es uns besser als Okaukuejo, da man hier bei Regen auch \u00fcberdachte Bereiche hat und nicht im Auto sitzen m\u00fcsste. Zum Gl\u00fcck brauchen wir das heute nicht, wir relaxen ein wenig am Pool, bestellen f\u00fcr morgen fr\u00fch ein Lunchpaket, essen recht fr\u00fch und nehmen unseren Sundowner dann am Wasserloch. Leider ist angeblich gerade ein Nashorn gegangen, in den 90 Minuten, die wir dort verbringen zeigt sich kein Vierbeiner mehr.<\/p>\n<p><a href=\"http:\/\/www.decker.wien\/wolfgang\/wp-content\/uploads\/2015\/03\/01-02-2015-26.jpg\"><img loading=\"lazy\" decoding=\"async\" class=\"alignnone size-large wp-image-1547\" src=\"http:\/\/www.decker.wien\/wolfgang\/wp-content\/uploads\/2015\/03\/01-02-2015-26-1024x680.jpg\" alt=\"01-02-2015-26\" width=\"904\" height=\"600\" srcset=\"http:\/\/www.decker.wien\/wolfgang\/wp-content\/uploads\/2015\/03\/01-02-2015-26-1024x680.jpg 1024w, http:\/\/www.decker.wien\/wolfgang\/wp-content\/uploads\/2015\/03\/01-02-2015-26-300x199.jpg 300w, http:\/\/www.decker.wien\/wolfgang\/wp-content\/uploads\/2015\/03\/01-02-2015-26-904x600.jpg 904w, http:\/\/www.decker.wien\/wolfgang\/wp-content\/uploads\/2015\/03\/01-02-2015-26.jpg 1200w\" sizes=\"auto, (max-width: 904px) 100vw, 904px\" \/><\/a> <a href=\"http:\/\/www.decker.wien\/wolfgang\/wp-content\/uploads\/2015\/03\/01-02-2015-27.jpg\"><img loading=\"lazy\" decoding=\"async\" class=\"alignnone size-large wp-image-1548\" src=\"http:\/\/www.decker.wien\/wolfgang\/wp-content\/uploads\/2015\/03\/01-02-2015-27-1024x680.jpg\" alt=\"01-02-2015-27\" width=\"904\" height=\"600\" srcset=\"http:\/\/www.decker.wien\/wolfgang\/wp-content\/uploads\/2015\/03\/01-02-2015-27-1024x680.jpg 1024w, http:\/\/www.decker.wien\/wolfgang\/wp-content\/uploads\/2015\/03\/01-02-2015-27-300x199.jpg 300w, http:\/\/www.decker.wien\/wolfgang\/wp-content\/uploads\/2015\/03\/01-02-2015-27-904x600.jpg 904w, http:\/\/www.decker.wien\/wolfgang\/wp-content\/uploads\/2015\/03\/01-02-2015-27.jpg 1200w\" sizes=\"auto, (max-width: 904px) 100vw, 904px\" \/><\/a><\/p>\nngg_shortcode_0_placeholder\n<table width=\"100%\">\n<tbody>\n<tr>\n<td width=\"50%\"><a title=\"Tag 15 \u2013 31. J\u00e4nner 2015\" href=\"http:\/\/www.decker.wien\/wolfgang\/namibia-2015\/tag-15-31-jaenner-2015\/\">Zur\u00fcck zu Tag 15<\/a><\/td>\n<td style=\"text-align: right;\" width=\"50%\"><a title=\"Tag 17 \u2013 2. Februar 2015\" href=\"http:\/\/www.decker.wien\/wolfgang\/namibia-2015\/tag-17-2-februar-2015\/\">Weiter zu Tag 17<\/a><\/td>\n<\/tr>\n<\/tbody>\n<\/table>\n","protected":false},"excerpt":{"rendered":"<p>Nach einer&nbsp;eher schlaflosen Nacht stehen wir wieder gegen 7 Uhr auf, ich finde unsere Schlapfen zerkaut ein paar Meter weiter [&hellip;]<\/p>\n","protected":false},"author":1,"featured_media":0,"parent":27,"menu_order":0,"comment_status":"open","ping_status":"closed","template":"","meta":{"site-sidebar-layout":"default","site-content-layout":"","ast-site-content-layout":"default","site-content-style":"default","site-sidebar-style":"default","ast-global-header-display":"","ast-banner-title-visibility":"","ast-main-header-display":"","ast-hfb-above-header-display":"","ast-hfb-below-header-display":"","ast-hfb-mobile-header-display":"","site-post-title":"","ast-breadcrumbs-content":"","ast-featured-img":"","footer-sml-layout":"","ast-disable-related-posts":"","theme-transparent-header-meta":"","adv-header-id-meta":"","stick-header-meta":"","header-above-stick-meta":"","header-main-stick-meta":"","header-below-stick-meta":"","astra-migrate-meta-layouts":"default","ast-page-background-enabled":"default","ast-page-background-meta":{"desktop":{"background-color":"var(--ast-global-color-5)","background-image":"","background-repeat":"repeat","background-position":"center center","background-size":"auto","background-attachment":"scroll","background-type":"","background-media":"","overlay-type":"","overlay-color":"","overlay-opacity":"","overlay-gradient":""},"tablet":{"background-color":"","background-image":"","background-repeat":"repeat","background-position":"center center","background-size":"auto","background-attachment":"scroll","background-type":"","background-media":"","overlay-type":"","overlay-color":"","overlay-opacity":"","overlay-gradient":""},"mobile":{"background-color":"","background-image":"","background-repeat":"repeat","background-position":"center center","background-size":"auto","background-attachment":"scroll","background-type":"","background-media":"","overlay-type":"","overlay-color":"","overlay-opacity":"","overlay-gradient":""}},"ast-content-background-meta":{"desktop":{"background-color":"var(--ast-global-color-4)","background-image":"","background-repeat":"repeat","background-position":"center center","background-size":"auto","background-attachment":"scroll","background-type":"","background-media":"","overlay-type":"","overlay-color":"","overlay-opacity":"","overlay-gradient":""},"tablet":{"background-color":"var(--ast-global-color-4)","background-image":"","background-repeat":"repeat","background-position":"center center","background-size":"auto","background-attachment":"scroll","background-type":"","background-media":"","overlay-type":"","overlay-color":"","overlay-opacity":"","overlay-gradient":""},"mobile":{"background-color":"var(--ast-global-color-4)","background-image":"","background-repeat":"repeat","background-position":"center center","background-size":"auto","background-attachment":"scroll","background-type":"","background-media":"","overlay-type":"","overlay-color":"","overlay-opacity":"","overlay-gradient":""}},"ngg_post_thumbnail":0,"footnotes":""},"class_list":["post-1534","page","type-page","status-publish","hentry"],"_links":{"self":[{"href":"http:\/\/www.decker.wien\/wolfgang\/wp-json\/wp\/v2\/pages\/1534","targetHints":{"allow":["GET"]}}],"collection":[{"href":"http:\/\/www.decker.wien\/wolfgang\/wp-json\/wp\/v2\/pages"}],"about":[{"href":"http:\/\/www.decker.wien\/wolfgang\/wp-json\/wp\/v2\/types\/page"}],"author":[{"embeddable":true,"href":"http:\/\/www.decker.wien\/wolfgang\/wp-json\/wp\/v2\/users\/1"}],"replies":[{"embeddable":true,"href":"http:\/\/www.decker.wien\/wolfgang\/wp-json\/wp\/v2\/comments?post=1534"}],"version-history":[{"count":7,"href":"http:\/\/www.decker.wien\/wolfgang\/wp-json\/wp\/v2\/pages\/1534\/revisions"}],"predecessor-version":[{"id":8292,"href":"http:\/\/www.decker.wien\/wolfgang\/wp-json\/wp\/v2\/pages\/1534\/revisions\/8292"}],"up":[{"embeddable":true,"href":"http:\/\/www.decker.wien\/wolfgang\/wp-json\/wp\/v2\/pages\/27"}],"wp:attachment":[{"href":"http:\/\/www.decker.wien\/wolfgang\/wp-json\/wp\/v2\/media?parent=1534"}],"curies":[{"name":"wp","href":"https:\/\/api.w.org\/{rel}","templated":true}]}}