{"id":1556,"date":"2015-04-03T12:23:59","date_gmt":"2015-04-03T11:23:59","guid":{"rendered":"http:\/\/www.decker.wien\/wolfgang\/?page_id=1556"},"modified":"2026-03-20T11:54:22","modified_gmt":"2026-03-20T10:54:22","slug":"tag-17-2-februar-2015","status":"publish","type":"page","link":"http:\/\/www.decker.wien\/wolfgang\/namibia-2015\/tag-17-2-februar-2015\/","title":{"rendered":"Tag 17 &#8211; 2. Februar 2015"},"content":{"rendered":"<p>Heute ist mal wieder fr\u00fch Aufstehen angesagt, um 5:30 l\u00e4utet uns der Wecker aus dem Schlaf. Wir trinken einen Tee, packen alles zusammen und holen das Lunch-Paket im Restaurant ab. Um 6:30 sind wir mit dem&nbsp;Sonnenaufgang unterwegs und schon kurze Zeit sp\u00e4ter werden wir mit einer Herde Giraffen belohnt. Leider sind &#8211; wohl bedingt durch die Regenf\u00e4lle der letzten Tage &#8211; einige Rundkurse gesperrt, sodass wir mitunter in einer Sackgasse enden. Und auch auf den nicht gesperrten Wegen steht mitunter das Wasser ziemlich hoch.<\/p>\n<p><img loading=\"lazy\" decoding=\"async\" class=\"alignnone size-large wp-image-1562\" src=\"http:\/\/www.decker.wien\/wolfgang\/wp-content\/uploads\/2015\/04\/02-02-2015-0001-1024x680.jpg\" alt=\"02-02-2015-0001\" width=\"904\" height=\"600\" srcset=\"http:\/\/www.decker.wien\/wolfgang\/wp-content\/uploads\/2015\/04\/02-02-2015-0001-1024x680.jpg 1024w, http:\/\/www.decker.wien\/wolfgang\/wp-content\/uploads\/2015\/04\/02-02-2015-0001-300x199.jpg 300w, http:\/\/www.decker.wien\/wolfgang\/wp-content\/uploads\/2015\/04\/02-02-2015-0001-904x600.jpg 904w, http:\/\/www.decker.wien\/wolfgang\/wp-content\/uploads\/2015\/04\/02-02-2015-0001.jpg 1200w\" sizes=\"auto, (max-width: 904px) 100vw, 904px\" \/><img loading=\"lazy\" decoding=\"async\" class=\"alignnone size-large wp-image-1564\" src=\"http:\/\/www.decker.wien\/wolfgang\/wp-content\/uploads\/2015\/04\/02-02-2015-0007-1024x768.jpg\" alt=\"02-02-2015-0007\" width=\"904\" height=\"678\" srcset=\"http:\/\/www.decker.wien\/wolfgang\/wp-content\/uploads\/2015\/04\/02-02-2015-0007-1024x768.jpg 1024w, http:\/\/www.decker.wien\/wolfgang\/wp-content\/uploads\/2015\/04\/02-02-2015-0007-300x225.jpg 300w, http:\/\/www.decker.wien\/wolfgang\/wp-content\/uploads\/2015\/04\/02-02-2015-0007-904x678.jpg 904w, http:\/\/www.decker.wien\/wolfgang\/wp-content\/uploads\/2015\/04\/02-02-2015-0007.jpg 1200w\" sizes=\"auto, (max-width: 904px) 100vw, 904px\" \/><\/p>\n<p>Wir fahren grob in Richtung Namutoni, allerdings lassen sich bei den Wasserl\u00f6chern, die wir anfahren, keine Tiere blicken. Auf dem Weg kreuzt ein wohl tr\u00e4chtiges Hy\u00e4nenweibchen unseren Weg, gar nicht schreckhaft l\u00e4uft sie ein St\u00fcck neben uns auf der Stra\u00dfe, bevor sie wieder im Dickicht verschwindet.<\/p>\n<p><a href=\"http:\/\/www.decker.wien\/wolfgang\/wp-content\/uploads\/2015\/04\/02-02-2015-0005.jpg\"><img loading=\"lazy\" decoding=\"async\" class=\"alignnone size-large wp-image-1563\" src=\"http:\/\/www.decker.wien\/wolfgang\/wp-content\/uploads\/2015\/04\/02-02-2015-0005-1024x680.jpg\" alt=\"02-02-2015-0005\" width=\"904\" height=\"600\" srcset=\"http:\/\/www.decker.wien\/wolfgang\/wp-content\/uploads\/2015\/04\/02-02-2015-0005-1024x680.jpg 1024w, http:\/\/www.decker.wien\/wolfgang\/wp-content\/uploads\/2015\/04\/02-02-2015-0005-300x199.jpg 300w, http:\/\/www.decker.wien\/wolfgang\/wp-content\/uploads\/2015\/04\/02-02-2015-0005-904x600.jpg 904w, http:\/\/www.decker.wien\/wolfgang\/wp-content\/uploads\/2015\/04\/02-02-2015-0005.jpg 1200w\" sizes=\"auto, (max-width: 904px) 100vw, 904px\" \/><\/a><\/p>\n<p>Kurze Zeit sp\u00e4ter entdecken wir ein Warzenschwein mit seinen Jungen, danach wieder einige Giraffen und jede Menge Zebras. Nicole glaubt mir langsam aber sicher, dass wir so viele Giraffen sehen werden, dass wir am Schluss wegen ihnen gar nicht mehr stehenbleiben werden. Ungef\u00e4hr 8 Kilometer vor Namutoni steht wieder ein Bus mitten auf der Stra\u00dfe und wir sehen, dass alle angestrengt in den Busch schauen. Der Busfahrer raunt uns ein &#8222;Lions&#8220; zu, wir sehen aber gar nichts. Nach rund 10 Minuten f\u00e4hrt der Bus weg, wir stellen uns an die Stelle und schauen angestrengt in den Busch. Aber auch mit Fernglas sehen wir vorerst nichts. Erst, als ich mich seitlich ins Fenster setze (ja, ich wei\u00df, soll man nicht&#8230;) kann ich in der Ferne unter einem Baum ein Rudel erkennen. Ab und zu bewegen sie sich sogar, zum Fotographieren sind sie allerdings viel zu weit entfernt. Und da wir sie ohne den Bus auch nie und nimmer gesehen h\u00e4tten, vermerken wir sie mal nicht als &#8222;Sichtung&#8220;.<\/p>\n<p><a href=\"http:\/\/www.decker.wien\/wolfgang\/wp-content\/uploads\/2015\/04\/02-02-2015-0303.jpg\"><img loading=\"lazy\" decoding=\"async\" class=\"alignnone size-large wp-image-1570\" src=\"http:\/\/www.decker.wien\/wolfgang\/wp-content\/uploads\/2015\/04\/02-02-2015-0303-1024x768.jpg\" alt=\"02-02-2015-0303\" width=\"904\" height=\"678\" srcset=\"http:\/\/www.decker.wien\/wolfgang\/wp-content\/uploads\/2015\/04\/02-02-2015-0303-1024x768.jpg 1024w, http:\/\/www.decker.wien\/wolfgang\/wp-content\/uploads\/2015\/04\/02-02-2015-0303-300x225.jpg 300w, http:\/\/www.decker.wien\/wolfgang\/wp-content\/uploads\/2015\/04\/02-02-2015-0303-904x678.jpg 904w, http:\/\/www.decker.wien\/wolfgang\/wp-content\/uploads\/2015\/04\/02-02-2015-0303.jpg 1200w\" sizes=\"auto, (max-width: 904px) 100vw, 904px\" \/><\/a> <a href=\"http:\/\/www.decker.wien\/wolfgang\/wp-content\/uploads\/2015\/04\/02-02-2015-0141.jpg\"><img loading=\"lazy\" decoding=\"async\" class=\"alignnone size-large wp-image-1567\" src=\"http:\/\/www.decker.wien\/wolfgang\/wp-content\/uploads\/2015\/04\/02-02-2015-0141-1024x681.jpg\" alt=\"02-02-2015-0141\" width=\"904\" height=\"601\" srcset=\"http:\/\/www.decker.wien\/wolfgang\/wp-content\/uploads\/2015\/04\/02-02-2015-0141-1024x681.jpg 1024w, http:\/\/www.decker.wien\/wolfgang\/wp-content\/uploads\/2015\/04\/02-02-2015-0141-300x200.jpg 300w, http:\/\/www.decker.wien\/wolfgang\/wp-content\/uploads\/2015\/04\/02-02-2015-0141-904x601.jpg 904w, http:\/\/www.decker.wien\/wolfgang\/wp-content\/uploads\/2015\/04\/02-02-2015-0141.jpg 1200w\" sizes=\"auto, (max-width: 904px) 100vw, 904px\" \/><\/a> <a href=\"http:\/\/www.decker.wien\/wolfgang\/wp-content\/uploads\/2015\/04\/02-02-2015-0105.jpg\"><img loading=\"lazy\" decoding=\"async\" class=\"alignnone size-large wp-image-1566\" src=\"http:\/\/www.decker.wien\/wolfgang\/wp-content\/uploads\/2015\/04\/02-02-2015-0105-1024x768.jpg\" alt=\"02-02-2015-0105\" width=\"904\" height=\"678\" srcset=\"http:\/\/www.decker.wien\/wolfgang\/wp-content\/uploads\/2015\/04\/02-02-2015-0105-1024x768.jpg 1024w, http:\/\/www.decker.wien\/wolfgang\/wp-content\/uploads\/2015\/04\/02-02-2015-0105-300x225.jpg 300w, http:\/\/www.decker.wien\/wolfgang\/wp-content\/uploads\/2015\/04\/02-02-2015-0105-904x678.jpg 904w, http:\/\/www.decker.wien\/wolfgang\/wp-content\/uploads\/2015\/04\/02-02-2015-0105.jpg 1200w\" sizes=\"auto, (max-width: 904px) 100vw, 904px\" \/><\/a> <a href=\"http:\/\/www.decker.wien\/wolfgang\/wp-content\/uploads\/2015\/04\/02-02-2015-0021.jpg\"><img loading=\"lazy\" decoding=\"async\" class=\"alignnone size-large wp-image-1565\" src=\"http:\/\/www.decker.wien\/wolfgang\/wp-content\/uploads\/2015\/04\/02-02-2015-0021-1024x681.jpg\" alt=\"02-02-2015-0021\" width=\"904\" height=\"601\" srcset=\"http:\/\/www.decker.wien\/wolfgang\/wp-content\/uploads\/2015\/04\/02-02-2015-0021-1024x681.jpg 1024w, http:\/\/www.decker.wien\/wolfgang\/wp-content\/uploads\/2015\/04\/02-02-2015-0021-300x200.jpg 300w, http:\/\/www.decker.wien\/wolfgang\/wp-content\/uploads\/2015\/04\/02-02-2015-0021-904x601.jpg 904w, http:\/\/www.decker.wien\/wolfgang\/wp-content\/uploads\/2015\/04\/02-02-2015-0021.jpg 1200w\" sizes=\"auto, (max-width: 904px) 100vw, 904px\" \/><\/a><\/p>\n<p>Kurz vor Namutoni gibt&#8217;s noch eine Herde von \u00fcber 10 Giraffen, bevor wir im Fort Pause machen. Es ist mittlerweile etwa 11 Uhr und eigentlich wollten wir uns auf die sch\u00f6ne Terrasse beim Wasserloch setzen, die ist allerdings kaputt und daher gesperrt. Auch das Cafe unterhalb hat nicht ge\u00f6ffnet, so setzen wir uns ins verwaiste Restaurant und trinken einen Rockshandy. Hat mittlerweile schon wieder \u00fcber 30 Grad. Im Restaurant mache ich kurz einen Hotspot mit der namibischen Simkarte auf und wir&nbsp;kommunizieren kurz mit Lisa, um zu erfahren, ob Lukas schon in Sydney gelandet ist. Sie verspricht uns eine Nachricht zu schicken wenn er bei ihr im Backpacker eingetroffen ist. Wir fahren noch ein St\u00fcck Richtung Norden, wo wir an einem Wasserloch unser Picknick im Auto einnehmen. Das Lunchpaket ist wirklich zu empfehlen!<\/p>\n<p><a href=\"http:\/\/www.decker.wien\/wolfgang\/wp-content\/uploads\/2015\/04\/02-02-2015-0181.jpg\"><img loading=\"lazy\" decoding=\"async\" class=\"alignnone size-large wp-image-1568\" src=\"http:\/\/www.decker.wien\/wolfgang\/wp-content\/uploads\/2015\/04\/02-02-2015-0181-1024x681.jpg\" alt=\"02-02-2015-0181\" width=\"904\" height=\"601\" srcset=\"http:\/\/www.decker.wien\/wolfgang\/wp-content\/uploads\/2015\/04\/02-02-2015-0181-1024x681.jpg 1024w, http:\/\/www.decker.wien\/wolfgang\/wp-content\/uploads\/2015\/04\/02-02-2015-0181-300x200.jpg 300w, http:\/\/www.decker.wien\/wolfgang\/wp-content\/uploads\/2015\/04\/02-02-2015-0181-904x601.jpg 904w, http:\/\/www.decker.wien\/wolfgang\/wp-content\/uploads\/2015\/04\/02-02-2015-0181.jpg 1200w\" sizes=\"auto, (max-width: 904px) 100vw, 904px\" \/><\/a> <a href=\"http:\/\/www.decker.wien\/wolfgang\/wp-content\/uploads\/2015\/04\/02-02-2015-0247.jpg\"><img loading=\"lazy\" decoding=\"async\" class=\"alignnone size-large wp-image-1569\" src=\"http:\/\/www.decker.wien\/wolfgang\/wp-content\/uploads\/2015\/04\/02-02-2015-0247-1024x680.jpg\" alt=\"02-02-2015-0247\" width=\"904\" height=\"600\" srcset=\"http:\/\/www.decker.wien\/wolfgang\/wp-content\/uploads\/2015\/04\/02-02-2015-0247-1024x680.jpg 1024w, http:\/\/www.decker.wien\/wolfgang\/wp-content\/uploads\/2015\/04\/02-02-2015-0247-300x199.jpg 300w, http:\/\/www.decker.wien\/wolfgang\/wp-content\/uploads\/2015\/04\/02-02-2015-0247-904x600.jpg 904w, http:\/\/www.decker.wien\/wolfgang\/wp-content\/uploads\/2015\/04\/02-02-2015-0247.jpg 1200w\" sizes=\"auto, (max-width: 904px) 100vw, 904px\" \/><\/a><\/p>\n<p>Langsam machen wir uns von Wasserloch und Detour zu Wasserloch und Detour zur\u00fcck Richtung&nbsp;Halali. Die Landschaft hier ist flach und ohne wirklich dichten Bewuchs, wir sehen neben den \u00fcblichen Verd\u00e4chtigen (Springbock, Strau\u00df und Oryx) jede Menge Zebras und wieder Giraffen in H\u00fclle und F\u00fclle. Und bringen es nicht \u00fcber&#8217;s Herz vorbeizufahren, ohne zumindest ein paar Fotos zu machen ;-).<\/p>\n<p><a href=\"http:\/\/www.decker.wien\/wolfgang\/wp-content\/uploads\/2015\/04\/02-02-2015-0341.jpg\"><img loading=\"lazy\" decoding=\"async\" class=\"alignnone size-large wp-image-1571\" src=\"http:\/\/www.decker.wien\/wolfgang\/wp-content\/uploads\/2015\/04\/02-02-2015-0341-1024x681.jpg\" alt=\"02-02-2015-0341\" width=\"904\" height=\"601\" srcset=\"http:\/\/www.decker.wien\/wolfgang\/wp-content\/uploads\/2015\/04\/02-02-2015-0341-1024x681.jpg 1024w, http:\/\/www.decker.wien\/wolfgang\/wp-content\/uploads\/2015\/04\/02-02-2015-0341-300x200.jpg 300w, http:\/\/www.decker.wien\/wolfgang\/wp-content\/uploads\/2015\/04\/02-02-2015-0341-904x601.jpg 904w, http:\/\/www.decker.wien\/wolfgang\/wp-content\/uploads\/2015\/04\/02-02-2015-0341.jpg 1200w\" sizes=\"auto, (max-width: 904px) 100vw, 904px\" \/><\/a><\/p>\n<p>Ungef\u00e4hr 30 Kilometer vor Halali sehen wir pl\u00f6tzlich in der Ferne zwei Nash\u00f6rner. Sie bewegen sich leicht von uns weg und pr\u00e4sentieren nur ihr Hinterteil, aber es sind eindeutig Rhinos. Zum Fotographieren fast zu weit weg, aber wir versuchen es dennoch. Sehr schwierig, die Fotos sind demnach nicht besonders. Wir freuen uns dennoch, nach dem ersten liegenden nun noch zwei gesehen zu haben und fahren nach einigen Minuten weiter. Keine zwei Kilometer ruft Nicole pl\u00f6tzlich &#8222;Nashorn&#8220;! Was noch untertrieben war, keine 50 Meter neben der Stra\u00dfe steht eine Nashornkuh&nbsp;mit ihrem Kalb im Geb\u00fcsch. Gibt&#8217;s ja nicht, schon f\u00fcnf Nash\u00f6rner in nur zwei Tagen. Wir k\u00f6nnen unser Gl\u00fcck gar nicht fassen und bleiben wieder so lange, bis die beiden sich weiter ins Dickicht zur\u00fcckziehen.<\/p>\n<p><a href=\"http:\/\/www.decker.wien\/wolfgang\/wp-content\/uploads\/2015\/04\/02-02-2015-0381.jpg\"><img loading=\"lazy\" decoding=\"async\" class=\"alignnone size-large wp-image-1572\" src=\"http:\/\/www.decker.wien\/wolfgang\/wp-content\/uploads\/2015\/04\/02-02-2015-0381-1024x681.jpg\" alt=\"02-02-2015-0381\" width=\"904\" height=\"601\" srcset=\"http:\/\/www.decker.wien\/wolfgang\/wp-content\/uploads\/2015\/04\/02-02-2015-0381-1024x681.jpg 1024w, http:\/\/www.decker.wien\/wolfgang\/wp-content\/uploads\/2015\/04\/02-02-2015-0381-300x200.jpg 300w, http:\/\/www.decker.wien\/wolfgang\/wp-content\/uploads\/2015\/04\/02-02-2015-0381-904x601.jpg 904w, http:\/\/www.decker.wien\/wolfgang\/wp-content\/uploads\/2015\/04\/02-02-2015-0381.jpg 1200w\" sizes=\"auto, (max-width: 904px) 100vw, 904px\" \/><\/a> <a href=\"http:\/\/www.decker.wien\/wolfgang\/wp-content\/uploads\/2015\/04\/02-02-2015-0421.jpg\"><img loading=\"lazy\" decoding=\"async\" class=\"alignnone size-large wp-image-1573\" src=\"http:\/\/www.decker.wien\/wolfgang\/wp-content\/uploads\/2015\/04\/02-02-2015-0421-1024x681.jpg\" alt=\"02-02-2015-0421\" width=\"904\" height=\"601\" srcset=\"http:\/\/www.decker.wien\/wolfgang\/wp-content\/uploads\/2015\/04\/02-02-2015-0421-1024x681.jpg 1024w, http:\/\/www.decker.wien\/wolfgang\/wp-content\/uploads\/2015\/04\/02-02-2015-0421-300x200.jpg 300w, http:\/\/www.decker.wien\/wolfgang\/wp-content\/uploads\/2015\/04\/02-02-2015-0421-904x601.jpg 904w, http:\/\/www.decker.wien\/wolfgang\/wp-content\/uploads\/2015\/04\/02-02-2015-0421.jpg 1200w\" sizes=\"auto, (max-width: 904px) 100vw, 904px\" \/><\/a> <a href=\"http:\/\/www.decker.wien\/wolfgang\/wp-content\/uploads\/2015\/04\/02-02-2015-0441.jpg\"><img loading=\"lazy\" decoding=\"async\" class=\"alignnone size-large wp-image-1574\" src=\"http:\/\/www.decker.wien\/wolfgang\/wp-content\/uploads\/2015\/04\/02-02-2015-0441-1024x681.jpg\" alt=\"02-02-2015-0441\" width=\"904\" height=\"601\" srcset=\"http:\/\/www.decker.wien\/wolfgang\/wp-content\/uploads\/2015\/04\/02-02-2015-0441-1024x681.jpg 1024w, http:\/\/www.decker.wien\/wolfgang\/wp-content\/uploads\/2015\/04\/02-02-2015-0441-300x200.jpg 300w, http:\/\/www.decker.wien\/wolfgang\/wp-content\/uploads\/2015\/04\/02-02-2015-0441-904x601.jpg 904w, http:\/\/www.decker.wien\/wolfgang\/wp-content\/uploads\/2015\/04\/02-02-2015-0441.jpg 1200w\" sizes=\"auto, (max-width: 904px) 100vw, 904px\" \/><\/a><\/p>\n<p>Mittlerweile ist es ungef\u00e4hr 16:30, es hat 36 Grad und wir beschlie\u00dfen,&nbsp;vor der R\u00fcckkehr ins Camp noch zum Etoscha-Lookout zu fahren.&nbsp;Schon als wir noch sehr weit entfernt sind, sehe ich, dass beim Lookout irgendwas seltsam ist. Es steht ein kleines Auto irgendwie komisch dort. Vor uns ist noch ein Auto, das&nbsp;kurz vor dem Lookout stehen bleibt, wir fahren vorbei und sehen, dass ein kleiner Toyota im Schlick feststeckt. Ich frage die beiden jungen M\u00e4nner, ob sie Hilfe brauchen, weil einer&nbsp;so ganz l\u00e4ssig auf der Heckklappe sitzt und eher keine Anstalten macht, hilflos zu wirken ;-).<\/p>\n<p><a href=\"http:\/\/www.decker.wien\/wolfgang\/wp-content\/uploads\/2015\/04\/02-02-2015-1001.jpg\"><img loading=\"lazy\" decoding=\"async\" class=\"alignnone size-large wp-image-1575\" src=\"http:\/\/www.decker.wien\/wolfgang\/wp-content\/uploads\/2015\/04\/02-02-2015-1001-1024x768.jpg\" alt=\"02-02-2015-1001\" width=\"904\" height=\"678\" srcset=\"http:\/\/www.decker.wien\/wolfgang\/wp-content\/uploads\/2015\/04\/02-02-2015-1001-1024x768.jpg 1024w, http:\/\/www.decker.wien\/wolfgang\/wp-content\/uploads\/2015\/04\/02-02-2015-1001-300x225.jpg 300w, http:\/\/www.decker.wien\/wolfgang\/wp-content\/uploads\/2015\/04\/02-02-2015-1001-904x678.jpg 904w, http:\/\/www.decker.wien\/wolfgang\/wp-content\/uploads\/2015\/04\/02-02-2015-1001.jpg 1200w\" sizes=\"auto, (max-width: 904px) 100vw, 904px\" \/><\/a><\/p>\n<p>Es stellt sich heraus, dass die beiden Italiener schon irgendwen von ihrer Agentur angerufen und ihre missliche Lage mitgeteilt h\u00e4tten, allerdings w\u00e4re dies bereits vor zwei Stunden gewesen und nun ginge auch ans Telefon niemand mehr ran. Warum sie&nbsp;ihr Auto dort in den Schlick gefahren haben, hab&#8216; ich nicht nachgefragt, ich w\u00e4re dort mit dem Hilux auch mit Untersetzung nicht rein, das hat man mit freiem Auge gesehen, dass es dort tief ist.&nbsp;Durch den geringen Platz zwischen dem Schlick und der Absperrung kann ich die beiden nicht einfach mit dem Abschleppseil rausziehen, aber wozu habe ich denn die Seilwinde mit? Fehlt nur noch eine geeignete M\u00f6glichkeit, sie am kleinen Toyota&nbsp;festzumachen. Bei diesen neuen Fahrzeugen gibt&#8217;s keine offensichtliche Abschlepp\u00f6se. Die beiden h\u00e4tten auch schon danach gesucht meinen sie. Ich frag&#8216;, ob vielleicht eine Bedienungsanleitung im Wagen ist, &#8222;Oh ja, gute Idee&#8220; meint er. Wir finden heraus, dass es im Werkzeugset eine schraubbare Abschlepp\u00f6se gibt, montieren diese und k\u00f6nnen den Wagen danach mit der Seilwinde rausziehen.<\/p>\n<p><iframe loading=\"lazy\" src=\"https:\/\/www.youtube.com\/embed\/LnXwFznCSoY?rel=0\" width=\"640\" height=\"360\" frameborder=\"0\" allowfullscreen=\"allowfullscreen\"><\/iframe><\/p>\n<p>Die beiden sind heilfroh, hatten schon damit gerechnet, die Nacht dort verbringen zu m\u00fcssen. Klarerweise ohne Verpflegung oder Wasser. Wer rechnet denn auch dort damit ein Problem zu bekommen. Allerdings sollte man sich dann auch nicht selbst in eine derartige Situation bringen.&nbsp;Wir haben unser Karma-Konto jedenfalls nach der Aktion im Fluss wieder aufgef\u00fcllt und auch die beiden Italiener, denen ich die Geschichte erz\u00e4hle, wollen das gute Karma weitertragen und dem N\u00e4chsten&nbsp;helfen. Wir machen noch ein paar Fotos und fahren anschlie\u00dfend zur\u00fcck zum Camp, wo wir den Sundowner&nbsp;wieder beim leeren Wasserloch genie\u00dfen.<\/p>\n<p><a href=\"http:\/\/www.decker.wien\/wolfgang\/wp-content\/uploads\/2015\/04\/02-02-2015-1009.jpg\"><img loading=\"lazy\" decoding=\"async\" class=\"alignnone size-large wp-image-1576\" src=\"http:\/\/www.decker.wien\/wolfgang\/wp-content\/uploads\/2015\/04\/02-02-2015-1009-1024x680.jpg\" alt=\"02-02-2015-1009\" width=\"904\" height=\"600\" srcset=\"http:\/\/www.decker.wien\/wolfgang\/wp-content\/uploads\/2015\/04\/02-02-2015-1009-1024x680.jpg 1024w, http:\/\/www.decker.wien\/wolfgang\/wp-content\/uploads\/2015\/04\/02-02-2015-1009-300x199.jpg 300w, http:\/\/www.decker.wien\/wolfgang\/wp-content\/uploads\/2015\/04\/02-02-2015-1009-904x600.jpg 904w, http:\/\/www.decker.wien\/wolfgang\/wp-content\/uploads\/2015\/04\/02-02-2015-1009.jpg 1200w\" sizes=\"auto, (max-width: 904px) 100vw, 904px\" \/><\/a> <a href=\"http:\/\/www.decker.wien\/wolfgang\/wp-content\/uploads\/2015\/04\/02-02-2015-1061.jpg\"><img loading=\"lazy\" decoding=\"async\" class=\"alignnone size-large wp-image-1577\" src=\"http:\/\/www.decker.wien\/wolfgang\/wp-content\/uploads\/2015\/04\/02-02-2015-1061-1024x768.jpg\" alt=\"02-02-2015-1061\" width=\"904\" height=\"678\" srcset=\"http:\/\/www.decker.wien\/wolfgang\/wp-content\/uploads\/2015\/04\/02-02-2015-1061-1024x768.jpg 1024w, http:\/\/www.decker.wien\/wolfgang\/wp-content\/uploads\/2015\/04\/02-02-2015-1061-300x225.jpg 300w, http:\/\/www.decker.wien\/wolfgang\/wp-content\/uploads\/2015\/04\/02-02-2015-1061-904x678.jpg 904w, http:\/\/www.decker.wien\/wolfgang\/wp-content\/uploads\/2015\/04\/02-02-2015-1061.jpg 1200w\" sizes=\"auto, (max-width: 904px) 100vw, 904px\" \/><\/a><\/p>\nngg_shortcode_0_placeholder\n<p>&nbsp;<\/p>\n<table width=\"100%\">\n<tbody>\n<tr>\n<td width=\"50%\"><a title=\"Tag 16 \u2013 1. Februar 2015\" href=\"http:\/\/www.decker.wien\/wolfgang\/namibia-2015\/tag-16-1-februar-2015\/\">Zur\u00fcck zu Tag 16<\/a><\/td>\n<td style=\"text-align: right;\" width=\"50%\"><a title=\"Tag 18 \u2013 3. Februar 2015\" href=\"http:\/\/www.decker.wien\/wolfgang\/namibia-2015\/tag-18-3-februar-2015\/\">Weiter zu Tag 18<\/a><\/td>\n<\/tr>\n<\/tbody>\n<\/table>\n","protected":false},"excerpt":{"rendered":"<p>Heute ist mal wieder fr\u00fch Aufstehen angesagt, um 5:30 l\u00e4utet uns der Wecker aus dem Schlaf. Wir trinken einen Tee, [&hellip;]<\/p>\n","protected":false},"author":1,"featured_media":1574,"parent":27,"menu_order":0,"comment_status":"open","ping_status":"closed","template":"","meta":{"site-sidebar-layout":"default","site-content-layout":"","ast-site-content-layout":"default","site-content-style":"default","site-sidebar-style":"default","ast-global-header-display":"","ast-banner-title-visibility":"","ast-main-header-display":"","ast-hfb-above-header-display":"","ast-hfb-below-header-display":"","ast-hfb-mobile-header-display":"","site-post-title":"","ast-breadcrumbs-content":"","ast-featured-img":"","footer-sml-layout":"","ast-disable-related-posts":"","theme-transparent-header-meta":"","adv-header-id-meta":"","stick-header-meta":"","header-above-stick-meta":"","header-main-stick-meta":"","header-below-stick-meta":"","astra-migrate-meta-layouts":"default","ast-page-background-enabled":"default","ast-page-background-meta":{"desktop":{"background-color":"var(--ast-global-color-5)","background-image":"","background-repeat":"repeat","background-position":"center center","background-size":"auto","background-attachment":"scroll","background-type":"","background-media":"","overlay-type":"","overlay-color":"","overlay-opacity":"","overlay-gradient":""},"tablet":{"background-color":"","background-image":"","background-repeat":"repeat","background-position":"center center","background-size":"auto","background-attachment":"scroll","background-type":"","background-media":"","overlay-type":"","overlay-color":"","overlay-opacity":"","overlay-gradient":""},"mobile":{"background-color":"","background-image":"","background-repeat":"repeat","background-position":"center center","background-size":"auto","background-attachment":"scroll","background-type":"","background-media":"","overlay-type":"","overlay-color":"","overlay-opacity":"","overlay-gradient":""}},"ast-content-background-meta":{"desktop":{"background-color":"var(--ast-global-color-4)","background-image":"","background-repeat":"repeat","background-position":"center center","background-size":"auto","background-attachment":"scroll","background-type":"","background-media":"","overlay-type":"","overlay-color":"","overlay-opacity":"","overlay-gradient":""},"tablet":{"background-color":"var(--ast-global-color-4)","background-image":"","background-repeat":"repeat","background-position":"center center","background-size":"auto","background-attachment":"scroll","background-type":"","background-media":"","overlay-type":"","overlay-color":"","overlay-opacity":"","overlay-gradient":""},"mobile":{"background-color":"var(--ast-global-color-4)","background-image":"","background-repeat":"repeat","background-position":"center center","background-size":"auto","background-attachment":"scroll","background-type":"","background-media":"","overlay-type":"","overlay-color":"","overlay-opacity":"","overlay-gradient":""}},"ngg_post_thumbnail":0,"footnotes":""},"class_list":["post-1556","page","type-page","status-publish","has-post-thumbnail","hentry"],"_links":{"self":[{"href":"http:\/\/www.decker.wien\/wolfgang\/wp-json\/wp\/v2\/pages\/1556","targetHints":{"allow":["GET"]}}],"collection":[{"href":"http:\/\/www.decker.wien\/wolfgang\/wp-json\/wp\/v2\/pages"}],"about":[{"href":"http:\/\/www.decker.wien\/wolfgang\/wp-json\/wp\/v2\/types\/page"}],"author":[{"embeddable":true,"href":"http:\/\/www.decker.wien\/wolfgang\/wp-json\/wp\/v2\/users\/1"}],"replies":[{"embeddable":true,"href":"http:\/\/www.decker.wien\/wolfgang\/wp-json\/wp\/v2\/comments?post=1556"}],"version-history":[{"count":11,"href":"http:\/\/www.decker.wien\/wolfgang\/wp-json\/wp\/v2\/pages\/1556\/revisions"}],"predecessor-version":[{"id":8293,"href":"http:\/\/www.decker.wien\/wolfgang\/wp-json\/wp\/v2\/pages\/1556\/revisions\/8293"}],"up":[{"embeddable":true,"href":"http:\/\/www.decker.wien\/wolfgang\/wp-json\/wp\/v2\/pages\/27"}],"wp:featuredmedia":[{"embeddable":true,"href":"http:\/\/www.decker.wien\/wolfgang\/wp-json\/wp\/v2\/media\/1574"}],"wp:attachment":[{"href":"http:\/\/www.decker.wien\/wolfgang\/wp-json\/wp\/v2\/media?parent=1556"}],"curies":[{"name":"wp","href":"https:\/\/api.w.org\/{rel}","templated":true}]}}