{"id":1783,"date":"2015-04-06T17:42:07","date_gmt":"2015-04-06T16:42:07","guid":{"rendered":"http:\/\/www.decker.wien\/wolfgang\/?page_id=1783"},"modified":"2026-03-20T11:55:44","modified_gmt":"2026-03-20T10:55:44","slug":"tag-19-4-februar-2015","status":"publish","type":"page","link":"http:\/\/www.decker.wien\/wolfgang\/namibia-2015\/tag-19-4-februar-2015\/","title":{"rendered":"Tag 19 &#8211; 4. Februar 2015"},"content":{"rendered":"<p>Heute haben wir mal einen sehr gem\u00fctlichen Tag. Ausser der Geparden-F\u00fctterung am Nachmittag haben wir nichts vor. Auch mal sch\u00f6n, Zeit zu haben, um alles wieder zu sortieren, Fotos und Videos durchzusehen, auf Festplatten zu \u00fcberspielen, etc.<\/p>\n<p><a href=\"http:\/\/www.decker.wien\/wolfgang\/wp-content\/uploads\/2015\/04\/04-02-2015-01.jpg\"><img loading=\"lazy\" decoding=\"async\" class=\"alignnone size-large wp-image-1786\" src=\"http:\/\/www.decker.wien\/wolfgang\/wp-content\/uploads\/2015\/04\/04-02-2015-01-1024x680.jpg\" alt=\"04-02-2015-01\" width=\"904\" height=\"600\" srcset=\"http:\/\/www.decker.wien\/wolfgang\/wp-content\/uploads\/2015\/04\/04-02-2015-01-1024x680.jpg 1024w, http:\/\/www.decker.wien\/wolfgang\/wp-content\/uploads\/2015\/04\/04-02-2015-01-300x199.jpg 300w, http:\/\/www.decker.wien\/wolfgang\/wp-content\/uploads\/2015\/04\/04-02-2015-01-904x600.jpg 904w, http:\/\/www.decker.wien\/wolfgang\/wp-content\/uploads\/2015\/04\/04-02-2015-01.jpg 1200w\" sizes=\"auto, (max-width: 904px) 100vw, 904px\" \/><\/a> <a href=\"http:\/\/www.decker.wien\/wolfgang\/wp-content\/uploads\/2015\/04\/04-02-2015-02.jpg\"><img loading=\"lazy\" decoding=\"async\" class=\"alignnone size-large wp-image-1787\" src=\"http:\/\/www.decker.wien\/wolfgang\/wp-content\/uploads\/2015\/04\/04-02-2015-02-1024x680.jpg\" alt=\"04-02-2015-02\" width=\"904\" height=\"600\" srcset=\"http:\/\/www.decker.wien\/wolfgang\/wp-content\/uploads\/2015\/04\/04-02-2015-02-1024x680.jpg 1024w, http:\/\/www.decker.wien\/wolfgang\/wp-content\/uploads\/2015\/04\/04-02-2015-02-300x199.jpg 300w, http:\/\/www.decker.wien\/wolfgang\/wp-content\/uploads\/2015\/04\/04-02-2015-02-904x600.jpg 904w, http:\/\/www.decker.wien\/wolfgang\/wp-content\/uploads\/2015\/04\/04-02-2015-02.jpg 1200w\" sizes=\"auto, (max-width: 904px) 100vw, 904px\" \/><\/a> <a href=\"http:\/\/www.decker.wien\/wolfgang\/wp-content\/uploads\/2015\/04\/04-02-2015-03.jpg\"><img loading=\"lazy\" decoding=\"async\" class=\"alignnone size-large wp-image-1788\" src=\"http:\/\/www.decker.wien\/wolfgang\/wp-content\/uploads\/2015\/04\/04-02-2015-03-1024x768.jpg\" alt=\"04-02-2015-03\" width=\"904\" height=\"678\" srcset=\"http:\/\/www.decker.wien\/wolfgang\/wp-content\/uploads\/2015\/04\/04-02-2015-03-1024x768.jpg 1024w, http:\/\/www.decker.wien\/wolfgang\/wp-content\/uploads\/2015\/04\/04-02-2015-03-300x225.jpg 300w, http:\/\/www.decker.wien\/wolfgang\/wp-content\/uploads\/2015\/04\/04-02-2015-03-904x678.jpg 904w, http:\/\/www.decker.wien\/wolfgang\/wp-content\/uploads\/2015\/04\/04-02-2015-03.jpg 1200w\" sizes=\"auto, (max-width: 904px) 100vw, 904px\" \/><\/a><\/p>\n<p>Wir genie\u00dfen den Pool und die Aussicht vom Turm, organisieren noch Holz f\u00fcr das abendliche Feuer und ich unterhalte mich ein wenig mit dem Besitzer, der bei den kleinen Appartement-H\u00e4uschen arbeitet. Die waren selbst drei Wochen auf Urlaub und sind erst einer Woche wieder zur\u00fcck, h\u00e4tten ausser der Campsite eigentlich noch alles geschlossen und m\u00fcssten nun einige Reparaturen durchf\u00fchren, bevor sie Anfang M\u00e4rz wieder aufsperren.&nbsp;P\u00fcnktlich um vier Uhr nachmittags holt uns der Sohn mit seinem Bakkie ab und wir fahren auf der Ladefl\u00e4che stehend und sitzend zum Farmgeb\u00e4ude.<\/p>\n<p><a href=\"http:\/\/www.decker.wien\/wolfgang\/wp-content\/uploads\/2015\/04\/04-02-2015-13.jpg\"><img loading=\"lazy\" decoding=\"async\" class=\"alignnone size-large wp-image-1792\" src=\"http:\/\/www.decker.wien\/wolfgang\/wp-content\/uploads\/2015\/04\/04-02-2015-13-1024x680.jpg\" alt=\"04-02-2015-13\" width=\"904\" height=\"600\" srcset=\"http:\/\/www.decker.wien\/wolfgang\/wp-content\/uploads\/2015\/04\/04-02-2015-13-1024x680.jpg 1024w, http:\/\/www.decker.wien\/wolfgang\/wp-content\/uploads\/2015\/04\/04-02-2015-13-300x199.jpg 300w, http:\/\/www.decker.wien\/wolfgang\/wp-content\/uploads\/2015\/04\/04-02-2015-13-904x600.jpg 904w, http:\/\/www.decker.wien\/wolfgang\/wp-content\/uploads\/2015\/04\/04-02-2015-13.jpg 1200w\" sizes=\"auto, (max-width: 904px) 100vw, 904px\" \/><\/a> <a href=\"http:\/\/www.decker.wien\/wolfgang\/wp-content\/uploads\/2015\/04\/04-02-2015-14.jpg\"><img loading=\"lazy\" decoding=\"async\" class=\"alignnone size-large wp-image-1793\" src=\"http:\/\/www.decker.wien\/wolfgang\/wp-content\/uploads\/2015\/04\/04-02-2015-14-1024x768.jpg\" alt=\"04-02-2015-14\" width=\"904\" height=\"678\" srcset=\"http:\/\/www.decker.wien\/wolfgang\/wp-content\/uploads\/2015\/04\/04-02-2015-14-1024x768.jpg 1024w, http:\/\/www.decker.wien\/wolfgang\/wp-content\/uploads\/2015\/04\/04-02-2015-14-300x225.jpg 300w, http:\/\/www.decker.wien\/wolfgang\/wp-content\/uploads\/2015\/04\/04-02-2015-14-904x678.jpg 904w, http:\/\/www.decker.wien\/wolfgang\/wp-content\/uploads\/2015\/04\/04-02-2015-14.jpg 1200w\" sizes=\"auto, (max-width: 904px) 100vw, 904px\" \/><\/a><\/p>\n<p>Dort erwarten uns schon die drei zahmen Geparden, mit denen wir schlie\u00dflich am gr\u00fcnen Gras hinter dem Haus ein wenig kuscheln d\u00fcrfen, bevor sie ihr Fressen bekommen. Ist schon sehr beeindruckend, derartig gro\u00dfe Katzen zu streicheln und sie schnurren zu h\u00f6ren. Ein wenig mehr an&nbsp;Information ohne diese dem Besitzer &#8222;aus der Nase ziehen zu m\u00fcssen&#8220; w\u00e4re nett gewesen, wenn er schon derartige Geschichten anbietet.<\/p>\n<p><a href=\"http:\/\/www.decker.wien\/wolfgang\/wp-content\/uploads\/2015\/04\/04-02-2015-05.jpg\"><img loading=\"lazy\" decoding=\"async\" class=\"alignnone size-large wp-image-1789\" src=\"http:\/\/www.decker.wien\/wolfgang\/wp-content\/uploads\/2015\/04\/04-02-2015-05-1024x680.jpg\" alt=\"04-02-2015-05\" width=\"904\" height=\"600\" srcset=\"http:\/\/www.decker.wien\/wolfgang\/wp-content\/uploads\/2015\/04\/04-02-2015-05-1024x680.jpg 1024w, http:\/\/www.decker.wien\/wolfgang\/wp-content\/uploads\/2015\/04\/04-02-2015-05-300x199.jpg 300w, http:\/\/www.decker.wien\/wolfgang\/wp-content\/uploads\/2015\/04\/04-02-2015-05-904x600.jpg 904w, http:\/\/www.decker.wien\/wolfgang\/wp-content\/uploads\/2015\/04\/04-02-2015-05.jpg 1200w\" sizes=\"auto, (max-width: 904px) 100vw, 904px\" \/><\/a> <a href=\"http:\/\/www.decker.wien\/wolfgang\/wp-content\/uploads\/2015\/04\/04-02-2015-09.jpg\"><img loading=\"lazy\" decoding=\"async\" class=\"alignnone size-large wp-image-1790\" src=\"http:\/\/www.decker.wien\/wolfgang\/wp-content\/uploads\/2015\/04\/04-02-2015-09-1024x680.jpg\" alt=\"04-02-2015-09\" width=\"904\" height=\"600\" srcset=\"http:\/\/www.decker.wien\/wolfgang\/wp-content\/uploads\/2015\/04\/04-02-2015-09-1024x680.jpg 1024w, http:\/\/www.decker.wien\/wolfgang\/wp-content\/uploads\/2015\/04\/04-02-2015-09-300x199.jpg 300w, http:\/\/www.decker.wien\/wolfgang\/wp-content\/uploads\/2015\/04\/04-02-2015-09-904x600.jpg 904w, http:\/\/www.decker.wien\/wolfgang\/wp-content\/uploads\/2015\/04\/04-02-2015-09.jpg 1200w\" sizes=\"auto, (max-width: 904px) 100vw, 904px\" \/><\/a> <a href=\"http:\/\/www.decker.wien\/wolfgang\/wp-content\/uploads\/2015\/04\/04-02-2015-10.jpg\"><img loading=\"lazy\" decoding=\"async\" class=\"alignnone size-large wp-image-1791\" src=\"http:\/\/www.decker.wien\/wolfgang\/wp-content\/uploads\/2015\/04\/04-02-2015-10-1024x768.jpg\" alt=\"04-02-2015-10\" width=\"904\" height=\"678\" srcset=\"http:\/\/www.decker.wien\/wolfgang\/wp-content\/uploads\/2015\/04\/04-02-2015-10-1024x768.jpg 1024w, http:\/\/www.decker.wien\/wolfgang\/wp-content\/uploads\/2015\/04\/04-02-2015-10-300x225.jpg 300w, http:\/\/www.decker.wien\/wolfgang\/wp-content\/uploads\/2015\/04\/04-02-2015-10-904x678.jpg 904w, http:\/\/www.decker.wien\/wolfgang\/wp-content\/uploads\/2015\/04\/04-02-2015-10.jpg 1200w\" sizes=\"auto, (max-width: 904px) 100vw, 904px\" \/><\/a><\/p>\n<p>Die anschlie\u00dfende Fahrt zum F\u00fcttern in das recht gro\u00dfe &#8222;Gehege&#8220; f\u00e4llt dann allerdings eher unter die Kategorie &#8222;l\u00e4stige Pflichtaufgabe&#8220;, zumindest vermittelt&nbsp;der Sohn, dessen Aufgabe das offenbar ist,&nbsp;das ein wenig so. Wir stehen&nbsp;wieder auf der Ladefl\u00e4che und fahren durch das Gehege, bis die f\u00fcnf wilden Geparden kommen. Der Sohn steigt&nbsp;dann aus und wirft&nbsp;anschlie\u00dfend je ein gro\u00dfes Fleischst\u00fcck in Richtung der Tiere, die sich nacheinander eines schnappen und davonlaufen. Dass Geparden erst darauf &#8222;trainiert&#8220; werden m\u00fcssen, bereits &#8222;totes&#8220; Fleisch zu essen, wurde uns schon vorher auf der Farm erkl\u00e4rt.<\/p>\n<p><a href=\"http:\/\/www.decker.wien\/wolfgang\/wp-content\/uploads\/2015\/04\/04-02-2015-18.jpg\"><img loading=\"lazy\" decoding=\"async\" class=\"alignnone size-large wp-image-1794\" src=\"http:\/\/www.decker.wien\/wolfgang\/wp-content\/uploads\/2015\/04\/04-02-2015-18-1024x680.jpg\" alt=\"04-02-2015-18\" width=\"904\" height=\"600\" srcset=\"http:\/\/www.decker.wien\/wolfgang\/wp-content\/uploads\/2015\/04\/04-02-2015-18-1024x680.jpg 1024w, http:\/\/www.decker.wien\/wolfgang\/wp-content\/uploads\/2015\/04\/04-02-2015-18-300x199.jpg 300w, http:\/\/www.decker.wien\/wolfgang\/wp-content\/uploads\/2015\/04\/04-02-2015-18-904x600.jpg 904w, http:\/\/www.decker.wien\/wolfgang\/wp-content\/uploads\/2015\/04\/04-02-2015-18.jpg 1200w\" sizes=\"auto, (max-width: 904px) 100vw, 904px\" \/><\/a> <a href=\"http:\/\/www.decker.wien\/wolfgang\/wp-content\/uploads\/2015\/04\/04-02-2015-24.jpg\"><img loading=\"lazy\" decoding=\"async\" class=\"alignnone size-large wp-image-1795\" src=\"http:\/\/www.decker.wien\/wolfgang\/wp-content\/uploads\/2015\/04\/04-02-2015-24-1024x680.jpg\" alt=\"04-02-2015-24\" width=\"904\" height=\"600\" srcset=\"http:\/\/www.decker.wien\/wolfgang\/wp-content\/uploads\/2015\/04\/04-02-2015-24-1024x680.jpg 1024w, http:\/\/www.decker.wien\/wolfgang\/wp-content\/uploads\/2015\/04\/04-02-2015-24-300x199.jpg 300w, http:\/\/www.decker.wien\/wolfgang\/wp-content\/uploads\/2015\/04\/04-02-2015-24-904x600.jpg 904w, http:\/\/www.decker.wien\/wolfgang\/wp-content\/uploads\/2015\/04\/04-02-2015-24.jpg 1200w\" sizes=\"auto, (max-width: 904px) 100vw, 904px\" \/><\/a> <a href=\"http:\/\/www.decker.wien\/wolfgang\/wp-content\/uploads\/2015\/04\/04-02-2015-28.jpg\"><img loading=\"lazy\" decoding=\"async\" class=\"alignnone size-large wp-image-1796\" src=\"http:\/\/www.decker.wien\/wolfgang\/wp-content\/uploads\/2015\/04\/04-02-2015-28-1024x680.jpg\" alt=\"04-02-2015-28\" width=\"904\" height=\"600\" srcset=\"http:\/\/www.decker.wien\/wolfgang\/wp-content\/uploads\/2015\/04\/04-02-2015-28-1024x680.jpg 1024w, http:\/\/www.decker.wien\/wolfgang\/wp-content\/uploads\/2015\/04\/04-02-2015-28-300x199.jpg 300w, http:\/\/www.decker.wien\/wolfgang\/wp-content\/uploads\/2015\/04\/04-02-2015-28-904x600.jpg 904w, http:\/\/www.decker.wien\/wolfgang\/wp-content\/uploads\/2015\/04\/04-02-2015-28.jpg 1200w\" sizes=\"auto, (max-width: 904px) 100vw, 904px\" \/><\/a><\/p>\n<p>Nachdem die f\u00fcnf M\u00e4nnchen gef\u00fcttert sind, fahren wir noch zum daneben liegenden Gehege, in dem zwei Weibchen mit ihren Jungen leben. Auch die bekommen ihre t\u00e4gliche Ration (\u00fcbrigens 2-3 Klo Fleisch pro Gepard, was eine t\u00e4glich Ration von ca. 40 Kilo Fleisch bedeutet!), bevor wir zur\u00fcck zu unserer Campsite gefahren werden.<\/p>\n<p>Fazit: Hm. F\u00e4llt ein wenig zwiesp\u00e4ltig aus. Einerseits unterst\u00fctzt man hier diese Geparden, andererseits fehlt hier ein wenig die langfristige Perspektive. Der Besitzer kann die nachgez\u00fcchteten Geparden nat\u00fcrlich nicht auswildern, da dies untersagt ist und die nachbarlichen Farmer nat\u00fcrlich nicht wirklich erfreut w\u00e4ren. Na, ja.<\/p>\n<p>Nach rund einer Stunde ist das &#8222;Spektakel&#8220; schon wieder vorbei und wir werden zur\u00fcck zur Campsite gebracht. Dort beginnen wir unsere Sachen ein wenig zu sortieren, diese Nacht wird leider schon die letzte im Dachzelt werden. Wir machen mit dem restlichen Holz noch ein ordentliches abendliches Lagerfeuer, dem ich schlie\u00dflich auch meine mittlerweile ziemlich zerst\u00f6rten Schlapfen \u00fcberantworte, bevor wir sp\u00e4tnachts ins Zelt klettern.<\/p>\n<p><a href=\"http:\/\/www.decker.wien\/wolfgang\/wp-content\/uploads\/2015\/04\/04-02-2015-34.jpg\"><img loading=\"lazy\" decoding=\"async\" class=\"alignnone size-large wp-image-1797\" src=\"http:\/\/www.decker.wien\/wolfgang\/wp-content\/uploads\/2015\/04\/04-02-2015-34-1024x680.jpg\" alt=\"04-02-2015-34\" width=\"904\" height=\"600\" srcset=\"http:\/\/www.decker.wien\/wolfgang\/wp-content\/uploads\/2015\/04\/04-02-2015-34-1024x680.jpg 1024w, http:\/\/www.decker.wien\/wolfgang\/wp-content\/uploads\/2015\/04\/04-02-2015-34-300x199.jpg 300w, http:\/\/www.decker.wien\/wolfgang\/wp-content\/uploads\/2015\/04\/04-02-2015-34-904x600.jpg 904w, http:\/\/www.decker.wien\/wolfgang\/wp-content\/uploads\/2015\/04\/04-02-2015-34.jpg 1200w\" sizes=\"auto, (max-width: 904px) 100vw, 904px\" \/><\/a> <a href=\"http:\/\/www.decker.wien\/wolfgang\/wp-content\/uploads\/2015\/04\/04-02-2015-35.jpg\"><img loading=\"lazy\" decoding=\"async\" class=\"alignnone size-large wp-image-1798\" src=\"http:\/\/www.decker.wien\/wolfgang\/wp-content\/uploads\/2015\/04\/04-02-2015-35-1024x680.jpg\" alt=\"04-02-2015-35\" width=\"904\" height=\"600\" srcset=\"http:\/\/www.decker.wien\/wolfgang\/wp-content\/uploads\/2015\/04\/04-02-2015-35-1024x680.jpg 1024w, http:\/\/www.decker.wien\/wolfgang\/wp-content\/uploads\/2015\/04\/04-02-2015-35-300x199.jpg 300w, http:\/\/www.decker.wien\/wolfgang\/wp-content\/uploads\/2015\/04\/04-02-2015-35-904x600.jpg 904w, http:\/\/www.decker.wien\/wolfgang\/wp-content\/uploads\/2015\/04\/04-02-2015-35.jpg 1200w\" sizes=\"auto, (max-width: 904px) 100vw, 904px\" \/><\/a><\/p>\nngg_shortcode_0_placeholder\n<table width=\"100%\">\n<tbody>\n<tr>\n<td width=\"50%\"><a title=\"Tag 18 \u2013 3. Februar 2015\" href=\"http:\/\/www.decker.wien\/wolfgang\/namibia-2015\/tag-18-3-februar-2015\/\">Zur\u00fcck zu Tag 18<\/a><\/td>\n<td style=\"text-align: right;\" width=\"50%\"><a title=\"Tag 20 \u2013 5. Februar 2015\" href=\"http:\/\/www.decker.wien\/wolfgang\/namibia-2015\/tag-20-5-februar-2015\/\">Weiter zu Tag 20<\/a><\/td>\n<\/tr>\n<\/tbody>\n<\/table>\n","protected":false},"excerpt":{"rendered":"<p>Heute haben wir mal einen sehr gem\u00fctlichen Tag. Ausser der Geparden-F\u00fctterung am Nachmittag haben wir nichts vor. Auch mal sch\u00f6n, [&hellip;]<\/p>\n","protected":false},"author":1,"featured_media":1796,"parent":27,"menu_order":0,"comment_status":"open","ping_status":"closed","template":"","meta":{"site-sidebar-layout":"default","site-content-layout":"","ast-site-content-layout":"default","site-content-style":"default","site-sidebar-style":"default","ast-global-header-display":"","ast-banner-title-visibility":"","ast-main-header-display":"","ast-hfb-above-header-display":"","ast-hfb-below-header-display":"","ast-hfb-mobile-header-display":"","site-post-title":"","ast-breadcrumbs-content":"","ast-featured-img":"","footer-sml-layout":"","ast-disable-related-posts":"","theme-transparent-header-meta":"","adv-header-id-meta":"","stick-header-meta":"","header-above-stick-meta":"","header-main-stick-meta":"","header-below-stick-meta":"","astra-migrate-meta-layouts":"default","ast-page-background-enabled":"default","ast-page-background-meta":{"desktop":{"background-color":"var(--ast-global-color-5)","background-image":"","background-repeat":"repeat","background-position":"center center","background-size":"auto","background-attachment":"scroll","background-type":"","background-media":"","overlay-type":"","overlay-color":"","overlay-opacity":"","overlay-gradient":""},"tablet":{"background-color":"","background-image":"","background-repeat":"repeat","background-position":"center center","background-size":"auto","background-attachment":"scroll","background-type":"","background-media":"","overlay-type":"","overlay-color":"","overlay-opacity":"","overlay-gradient":""},"mobile":{"background-color":"","background-image":"","background-repeat":"repeat","background-position":"center center","background-size":"auto","background-attachment":"scroll","background-type":"","background-media":"","overlay-type":"","overlay-color":"","overlay-opacity":"","overlay-gradient":""}},"ast-content-background-meta":{"desktop":{"background-color":"var(--ast-global-color-4)","background-image":"","background-repeat":"repeat","background-position":"center center","background-size":"auto","background-attachment":"scroll","background-type":"","background-media":"","overlay-type":"","overlay-color":"","overlay-opacity":"","overlay-gradient":""},"tablet":{"background-color":"var(--ast-global-color-4)","background-image":"","background-repeat":"repeat","background-position":"center center","background-size":"auto","background-attachment":"scroll","background-type":"","background-media":"","overlay-type":"","overlay-color":"","overlay-opacity":"","overlay-gradient":""},"mobile":{"background-color":"var(--ast-global-color-4)","background-image":"","background-repeat":"repeat","background-position":"center center","background-size":"auto","background-attachment":"scroll","background-type":"","background-media":"","overlay-type":"","overlay-color":"","overlay-opacity":"","overlay-gradient":""}},"ngg_post_thumbnail":0,"footnotes":""},"class_list":["post-1783","page","type-page","status-publish","has-post-thumbnail","hentry"],"_links":{"self":[{"href":"http:\/\/www.decker.wien\/wolfgang\/wp-json\/wp\/v2\/pages\/1783","targetHints":{"allow":["GET"]}}],"collection":[{"href":"http:\/\/www.decker.wien\/wolfgang\/wp-json\/wp\/v2\/pages"}],"about":[{"href":"http:\/\/www.decker.wien\/wolfgang\/wp-json\/wp\/v2\/types\/page"}],"author":[{"embeddable":true,"href":"http:\/\/www.decker.wien\/wolfgang\/wp-json\/wp\/v2\/users\/1"}],"replies":[{"embeddable":true,"href":"http:\/\/www.decker.wien\/wolfgang\/wp-json\/wp\/v2\/comments?post=1783"}],"version-history":[{"count":7,"href":"http:\/\/www.decker.wien\/wolfgang\/wp-json\/wp\/v2\/pages\/1783\/revisions"}],"predecessor-version":[{"id":8295,"href":"http:\/\/www.decker.wien\/wolfgang\/wp-json\/wp\/v2\/pages\/1783\/revisions\/8295"}],"up":[{"embeddable":true,"href":"http:\/\/www.decker.wien\/wolfgang\/wp-json\/wp\/v2\/pages\/27"}],"wp:featuredmedia":[{"embeddable":true,"href":"http:\/\/www.decker.wien\/wolfgang\/wp-json\/wp\/v2\/media\/1796"}],"wp:attachment":[{"href":"http:\/\/www.decker.wien\/wolfgang\/wp-json\/wp\/v2\/media?parent=1783"}],"curies":[{"name":"wp","href":"https:\/\/api.w.org\/{rel}","templated":true}]}}