{"id":1879,"date":"2015-04-06T21:34:16","date_gmt":"2015-04-06T20:34:16","guid":{"rendered":"http:\/\/www.decker.wien\/wolfgang\/?page_id=1879"},"modified":"2026-03-20T11:59:45","modified_gmt":"2026-03-20T10:59:45","slug":"tag-20-5-februar-2015","status":"publish","type":"page","link":"http:\/\/www.decker.wien\/wolfgang\/namibia-2015\/tag-20-5-februar-2015\/","title":{"rendered":"Tag 20 &#8211; 5. Februar 2015"},"content":{"rendered":"<p>Nachdem wir heute eine ziemliche Fahr-Etappe vor uns haben, stehen wir schon um 7 Uhr auf, um alles vorbereiten zu k\u00f6nnen. Doch wir haben die Rechnung ohne die Geparden gemacht, die pl\u00f6tzlich hinter dem Zaun auftauchen. Ein Weibchen mit ihren zwei Jungen kommt in das Eck und bleibt \u00fcber eine Stunde da. Wir k\u00f6nnen es nat\u00fcrlich nicht lassen, sie die ganze Zeit zu beobachten und Fotos zu machen.<\/p>\n<p><a href=\"http:\/\/www.decker.wien\/wolfgang\/wp-content\/uploads\/2015\/04\/05-02-2015-02.jpg\"><img loading=\"lazy\" decoding=\"async\" class=\"alignnone size-large wp-image-1881\" src=\"http:\/\/www.decker.wien\/wolfgang\/wp-content\/uploads\/2015\/04\/05-02-2015-02-1024x680.jpg\" alt=\"05-02-2015-02\" width=\"904\" height=\"600\" srcset=\"http:\/\/www.decker.wien\/wolfgang\/wp-content\/uploads\/2015\/04\/05-02-2015-02-1024x680.jpg 1024w, http:\/\/www.decker.wien\/wolfgang\/wp-content\/uploads\/2015\/04\/05-02-2015-02-300x199.jpg 300w, http:\/\/www.decker.wien\/wolfgang\/wp-content\/uploads\/2015\/04\/05-02-2015-02-904x600.jpg 904w, http:\/\/www.decker.wien\/wolfgang\/wp-content\/uploads\/2015\/04\/05-02-2015-02.jpg 1200w\" sizes=\"auto, (max-width: 904px) 100vw, 904px\" \/><\/a> <a href=\"http:\/\/www.decker.wien\/wolfgang\/wp-content\/uploads\/2015\/04\/05-02-2015-03.jpg\"><img loading=\"lazy\" decoding=\"async\" class=\"alignnone size-large wp-image-1882\" src=\"http:\/\/www.decker.wien\/wolfgang\/wp-content\/uploads\/2015\/04\/05-02-2015-03-1024x680.jpg\" alt=\"05-02-2015-03\" width=\"904\" height=\"600\" srcset=\"http:\/\/www.decker.wien\/wolfgang\/wp-content\/uploads\/2015\/04\/05-02-2015-03-1024x680.jpg 1024w, http:\/\/www.decker.wien\/wolfgang\/wp-content\/uploads\/2015\/04\/05-02-2015-03-300x199.jpg 300w, http:\/\/www.decker.wien\/wolfgang\/wp-content\/uploads\/2015\/04\/05-02-2015-03-904x600.jpg 904w, http:\/\/www.decker.wien\/wolfgang\/wp-content\/uploads\/2015\/04\/05-02-2015-03.jpg 1200w\" sizes=\"auto, (max-width: 904px) 100vw, 904px\" \/><\/a> <a href=\"http:\/\/www.decker.wien\/wolfgang\/wp-content\/uploads\/2015\/04\/05-02-2015-06.jpg\"><img loading=\"lazy\" decoding=\"async\" class=\"alignnone size-large wp-image-1883\" src=\"http:\/\/www.decker.wien\/wolfgang\/wp-content\/uploads\/2015\/04\/05-02-2015-06-1024x680.jpg\" alt=\"05-02-2015-06\" width=\"904\" height=\"600\" srcset=\"http:\/\/www.decker.wien\/wolfgang\/wp-content\/uploads\/2015\/04\/05-02-2015-06-1024x680.jpg 1024w, http:\/\/www.decker.wien\/wolfgang\/wp-content\/uploads\/2015\/04\/05-02-2015-06-300x199.jpg 300w, http:\/\/www.decker.wien\/wolfgang\/wp-content\/uploads\/2015\/04\/05-02-2015-06-904x600.jpg 904w, http:\/\/www.decker.wien\/wolfgang\/wp-content\/uploads\/2015\/04\/05-02-2015-06.jpg 1200w\" sizes=\"auto, (max-width: 904px) 100vw, 904px\" \/><\/a> <a href=\"http:\/\/www.decker.wien\/wolfgang\/wp-content\/uploads\/2015\/04\/05-02-2015-09.jpg\"><img loading=\"lazy\" decoding=\"async\" class=\"alignnone size-large wp-image-1884\" src=\"http:\/\/www.decker.wien\/wolfgang\/wp-content\/uploads\/2015\/04\/05-02-2015-09-1024x768.jpg\" alt=\"05-02-2015-09\" width=\"904\" height=\"678\" srcset=\"http:\/\/www.decker.wien\/wolfgang\/wp-content\/uploads\/2015\/04\/05-02-2015-09-1024x768.jpg 1024w, http:\/\/www.decker.wien\/wolfgang\/wp-content\/uploads\/2015\/04\/05-02-2015-09-300x225.jpg 300w, http:\/\/www.decker.wien\/wolfgang\/wp-content\/uploads\/2015\/04\/05-02-2015-09-904x678.jpg 904w, http:\/\/www.decker.wien\/wolfgang\/wp-content\/uploads\/2015\/04\/05-02-2015-09.jpg 1200w\" sizes=\"auto, (max-width: 904px) 100vw, 904px\" \/><\/a><\/p>\n<p>Ein wenig sp\u00e4ter als gedacht kommen wir daher von der Campsite weg und fahren noch zum Hauptgeb\u00e4ude, um zu zahlen. Dort k\u00f6nnen wir noch eine Zeit lang mit den drei Geparden verbringen, was uns zur Erkenntnis bringen l\u00e4sst, dass eine \u00dcbernachtung dort ausreicht, um die Geparden zu erleben, die Nachmittagstour kann man sich sparen. Wenn man morgens zum Zahlen kommt, bleibt Zeit genug, um die zahmen Geparden noch ein wenig zu streicheln und das Gef\u00fchl dieser gro\u00dfen Katzen zu erleben.<\/p>\n<p><a href=\"http:\/\/www.decker.wien\/wolfgang\/wp-content\/uploads\/2015\/04\/05-02-2015-12.jpg\"><img loading=\"lazy\" decoding=\"async\" class=\"alignnone size-large wp-image-1885\" src=\"http:\/\/www.decker.wien\/wolfgang\/wp-content\/uploads\/2015\/04\/05-02-2015-12-1024x680.jpg\" alt=\"05-02-2015-12\" width=\"904\" height=\"600\" srcset=\"http:\/\/www.decker.wien\/wolfgang\/wp-content\/uploads\/2015\/04\/05-02-2015-12-1024x680.jpg 1024w, http:\/\/www.decker.wien\/wolfgang\/wp-content\/uploads\/2015\/04\/05-02-2015-12-300x199.jpg 300w, http:\/\/www.decker.wien\/wolfgang\/wp-content\/uploads\/2015\/04\/05-02-2015-12-904x600.jpg 904w, http:\/\/www.decker.wien\/wolfgang\/wp-content\/uploads\/2015\/04\/05-02-2015-12.jpg 1200w\" sizes=\"auto, (max-width: 904px) 100vw, 904px\" \/><\/a> <a href=\"http:\/\/www.decker.wien\/wolfgang\/wp-content\/uploads\/2015\/04\/05-02-2015-17.jpg\"><img loading=\"lazy\" decoding=\"async\" class=\"alignnone size-large wp-image-1886\" src=\"http:\/\/www.decker.wien\/wolfgang\/wp-content\/uploads\/2015\/04\/05-02-2015-17-1024x768.jpg\" alt=\"05-02-2015-17\" width=\"904\" height=\"678\" srcset=\"http:\/\/www.decker.wien\/wolfgang\/wp-content\/uploads\/2015\/04\/05-02-2015-17-1024x768.jpg 1024w, http:\/\/www.decker.wien\/wolfgang\/wp-content\/uploads\/2015\/04\/05-02-2015-17-300x225.jpg 300w, http:\/\/www.decker.wien\/wolfgang\/wp-content\/uploads\/2015\/04\/05-02-2015-17-904x678.jpg 904w, http:\/\/www.decker.wien\/wolfgang\/wp-content\/uploads\/2015\/04\/05-02-2015-17.jpg 1200w\" sizes=\"auto, (max-width: 904px) 100vw, 904px\" \/><\/a><\/p>\n<p>Schlie\u00dflich reissen wir uns doch los und nehmen die paar hundert Kilometer nach Windhoek unter die R\u00e4der. Diese sind dank der Teerstra\u00dfe recht kommod zu bew\u00e4ltigen, wir begegnen noch ein paar Warzenschweinen, die die Stra\u00dfe queren, sind aber ansonst mit ~ 100 km\/h und dem Tempomat ohne viel Verkehr unterwegs. In Otijwarongo tanken wir nochmal, da ich mir nicht ganz sicher bin, bis nach Okahandja zu kommen, das artet dann zu einer kleinen Prozedur aus, da wir erst eine Tankstelle finden m\u00fcssen, die Kreditkarten akzeptiert. An der ist dann der gesamte Ort &#8211; so scheint es zumindest &#8211; versammelt. Alle m\u00f6glichen Angebote und ein nicht ganz durchsichtiges Prozedere, die Bezahlung mit Kreditkarte zu absolvieren, nehmen Zeit in Anspruch, schlie\u00dflich haben wir aber alles erledigt und wir k\u00f6nnen den Rest der Fahrt unter die R\u00e4der nehmen.<\/p>\n<p><a href=\"http:\/\/www.decker.wien\/wolfgang\/wp-content\/uploads\/2015\/04\/05-02-2015-18.jpg\"><img loading=\"lazy\" decoding=\"async\" class=\"alignnone size-large wp-image-1887\" src=\"http:\/\/www.decker.wien\/wolfgang\/wp-content\/uploads\/2015\/04\/05-02-2015-18-1024x680.jpg\" alt=\"05-02-2015-18\" width=\"904\" height=\"600\" srcset=\"http:\/\/www.decker.wien\/wolfgang\/wp-content\/uploads\/2015\/04\/05-02-2015-18-1024x680.jpg 1024w, http:\/\/www.decker.wien\/wolfgang\/wp-content\/uploads\/2015\/04\/05-02-2015-18-300x199.jpg 300w, http:\/\/www.decker.wien\/wolfgang\/wp-content\/uploads\/2015\/04\/05-02-2015-18-904x600.jpg 904w, http:\/\/www.decker.wien\/wolfgang\/wp-content\/uploads\/2015\/04\/05-02-2015-18.jpg 1200w\" sizes=\"auto, (max-width: 904px) 100vw, 904px\" \/><\/a><\/p>\n<p>Gegen 14 Uhr kommen wir schlie\u00dflich in Windhoek bei unserer Unterkunft, der Pension Tamboti,&nbsp;an und laden mal das ganze Auto aus. Da hat sich im Laufe der Zeit einiges angesammelt, so viel haben wir doch bei der Anreise gar nicht mitgehabt? Doch irgendwann ist das Zimmer voll und das Auto leer, die R\u00fcckgabe des Fahrzeuges erfolgt dann ziemlich unkompliziert und sehr rasch. Vielleicht wollen&nbsp;da&nbsp;auch schon alle nach Hause, aber kontrolliert wird&nbsp;da kaum mehr etwas. Hauptsache, das Auto ist noch ganz und alles ist dran, so kommt es mir zumindest vor ;-). Ich werde noch zur\u00fcck zur Pension gebracht und Abends treffen wir noch unseren Bekannten in Joes Bierhouse.<\/p>\n<p><a href=\"http:\/\/www.decker.wien\/wolfgang\/wp-content\/uploads\/2015\/04\/05-02-2015-20.jpg\"><img loading=\"lazy\" decoding=\"async\" class=\"alignnone size-large wp-image-1888\" src=\"http:\/\/www.decker.wien\/wolfgang\/wp-content\/uploads\/2015\/04\/05-02-2015-20-1024x680.jpg\" alt=\"05-02-2015-20\" width=\"904\" height=\"600\" srcset=\"http:\/\/www.decker.wien\/wolfgang\/wp-content\/uploads\/2015\/04\/05-02-2015-20-1024x680.jpg 1024w, http:\/\/www.decker.wien\/wolfgang\/wp-content\/uploads\/2015\/04\/05-02-2015-20-300x199.jpg 300w, http:\/\/www.decker.wien\/wolfgang\/wp-content\/uploads\/2015\/04\/05-02-2015-20-904x600.jpg 904w, http:\/\/www.decker.wien\/wolfgang\/wp-content\/uploads\/2015\/04\/05-02-2015-20.jpg 1200w\" sizes=\"auto, (max-width: 904px) 100vw, 904px\" \/><\/a> <a href=\"http:\/\/www.decker.wien\/wolfgang\/wp-content\/uploads\/2015\/04\/05-02-2015-21.jpg\"><img loading=\"lazy\" decoding=\"async\" class=\"alignnone size-large wp-image-1889\" src=\"http:\/\/www.decker.wien\/wolfgang\/wp-content\/uploads\/2015\/04\/05-02-2015-21-1024x768.jpg\" alt=\"05-02-2015-21\" width=\"904\" height=\"678\" srcset=\"http:\/\/www.decker.wien\/wolfgang\/wp-content\/uploads\/2015\/04\/05-02-2015-21-1024x768.jpg 1024w, http:\/\/www.decker.wien\/wolfgang\/wp-content\/uploads\/2015\/04\/05-02-2015-21-300x225.jpg 300w, http:\/\/www.decker.wien\/wolfgang\/wp-content\/uploads\/2015\/04\/05-02-2015-21-904x678.jpg 904w, http:\/\/www.decker.wien\/wolfgang\/wp-content\/uploads\/2015\/04\/05-02-2015-21.jpg 1200w\" sizes=\"auto, (max-width: 904px) 100vw, 904px\" \/><\/a><\/p>\nngg_shortcode_0_placeholder\n<table width=\"100%\">\n<tbody>\n<tr>\n<td width=\"50%\"><a title=\"Tag 19 \u2013 4. Februar 2015\" href=\"http:\/\/www.decker.wien\/wolfgang\/namibia-2015\/tag-19-4-februar-2015\/\">Zur\u00fcck zu Tag 19<\/a><\/td>\n<td style=\"text-align: right;\" width=\"50%\"><a title=\"Tag 21 \u2013 6. Februar 2015\" href=\"http:\/\/www.decker.wien\/wolfgang\/namibia-2015\/tag-21-6-februar-2015\/\">Weiter zu Tag 21<\/a><\/td>\n<\/tr>\n<\/tbody>\n<\/table>\n","protected":false},"excerpt":{"rendered":"<p>Nachdem wir heute eine ziemliche Fahr-Etappe vor uns haben, stehen wir schon um 7 Uhr auf, um alles vorbereiten zu [&hellip;]<\/p>\n","protected":false},"author":1,"featured_media":0,"parent":27,"menu_order":0,"comment_status":"open","ping_status":"closed","template":"","meta":{"site-sidebar-layout":"default","site-content-layout":"","ast-site-content-layout":"default","site-content-style":"default","site-sidebar-style":"default","ast-global-header-display":"","ast-banner-title-visibility":"","ast-main-header-display":"","ast-hfb-above-header-display":"","ast-hfb-below-header-display":"","ast-hfb-mobile-header-display":"","site-post-title":"","ast-breadcrumbs-content":"","ast-featured-img":"","footer-sml-layout":"","ast-disable-related-posts":"","theme-transparent-header-meta":"","adv-header-id-meta":"","stick-header-meta":"","header-above-stick-meta":"","header-main-stick-meta":"","header-below-stick-meta":"","astra-migrate-meta-layouts":"default","ast-page-background-enabled":"default","ast-page-background-meta":{"desktop":{"background-color":"var(--ast-global-color-5)","background-image":"","background-repeat":"repeat","background-position":"center center","background-size":"auto","background-attachment":"scroll","background-type":"","background-media":"","overlay-type":"","overlay-color":"","overlay-opacity":"","overlay-gradient":""},"tablet":{"background-color":"","background-image":"","background-repeat":"repeat","background-position":"center center","background-size":"auto","background-attachment":"scroll","background-type":"","background-media":"","overlay-type":"","overlay-color":"","overlay-opacity":"","overlay-gradient":""},"mobile":{"background-color":"","background-image":"","background-repeat":"repeat","background-position":"center center","background-size":"auto","background-attachment":"scroll","background-type":"","background-media":"","overlay-type":"","overlay-color":"","overlay-opacity":"","overlay-gradient":""}},"ast-content-background-meta":{"desktop":{"background-color":"var(--ast-global-color-4)","background-image":"","background-repeat":"repeat","background-position":"center center","background-size":"auto","background-attachment":"scroll","background-type":"","background-media":"","overlay-type":"","overlay-color":"","overlay-opacity":"","overlay-gradient":""},"tablet":{"background-color":"var(--ast-global-color-4)","background-image":"","background-repeat":"repeat","background-position":"center center","background-size":"auto","background-attachment":"scroll","background-type":"","background-media":"","overlay-type":"","overlay-color":"","overlay-opacity":"","overlay-gradient":""},"mobile":{"background-color":"var(--ast-global-color-4)","background-image":"","background-repeat":"repeat","background-position":"center center","background-size":"auto","background-attachment":"scroll","background-type":"","background-media":"","overlay-type":"","overlay-color":"","overlay-opacity":"","overlay-gradient":""}},"ngg_post_thumbnail":0,"footnotes":""},"class_list":["post-1879","page","type-page","status-publish","hentry"],"_links":{"self":[{"href":"http:\/\/www.decker.wien\/wolfgang\/wp-json\/wp\/v2\/pages\/1879","targetHints":{"allow":["GET"]}}],"collection":[{"href":"http:\/\/www.decker.wien\/wolfgang\/wp-json\/wp\/v2\/pages"}],"about":[{"href":"http:\/\/www.decker.wien\/wolfgang\/wp-json\/wp\/v2\/types\/page"}],"author":[{"embeddable":true,"href":"http:\/\/www.decker.wien\/wolfgang\/wp-json\/wp\/v2\/users\/1"}],"replies":[{"embeddable":true,"href":"http:\/\/www.decker.wien\/wolfgang\/wp-json\/wp\/v2\/comments?post=1879"}],"version-history":[{"count":4,"href":"http:\/\/www.decker.wien\/wolfgang\/wp-json\/wp\/v2\/pages\/1879\/revisions"}],"predecessor-version":[{"id":8296,"href":"http:\/\/www.decker.wien\/wolfgang\/wp-json\/wp\/v2\/pages\/1879\/revisions\/8296"}],"up":[{"embeddable":true,"href":"http:\/\/www.decker.wien\/wolfgang\/wp-json\/wp\/v2\/pages\/27"}],"wp:attachment":[{"href":"http:\/\/www.decker.wien\/wolfgang\/wp-json\/wp\/v2\/media?parent=1879"}],"curies":[{"name":"wp","href":"https:\/\/api.w.org\/{rel}","templated":true}]}}