{"id":220,"date":"2015-02-16T12:46:26","date_gmt":"2015-02-16T11:46:26","guid":{"rendered":"http:\/\/www.decker.wien\/wolfgang\/?page_id=220"},"modified":"2026-03-20T11:47:32","modified_gmt":"2026-03-20T10:47:32","slug":"tag-3-19-jaenner-2015","status":"publish","type":"page","link":"http:\/\/www.decker.wien\/wolfgang\/namibia-2015\/tag-3-19-jaenner-2015\/","title":{"rendered":"Tag 03 \u2013 19. J\u00e4nner 2015"},"content":{"rendered":"<p>Wir stehen um 4:50 auf, trinken einen Tee, packen das Zelt zusammen und sind &#8211; nach&nbsp;den ganz besonders Eifrigen &#8211; gegen 5:30 auf dem Weg Richtung Sossusvlei. Vor und hinter uns ist kein anderer, wir fahren durch das D\u00e4mmerlicht, der gerade aufgegangene Mond scheint noch eine Zeit lang. Die Fahrt ist wirklich sch\u00f6n, wir erreichen die D\u00fcne 45 noch bevor die Sonne \u00fcber die Berge kommt.<\/p>\n<p><a href=\"http:\/\/www.decker.wien\/wolfgang\/wp-content\/uploads\/2015\/02\/19-01-2015-01.jpg\"><img loading=\"lazy\" decoding=\"async\" class=\"alignnone size-large wp-image-229\" src=\"http:\/\/www.decker.wien\/wolfgang\/wp-content\/uploads\/2015\/02\/19-01-2015-01-1024x681.jpg\" alt=\"19-01-2015-01\" width=\"904\" height=\"601\" srcset=\"http:\/\/www.decker.wien\/wolfgang\/wp-content\/uploads\/2015\/02\/19-01-2015-01-1024x681.jpg 1024w, http:\/\/www.decker.wien\/wolfgang\/wp-content\/uploads\/2015\/02\/19-01-2015-01-300x200.jpg 300w, http:\/\/www.decker.wien\/wolfgang\/wp-content\/uploads\/2015\/02\/19-01-2015-01-904x601.jpg 904w, http:\/\/www.decker.wien\/wolfgang\/wp-content\/uploads\/2015\/02\/19-01-2015-01.jpg 1200w\" sizes=\"auto, (max-width: 904px) 100vw, 904px\" \/><\/a><\/p>\n<p>Es ist noch ziemlich frisch, wir gehen ein paar Schritte die D\u00fcne hinauf, ganz geht es sich ohnehin nicht mehr aus und oben sind auch jede Menge Leute.<\/p>\n<p><a href=\"http:\/\/www.decker.wien\/wolfgang\/wp-content\/uploads\/2015\/02\/19-01-2015-05.jpg\"><img loading=\"lazy\" decoding=\"async\" class=\"alignnone size-large wp-image-230\" src=\"http:\/\/www.decker.wien\/wolfgang\/wp-content\/uploads\/2015\/02\/19-01-2015-05-1024x680.jpg\" alt=\"19-01-2015-05\" width=\"904\" height=\"600\" srcset=\"http:\/\/www.decker.wien\/wolfgang\/wp-content\/uploads\/2015\/02\/19-01-2015-05-1024x680.jpg 1024w, http:\/\/www.decker.wien\/wolfgang\/wp-content\/uploads\/2015\/02\/19-01-2015-05-300x199.jpg 300w, http:\/\/www.decker.wien\/wolfgang\/wp-content\/uploads\/2015\/02\/19-01-2015-05-904x600.jpg 904w, http:\/\/www.decker.wien\/wolfgang\/wp-content\/uploads\/2015\/02\/19-01-2015-05.jpg 1200w\" sizes=\"auto, (max-width: 904px) 100vw, 904px\" \/><\/a><\/p>\n<p>Unten am Parkplatz steht ein Overlander-Bus und einige Autos, allerdings ausser uns keine Menschen. Wir fotographieren, genie\u00dfen den Sonnenaufgang und die einsetzende W\u00e4rme und machen uns dann gem\u00fctlich auf den weiteren Weg nach Sossusvlei.<\/p>\n<p><a href=\"http:\/\/www.decker.wien\/wolfgang\/wp-content\/uploads\/2015\/02\/19-01-2015-07.jpg\"><img loading=\"lazy\" decoding=\"async\" class=\"alignnone size-large wp-image-232\" src=\"http:\/\/www.decker.wien\/wolfgang\/wp-content\/uploads\/2015\/02\/19-01-2015-07-1024x680.jpg\" alt=\"19-01-2015-07\" width=\"904\" height=\"600\" srcset=\"http:\/\/www.decker.wien\/wolfgang\/wp-content\/uploads\/2015\/02\/19-01-2015-07-1024x680.jpg 1024w, http:\/\/www.decker.wien\/wolfgang\/wp-content\/uploads\/2015\/02\/19-01-2015-07-300x199.jpg 300w, http:\/\/www.decker.wien\/wolfgang\/wp-content\/uploads\/2015\/02\/19-01-2015-07-904x600.jpg 904w, http:\/\/www.decker.wien\/wolfgang\/wp-content\/uploads\/2015\/02\/19-01-2015-07.jpg 1200w\" sizes=\"auto, (max-width: 904px) 100vw, 904px\" \/><\/a> <a href=\"http:\/\/www.decker.wien\/wolfgang\/wp-content\/uploads\/2015\/02\/19-01-2015-04.jpg\"><img loading=\"lazy\" decoding=\"async\" class=\"alignnone size-large wp-image-231\" src=\"http:\/\/www.decker.wien\/wolfgang\/wp-content\/uploads\/2015\/02\/19-01-2015-04-1024x680.jpg\" alt=\"19-01-2015-04\" width=\"904\" height=\"600\" srcset=\"http:\/\/www.decker.wien\/wolfgang\/wp-content\/uploads\/2015\/02\/19-01-2015-04-1024x680.jpg 1024w, http:\/\/www.decker.wien\/wolfgang\/wp-content\/uploads\/2015\/02\/19-01-2015-04-300x199.jpg 300w, http:\/\/www.decker.wien\/wolfgang\/wp-content\/uploads\/2015\/02\/19-01-2015-04-904x600.jpg 904w, http:\/\/www.decker.wien\/wolfgang\/wp-content\/uploads\/2015\/02\/19-01-2015-04.jpg 1200w\" sizes=\"auto, (max-width: 904px) 100vw, 904px\" \/><\/a><\/p>\n<p>Beim&nbsp;gro\u00dfen Parkplatz \u00fcberlege ich noch, ob ich die Luft wirklich rauslassen soll, da das wieder Aufpumpen mit dem Kompressor ein wenig m\u00fchsam ist. W\u00e4hrend ich so \u00fcberlege, bleibt ein Fahrer eines Tour-Fahrzeugs stehen und fragt, ob ich eh die Luft auslasse ;-). Na gut, dann lassen wir die Luft auf 1,5 Bar raus, der weitere Weg durch den Sand ist damit&nbsp;problemlos m\u00f6glich.<\/p>\n<p><a href=\"http:\/\/www.decker.wien\/wolfgang\/wp-content\/uploads\/2015\/02\/19-01-2015-12.jpg\"><img loading=\"lazy\" decoding=\"async\" class=\"alignnone size-large wp-image-233\" src=\"http:\/\/www.decker.wien\/wolfgang\/wp-content\/uploads\/2015\/02\/19-01-2015-12-1024x680.jpg\" alt=\"19-01-2015-12\" width=\"904\" height=\"600\" srcset=\"http:\/\/www.decker.wien\/wolfgang\/wp-content\/uploads\/2015\/02\/19-01-2015-12-1024x680.jpg 1024w, http:\/\/www.decker.wien\/wolfgang\/wp-content\/uploads\/2015\/02\/19-01-2015-12-300x199.jpg 300w, http:\/\/www.decker.wien\/wolfgang\/wp-content\/uploads\/2015\/02\/19-01-2015-12-904x600.jpg 904w, http:\/\/www.decker.wien\/wolfgang\/wp-content\/uploads\/2015\/02\/19-01-2015-12.jpg 1200w\" sizes=\"auto, (max-width: 904px) 100vw, 904px\" \/><\/a><\/p>\n<p>&nbsp;<\/p>\n<p>Sossusvlei erreichen wir gegen 7:30 und beschlie\u00dfen erst einmal gem\u00fctlich zu fr\u00fchst\u00fccken. Wenn wir schon unser ganzes &#8222;Heim&#8220; mitschleppen, dann k\u00f6nnen wir ja auch essen, wo wir wollen ;-). Wir parken das Auto unter einem Baum, n\u00fctzen die angebotenen Tische und Sitzgelegenheiten und streiten mit den dutzenden Spatzen und M\u00e4usen um unser Brot. Doch noch mehr als Kr\u00fcmel stehen die kleinen V\u00f6gel offenbar auf Wasser, das wir ihnen in einem Topf hinstellen&#8230;<\/p>\n<p><a href=\"http:\/\/www.decker.wien\/wolfgang\/wp-content\/uploads\/2015\/02\/19-01-2015-14.jpg\"><img loading=\"lazy\" decoding=\"async\" class=\"alignnone size-large wp-image-234\" src=\"http:\/\/www.decker.wien\/wolfgang\/wp-content\/uploads\/2015\/02\/19-01-2015-14-1024x768.jpg\" alt=\"19-01-2015-14\" width=\"904\" height=\"678\" srcset=\"http:\/\/www.decker.wien\/wolfgang\/wp-content\/uploads\/2015\/02\/19-01-2015-14-1024x768.jpg 1024w, http:\/\/www.decker.wien\/wolfgang\/wp-content\/uploads\/2015\/02\/19-01-2015-14-300x225.jpg 300w, http:\/\/www.decker.wien\/wolfgang\/wp-content\/uploads\/2015\/02\/19-01-2015-14-904x678.jpg 904w, http:\/\/www.decker.wien\/wolfgang\/wp-content\/uploads\/2015\/02\/19-01-2015-14.jpg 1200w\" sizes=\"auto, (max-width: 904px) 100vw, 904px\" \/><\/a><\/p>\n<p>Wir haben den gesamten Platz mehr oder weniger f\u00fcr uns alleine, nur ab und zu kommt ein Auto vorbei, dreht eine Runde und f\u00e4hrt wieder weg. Herrlich, diese Stille. Wir genie\u00dfen rund zwei Stunden Ruhe, machen uns schlie\u00dflich gegen halb zehn auf den Weg zur kleinen&nbsp;D\u00fcne und erklimmen sie auch. Immer wieder \u00e4ndern sich die Ausblicke auf das Vlei und die gegen\u00fcberliegenden D\u00fcnen.<\/p>\n<p><a href=\"http:\/\/www.decker.wien\/wolfgang\/wp-content\/uploads\/2015\/02\/19-01-2015-22.jpg\"><img loading=\"lazy\" decoding=\"async\" class=\"alignnone size-large wp-image-235\" src=\"http:\/\/www.decker.wien\/wolfgang\/wp-content\/uploads\/2015\/02\/19-01-2015-22-1024x680.jpg\" alt=\"19-01-2015-22\" width=\"904\" height=\"600\" srcset=\"http:\/\/www.decker.wien\/wolfgang\/wp-content\/uploads\/2015\/02\/19-01-2015-22-1024x680.jpg 1024w, http:\/\/www.decker.wien\/wolfgang\/wp-content\/uploads\/2015\/02\/19-01-2015-22-300x199.jpg 300w, http:\/\/www.decker.wien\/wolfgang\/wp-content\/uploads\/2015\/02\/19-01-2015-22-904x600.jpg 904w, http:\/\/www.decker.wien\/wolfgang\/wp-content\/uploads\/2015\/02\/19-01-2015-22.jpg 1200w\" sizes=\"auto, (max-width: 904px) 100vw, 904px\" \/><\/a> <a href=\"http:\/\/www.decker.wien\/wolfgang\/wp-content\/uploads\/2015\/02\/19-01-2015-27.jpg\"><img loading=\"lazy\" decoding=\"async\" class=\"alignnone size-large wp-image-236\" src=\"http:\/\/www.decker.wien\/wolfgang\/wp-content\/uploads\/2015\/02\/19-01-2015-27-1024x680.jpg\" alt=\"19-01-2015-27\" width=\"904\" height=\"600\" srcset=\"http:\/\/www.decker.wien\/wolfgang\/wp-content\/uploads\/2015\/02\/19-01-2015-27-1024x680.jpg 1024w, http:\/\/www.decker.wien\/wolfgang\/wp-content\/uploads\/2015\/02\/19-01-2015-27-300x199.jpg 300w, http:\/\/www.decker.wien\/wolfgang\/wp-content\/uploads\/2015\/02\/19-01-2015-27-904x600.jpg 904w, http:\/\/www.decker.wien\/wolfgang\/wp-content\/uploads\/2015\/02\/19-01-2015-27.jpg 1200w\" sizes=\"auto, (max-width: 904px) 100vw, 904px\" \/><\/a><\/p>\n<p>On Top sieht man sogar bis ins Dead Vlei hin\u00fcber. Nach dem Abstieg gehen wir \u00fcber die weisse harte Kruste Richtung Parkplatz und teilen uns das Gebiet nur mit einem Strauss. Der taucht danach nochmal auf, als wir schon beim Auto sind. Ich schaffe es noch, mit dem Tele ein paar Fotos zu machen, entdecke noch ein paar Oryx, malerisch oben auf den D\u00fcnen.<\/p>\n<p>Wir sitzen dann noch eine Weile im Schatten, ich \u00fcberspiele die Fotos schon mal auf den Laptop, und schauen sie kurz durch. Gem\u00fctlich packen wir dann zusammen und machen uns auf den R\u00fcckweg, wo ich noch ins Dead Vlei m\u00f6chte. Nicole beschlie\u00dft, diese Wanderung nicht mitzumachen und bleibt im Schatten beim Auto zur\u00fcck. Der Weg ist nicht sonderlich anstrengend, ich brauche rund 20 Minuten in dr\u00fcckender Hitze bei glei\u00dfendem Sonnenschein. Wasser hab&#8216; ich nat\u00fcrlich mitgenommen, ab und zu rinnt der heisse Sand in meine Sandalen, alles in allem ist es&nbsp;aber ertr\u00e4glich.&nbsp;Vor allem, wenn man danach mit einem menschenleeren Dead Vlei belohnt wird. Unglaublich, diese Farben, diese Ausblicke, diese Fotomotive. Ich wandere durch das Vlei, fotographiere hier diesen Baum, dort den anderen, einmal in die Ferne, einmal ganz nahe. Verbringe rund 40 Minuten dort, setze mich in den Sand, trinke ein wenig und genie\u00dfe die Stille und die Eindr\u00fccke dort, bevor ich mich auf den R\u00fcckweg mache.<\/p>\n<p><a href=\"http:\/\/www.decker.wien\/wolfgang\/wp-content\/uploads\/2015\/02\/19-01-2015-52.jpg\"><img loading=\"lazy\" decoding=\"async\" class=\"alignnone size-large wp-image-241\" src=\"http:\/\/www.decker.wien\/wolfgang\/wp-content\/uploads\/2015\/02\/19-01-2015-52-1024x680.jpg\" alt=\"19-01-2015-52\" width=\"904\" height=\"600\" srcset=\"http:\/\/www.decker.wien\/wolfgang\/wp-content\/uploads\/2015\/02\/19-01-2015-52-1024x680.jpg 1024w, http:\/\/www.decker.wien\/wolfgang\/wp-content\/uploads\/2015\/02\/19-01-2015-52-300x199.jpg 300w, http:\/\/www.decker.wien\/wolfgang\/wp-content\/uploads\/2015\/02\/19-01-2015-52-904x600.jpg 904w, http:\/\/www.decker.wien\/wolfgang\/wp-content\/uploads\/2015\/02\/19-01-2015-52.jpg 1200w\" sizes=\"auto, (max-width: 904px) 100vw, 904px\" \/><\/a> <a href=\"http:\/\/www.decker.wien\/wolfgang\/wp-content\/uploads\/2015\/02\/19-01-2015-50.jpg\"><img loading=\"lazy\" decoding=\"async\" class=\"alignnone size-large wp-image-240\" src=\"http:\/\/www.decker.wien\/wolfgang\/wp-content\/uploads\/2015\/02\/19-01-2015-50-1024x680.jpg\" alt=\"19-01-2015-50\" width=\"904\" height=\"600\" srcset=\"http:\/\/www.decker.wien\/wolfgang\/wp-content\/uploads\/2015\/02\/19-01-2015-50-1024x680.jpg 1024w, http:\/\/www.decker.wien\/wolfgang\/wp-content\/uploads\/2015\/02\/19-01-2015-50-300x199.jpg 300w, http:\/\/www.decker.wien\/wolfgang\/wp-content\/uploads\/2015\/02\/19-01-2015-50-904x600.jpg 904w, http:\/\/www.decker.wien\/wolfgang\/wp-content\/uploads\/2015\/02\/19-01-2015-50.jpg 1200w\" sizes=\"auto, (max-width: 904px) 100vw, 904px\" \/><\/a> <a href=\"http:\/\/www.decker.wien\/wolfgang\/wp-content\/uploads\/2015\/02\/19-01-2015-49.jpg\"><img loading=\"lazy\" decoding=\"async\" class=\"alignnone size-large wp-image-239\" src=\"http:\/\/www.decker.wien\/wolfgang\/wp-content\/uploads\/2015\/02\/19-01-2015-49-1024x680.jpg\" alt=\"19-01-2015-49\" width=\"904\" height=\"600\" srcset=\"http:\/\/www.decker.wien\/wolfgang\/wp-content\/uploads\/2015\/02\/19-01-2015-49-1024x680.jpg 1024w, http:\/\/www.decker.wien\/wolfgang\/wp-content\/uploads\/2015\/02\/19-01-2015-49-300x199.jpg 300w, http:\/\/www.decker.wien\/wolfgang\/wp-content\/uploads\/2015\/02\/19-01-2015-49-904x600.jpg 904w, http:\/\/www.decker.wien\/wolfgang\/wp-content\/uploads\/2015\/02\/19-01-2015-49.jpg 1200w\" sizes=\"auto, (max-width: 904px) 100vw, 904px\" \/><\/a> <a href=\"http:\/\/www.decker.wien\/wolfgang\/wp-content\/uploads\/2015\/02\/19-01-2015-46.jpg\"><img loading=\"lazy\" decoding=\"async\" class=\"alignnone size-large wp-image-238\" src=\"http:\/\/www.decker.wien\/wolfgang\/wp-content\/uploads\/2015\/02\/19-01-2015-46-1024x680.jpg\" alt=\"19-01-2015-46\" width=\"904\" height=\"600\" srcset=\"http:\/\/www.decker.wien\/wolfgang\/wp-content\/uploads\/2015\/02\/19-01-2015-46-1024x680.jpg 1024w, http:\/\/www.decker.wien\/wolfgang\/wp-content\/uploads\/2015\/02\/19-01-2015-46-300x199.jpg 300w, http:\/\/www.decker.wien\/wolfgang\/wp-content\/uploads\/2015\/02\/19-01-2015-46-904x600.jpg 904w, http:\/\/www.decker.wien\/wolfgang\/wp-content\/uploads\/2015\/02\/19-01-2015-46.jpg 1200w\" sizes=\"auto, (max-width: 904px) 100vw, 904px\" \/><\/a> <a href=\"http:\/\/www.decker.wien\/wolfgang\/wp-content\/uploads\/2015\/02\/19-01-2015-45.jpg\"><img loading=\"lazy\" decoding=\"async\" class=\"alignnone size-large wp-image-237\" src=\"http:\/\/www.decker.wien\/wolfgang\/wp-content\/uploads\/2015\/02\/19-01-2015-45-1024x680.jpg\" alt=\"19-01-2015-45\" width=\"904\" height=\"600\" srcset=\"http:\/\/www.decker.wien\/wolfgang\/wp-content\/uploads\/2015\/02\/19-01-2015-45-1024x680.jpg 1024w, http:\/\/www.decker.wien\/wolfgang\/wp-content\/uploads\/2015\/02\/19-01-2015-45-300x199.jpg 300w, http:\/\/www.decker.wien\/wolfgang\/wp-content\/uploads\/2015\/02\/19-01-2015-45-904x600.jpg 904w, http:\/\/www.decker.wien\/wolfgang\/wp-content\/uploads\/2015\/02\/19-01-2015-45.jpg 1200w\" sizes=\"auto, (max-width: 904px) 100vw, 904px\" \/><\/a><\/p>\n<p>Sie hat in der Zwischenzeit unter dem Baum am Parkplatz Bekanntschaft mit einem Strauss gemacht und ein wenig gelesen (und nat\u00fcrlich immer wieder nach mir Ausschau gehalten ;-)). Wir fahren anschlie\u00dfend bis zum Parkplatz der Teerstra\u00dfe zur\u00fcck, wo wir uns noch einen Tomaten-Thunfischsalat machen, ebenfalls wieder in vollkommener Einsamkeit. Es stehen zwar zwei Shuttle-Fahrzeuge dort, von den Fahrern ist aber weit und breit nichts zu sehen. Anschlie\u00dfend pumpen wir die Reifen wieder auf und fahren gem\u00fctlich &#8211; mit Sichtungen einiger Oryx und Strausse &#8211; zur Campsite zur\u00fcck, wo wir noch ein wenig in der Bar sitzen. WLAN gibt es leider nicht, so machen wir kurz einen Hotspot auf und erledigen ein wenig Korrespondenz, bevor wir zu unserem Platz zur\u00fcckfahren und Abendessen machen.<\/p>\nngg_shortcode_0_placeholder\n<table width=\"100%\">\n<tbody>\n<tr>\n<td width=\"50%\"><a title=\"Tag 2 \u2013 18. J\u00e4nner 2015\" href=\"http:\/\/www.decker.wien\/wolfgang\/namibia-2015\/tag-2-18-jaenner-2015\/\">Zur\u00fcck zu Tag 2<\/a><\/td>\n<td style=\"text-align: right;\" width=\"50%\"><a title=\"Tag 4 \u2013 20. J\u00e4nner 2015\" href=\"http:\/\/www.decker.wien\/wolfgang\/namibia-2015\/tag-4-20-jaenner-2015\/\">Weiter zu Tag 4&nbsp;<\/a><\/td>\n<\/tr>\n<\/tbody>\n<\/table>\n","protected":false},"excerpt":{"rendered":"<p>Wir stehen um 4:50 auf, trinken einen Tee, packen das Zelt zusammen und sind &#8211; nach&nbsp;den ganz besonders Eifrigen &#8211; [&hellip;]<\/p>\n","protected":false},"author":1,"featured_media":232,"parent":27,"menu_order":0,"comment_status":"open","ping_status":"closed","template":"","meta":{"site-sidebar-layout":"default","site-content-layout":"","ast-site-content-layout":"default","site-content-style":"default","site-sidebar-style":"default","ast-global-header-display":"","ast-banner-title-visibility":"","ast-main-header-display":"","ast-hfb-above-header-display":"","ast-hfb-below-header-display":"","ast-hfb-mobile-header-display":"","site-post-title":"","ast-breadcrumbs-content":"","ast-featured-img":"","footer-sml-layout":"","ast-disable-related-posts":"","theme-transparent-header-meta":"","adv-header-id-meta":"","stick-header-meta":"","header-above-stick-meta":"","header-main-stick-meta":"","header-below-stick-meta":"","astra-migrate-meta-layouts":"default","ast-page-background-enabled":"default","ast-page-background-meta":{"desktop":{"background-color":"var(--ast-global-color-5)","background-image":"","background-repeat":"repeat","background-position":"center center","background-size":"auto","background-attachment":"scroll","background-type":"","background-media":"","overlay-type":"","overlay-color":"","overlay-opacity":"","overlay-gradient":""},"tablet":{"background-color":"","background-image":"","background-repeat":"repeat","background-position":"center center","background-size":"auto","background-attachment":"scroll","background-type":"","background-media":"","overlay-type":"","overlay-color":"","overlay-opacity":"","overlay-gradient":""},"mobile":{"background-color":"","background-image":"","background-repeat":"repeat","background-position":"center center","background-size":"auto","background-attachment":"scroll","background-type":"","background-media":"","overlay-type":"","overlay-color":"","overlay-opacity":"","overlay-gradient":""}},"ast-content-background-meta":{"desktop":{"background-color":"var(--ast-global-color-4)","background-image":"","background-repeat":"repeat","background-position":"center center","background-size":"auto","background-attachment":"scroll","background-type":"","background-media":"","overlay-type":"","overlay-color":"","overlay-opacity":"","overlay-gradient":""},"tablet":{"background-color":"var(--ast-global-color-4)","background-image":"","background-repeat":"repeat","background-position":"center center","background-size":"auto","background-attachment":"scroll","background-type":"","background-media":"","overlay-type":"","overlay-color":"","overlay-opacity":"","overlay-gradient":""},"mobile":{"background-color":"var(--ast-global-color-4)","background-image":"","background-repeat":"repeat","background-position":"center center","background-size":"auto","background-attachment":"scroll","background-type":"","background-media":"","overlay-type":"","overlay-color":"","overlay-opacity":"","overlay-gradient":""}},"ngg_post_thumbnail":0,"footnotes":""},"class_list":["post-220","page","type-page","status-publish","has-post-thumbnail","hentry"],"_links":{"self":[{"href":"http:\/\/www.decker.wien\/wolfgang\/wp-json\/wp\/v2\/pages\/220","targetHints":{"allow":["GET"]}}],"collection":[{"href":"http:\/\/www.decker.wien\/wolfgang\/wp-json\/wp\/v2\/pages"}],"about":[{"href":"http:\/\/www.decker.wien\/wolfgang\/wp-json\/wp\/v2\/types\/page"}],"author":[{"embeddable":true,"href":"http:\/\/www.decker.wien\/wolfgang\/wp-json\/wp\/v2\/users\/1"}],"replies":[{"embeddable":true,"href":"http:\/\/www.decker.wien\/wolfgang\/wp-json\/wp\/v2\/comments?post=220"}],"version-history":[{"count":12,"href":"http:\/\/www.decker.wien\/wolfgang\/wp-json\/wp\/v2\/pages\/220\/revisions"}],"predecessor-version":[{"id":8279,"href":"http:\/\/www.decker.wien\/wolfgang\/wp-json\/wp\/v2\/pages\/220\/revisions\/8279"}],"up":[{"embeddable":true,"href":"http:\/\/www.decker.wien\/wolfgang\/wp-json\/wp\/v2\/pages\/27"}],"wp:featuredmedia":[{"embeddable":true,"href":"http:\/\/www.decker.wien\/wolfgang\/wp-json\/wp\/v2\/media\/232"}],"wp:attachment":[{"href":"http:\/\/www.decker.wien\/wolfgang\/wp-json\/wp\/v2\/media?parent=220"}],"curies":[{"name":"wp","href":"https:\/\/api.w.org\/{rel}","templated":true}]}}