{"id":33,"date":"2015-02-11T09:53:20","date_gmt":"2015-02-11T09:53:20","guid":{"rendered":"http:\/\/www.decker.wien\/wolfgang\/?page_id=33"},"modified":"2026-03-20T11:45:34","modified_gmt":"2026-03-20T10:45:34","slug":"tag-2-18-jaenner-2015","status":"publish","type":"page","link":"http:\/\/www.decker.wien\/wolfgang\/namibia-2015\/tag-2-18-jaenner-2015\/","title":{"rendered":"Tag 02 &#8211; 18. J\u00e4nner 2015"},"content":{"rendered":"<p>Um 7:00 l\u00e4utet mein Handy uns aus dem nicht durchg\u00e4ngigen Schlaf und wir schauen das erste Mal am Boden in das afrikanische Morgenrot.&nbsp;Es riecht schon verd\u00e4chtig nach gemachtem Feuer, da k\u00f6nnen wir uns auf eine warme Dusche freuen. Und tats\u00e4chlich, beim Badeh\u00e4uschen steigt unverkennbar blauer Rauch auf. Wir machen uns einen Tee, trinken Orangensaft und gehen dann Duschen. Die Sachen haben wir ja gestern schon halbwegs sortiert, das Zelt ist dann auch recht rasch zusammengelegt und eingepackt, so kommen wir p\u00fcnktlich um 9 Uhr zum Treffpunkt f\u00fcr das 4&#215;4 Training.<\/p>\n<p><a href=\"http:\/\/www.decker.wien\/wolfgang\/wp-content\/uploads\/2015\/02\/18-01-2015-01.jpg\"><img loading=\"lazy\" decoding=\"async\" class=\"alignnone size-large wp-image-176\" src=\"http:\/\/www.decker.wien\/wolfgang\/wp-content\/uploads\/2015\/02\/18-01-2015-01-1024x680.jpg\" alt=\"18-01-2015-01\" width=\"904\" height=\"600\" srcset=\"http:\/\/www.decker.wien\/wolfgang\/wp-content\/uploads\/2015\/02\/18-01-2015-01-1024x680.jpg 1024w, http:\/\/www.decker.wien\/wolfgang\/wp-content\/uploads\/2015\/02\/18-01-2015-01-300x199.jpg 300w, http:\/\/www.decker.wien\/wolfgang\/wp-content\/uploads\/2015\/02\/18-01-2015-01-904x600.jpg 904w, http:\/\/www.decker.wien\/wolfgang\/wp-content\/uploads\/2015\/02\/18-01-2015-01.jpg 1200w\" sizes=\"auto, (max-width: 904px) 100vw, 904px\" \/><\/a><\/p>\n<p>Es beginnt mit einer Stunde grober Theorie, Wagenkunde. Einige Grunds\u00e4tze im Gel\u00e4nde: &#8222;so langsam wie m\u00f6glich, so schnell wie n\u00f6tig&#8220;, &#8222;Fenster zu, erstens weil sonst Ge\u00e4st hineinschlagen k\u00f6nnte und zweitens weil man sich im Fall des (seitw\u00e4rts) Falles automatisch seitlich abst\u00fctzt&#8220;, etc. Nichts wirklich Neues f\u00fcr mich, Nicole schnappt aber einige Begriffe auf, die sie nachher noch brauchen wird. Generell war die Entscheidung, dieses 4&#215;4 Training zu buchen nachtr\u00e4glich betrachtet eine sehr gute Entscheidung. Erstens haben wir 5% Rabatt auf den kompletten Mietpreis erhalten, wodurch sich das Training praktisch von selbst bezahlt hat, zweitens konnten wir unter gesicherten Bedingungen alle m\u00f6glichen Dinge ausprobieren (inklusive Schr\u00e4gfahrten und Fluss-Sandbette), drittens haben wir (und vor allem Nicole) gesehen, was da alles m\u00f6glich ist und viertens ist auch Nicole mit dem Auto die \u00dcbungen und im Sandbett gefahren, um ein Gef\u00fchl f\u00fcr das Auto zu bekommen, falls mit mir irgendwas sein sollte&#8230;<\/p>\n<p>Nach der Stunde geht&#8217;s raus in ein Trainingsgel\u00e4nde auf seinem weitl\u00e4ufigen Grundst\u00fcck, noch auf der Farm testen wir einmal den Gebrauch des High-Lift-Jack, inklusive m\u00f6glicher Gefahrenherde. Ein super Ger\u00e4t muss ich schon sagen, mit ein wenig Hirn und Vorsicht ben\u00fctzt, schl\u00e4gt es die beiden mit dem Auto mitgelieferten Wagenheberchen (besser kann man diese winzigen Dingerchen kaum nennen) um L\u00e4ngen. Ich w\u00fcsste nicht, wie man mit diesen so ein Auto sinnvoll heben h\u00e4tte k\u00f6nnen. Ich werd&#8216; jedenfalls nicht mehr ohne fahren.<\/p>\n<p>Auf dem Trainingsgel\u00e4nde wird dann gleich zu Beginn eine Schr\u00e4gfahrt simuliert. In manchen Fahrzeugen hat man ja ein Instrument, das&nbsp;die Schr\u00e4ge anzeigt, so ab 40\u00b0 wird&#8217;s langsam gef\u00e4hrlich, je nach dem, wo der Schwerpunkt des Autos liegt. Mit unserem Dachzelt, dem 60 Liter Wassertank&nbsp;auf der Ladefl\u00e4che und dem hinten angebrachten Reserverad ist der Schwerpunkt ein wenig erh\u00f6ht, allerdings auch wieder ein bisschen kompensiert durch den&nbsp;am Fahrzeugboden angebrachten Zusatztank und das sehr tief liegende zweite Reserverad.<\/p>\n<p><iframe loading=\"lazy\" src=\"https:\/\/www.youtube.com\/embed\/Qc2lzJcEEZU?rel=0\" width=\"420\" height=\"315\" frameborder=\"0\" allowfullscreen=\"allowfullscreen\"><\/iframe><\/p>\n<p>Wir fahren jedenfalls zu zweit auf einem aufgesch\u00fctteten Halbkreis Schr\u00e4glagen, die dem oben sitzenden schon die Schweissperlen auf die Stirn steigen lassen. &#8222;Geht gut, weiterfahren, langsam&#8220; t\u00f6nt es aus dem Funkger\u00e4t vom draussen stehenden Uwe, dem Instruktor. Auch Nicole setzt sich dann hinters Steuer und f\u00e4hrt die Schr\u00e4glagen, bei denen Sie vorher als Beifahrerin noch gezittert hat. Weitere \u00dcbungen sind &#8222;\u00dcberfahren eines H\u00fcgels&#8220;, Queren von tiefen L\u00e4ngsgruben, Fahren auf versetzten H\u00fcgeln und T\u00e4lern mit&nbsp;Verschr\u00e4nkungen,&nbsp;etc. Wir wechseln uns am Steuer ab und bekommen ein immer besseres Gef\u00fchl f\u00fcr das Fahrzeug.<\/p>\n<p><iframe loading=\"lazy\" src=\"https:\/\/www.youtube.com\/embed\/cbEtiPVSqkM?rel=0\" width=\"420\" height=\"315\" frameborder=\"0\" allowfullscreen=\"allowfullscreen\"><\/iframe><br \/>\n<iframe loading=\"lazy\" src=\"https:\/\/www.youtube.com\/embed\/KpLCHUnwIOU?rel=0\" width=\"420\" height=\"315\" frameborder=\"0\" allowfullscreen=\"allowfullscreen\"><\/iframe><\/p>\n<p><a href=\"http:\/\/www.decker.wien\/wolfgang\/wp-content\/uploads\/2015\/02\/18-01-2015-03.jpg\"><img loading=\"lazy\" decoding=\"async\" class=\"alignnone size-large wp-image-178\" src=\"http:\/\/www.decker.wien\/wolfgang\/wp-content\/uploads\/2015\/02\/18-01-2015-03-1024x683.jpg\" alt=\"18-01-2015-03\" width=\"904\" height=\"603\" srcset=\"http:\/\/www.decker.wien\/wolfgang\/wp-content\/uploads\/2015\/02\/18-01-2015-03-1024x683.jpg 1024w, http:\/\/www.decker.wien\/wolfgang\/wp-content\/uploads\/2015\/02\/18-01-2015-03-300x200.jpg 300w, http:\/\/www.decker.wien\/wolfgang\/wp-content\/uploads\/2015\/02\/18-01-2015-03-904x603.jpg 904w, http:\/\/www.decker.wien\/wolfgang\/wp-content\/uploads\/2015\/02\/18-01-2015-03.jpg 1200w\" sizes=\"auto, (max-width: 904px) 100vw, 904px\" \/><\/a> <a href=\"http:\/\/www.decker.wien\/wolfgang\/wp-content\/uploads\/2015\/02\/18-01-2015-04.jpg\"><img loading=\"lazy\" decoding=\"async\" class=\"alignnone size-large wp-image-179\" src=\"http:\/\/www.decker.wien\/wolfgang\/wp-content\/uploads\/2015\/02\/18-01-2015-04-1024x683.jpg\" alt=\"18-01-2015-04\" width=\"904\" height=\"603\" srcset=\"http:\/\/www.decker.wien\/wolfgang\/wp-content\/uploads\/2015\/02\/18-01-2015-04-1024x683.jpg 1024w, http:\/\/www.decker.wien\/wolfgang\/wp-content\/uploads\/2015\/02\/18-01-2015-04-300x200.jpg 300w, http:\/\/www.decker.wien\/wolfgang\/wp-content\/uploads\/2015\/02\/18-01-2015-04-904x603.jpg 904w, http:\/\/www.decker.wien\/wolfgang\/wp-content\/uploads\/2015\/02\/18-01-2015-04.jpg 1200w\" sizes=\"auto, (max-width: 904px) 100vw, 904px\" \/><\/a><\/p>\n<p>Es folgt dann eine Passage durch ein trockenes Rivier. Zu Testzwecken lasse&nbsp;ich die Luft nicht aus den Reifen und fahre&nbsp;mit ~ 2,5 Bar. Geht&nbsp;irgendwie, dennoch habe ich immer wieder das Gef\u00fchl, dass sich das Auto fast eingr\u00e4bt und dem 3.0 Liter Motor gef\u00e4llt es auch nicht wirklich. Der&nbsp;ist gegen Ende der 15 min\u00fctigen Fahrt dann ziemlich heiss.<\/p>\n<p>Schlie\u00dflich fahren wir Uwe nach auf einen H\u00fcgel auf seinem Farmgel\u00e4nde, wobei die dort enthaltene Schr\u00e4gfahrt Nicoles Nervenkost\u00fcm schon \u00fcberstrapaziert und auch ich muss tief und ruhig atmen, um diese Stelle zu passieren. Wenn man derartiges nicht gewohnt ist (und wer ist das als &#8222;normal&#8220; Autofahrender in Westeuropa schon), sind Schr\u00e4glagen von 30-34\u00b0 schon wirklich sehr extrem. Vor allem, wenn es bis ins Tal dann doch \u00fcber 150 H\u00f6henmeter hinunter geht, mag man sich nicht vorstellen, wie lang man da kullert, bis man unten ist.&nbsp;Ich verlasse mich dann einfach darauf, dass ich sicherlich nicht der Erste mit so einem Fahrzeug bin, der da hinauf f\u00e4hrt, frage aber oben dann doch kurz nach, ob&#8217;s ned vielleicht einen anderen Weg hinunter gibt. Klar. Gibt&#8217;s&nbsp;nat\u00fcrlich nicht. ;-). Also nach einer kurzen Pause den selben Weg inklusive derselben Schr\u00e4glage und demselben Adrenalinausstoss wieder hinunter. Schr\u00e4glagen sind definitiv nix f\u00fcr uns ;-).<\/p>\n<p><iframe loading=\"lazy\" src=\"https:\/\/www.youtube.com\/embed\/vJUj13zDcok?rel=0\" width=\"420\" height=\"315\" frameborder=\"0\" allowfullscreen=\"allowfullscreen\"><\/iframe><\/p>\n<p>Am Ende fahren wir dann noch eine kurze Passage mit tiefem Sand, um auch da ein Gef\u00fchl zu bekommen, inklusive Auf- und Abfahrten in und aus dem Flussbett. Auch das meistert Nicole dann sehr gut und legt ihre anf\u00e4ngliche Scheu vor dem gro\u00dfen Auto ziemlich ab.<\/p>\n<p>Aufgefallen ist uns, dass sich die beiden kleinen Steinschlagsch\u00e4den in der Windschutzscheibe w\u00e4hrend des Trainings in wirklich gro\u00dfe Spr\u00fcnge verwandeln, da werden wir morgen mal anrufen und fragen, ob sich Savanna oder ein Mechaniker in Swakopmund das mal anschauen m\u00f6chte.<\/p>\n<p>Der Vormittag geht rasch vorbei, wir fahren zur\u00fcck zur Farm, wo wir noch etwas trinken und uns noch ein wenig mit Uwe und Kathrin unterhalten. Schlie\u00dflich machen wir uns um 14:30 auf den Weg nach Sesriem. Hatte ich zuerst noch eine rund 230km lange Fahrt geplant gehabt, streichen wir die und fahren auf dem direkten Weg \u00fcber Solitaire zu den D\u00fcnen. Vor allem, weil wir uns heute schon Solitaire anschauen wollen, um am Fahrtag nach Swakopmund mehr Zeit zu haben.<\/p>\n<p><a href=\"http:\/\/www.decker.wien\/wolfgang\/wp-content\/uploads\/2015\/02\/18-01-2015-07.jpg\"><img loading=\"lazy\" decoding=\"async\" class=\"alignnone size-large wp-image-180\" src=\"http:\/\/www.decker.wien\/wolfgang\/wp-content\/uploads\/2015\/02\/18-01-2015-07-1024x680.jpg\" alt=\"18-01-2015-07\" width=\"904\" height=\"600\" srcset=\"http:\/\/www.decker.wien\/wolfgang\/wp-content\/uploads\/2015\/02\/18-01-2015-07-1024x680.jpg 1024w, http:\/\/www.decker.wien\/wolfgang\/wp-content\/uploads\/2015\/02\/18-01-2015-07-300x199.jpg 300w, http:\/\/www.decker.wien\/wolfgang\/wp-content\/uploads\/2015\/02\/18-01-2015-07-904x600.jpg 904w, http:\/\/www.decker.wien\/wolfgang\/wp-content\/uploads\/2015\/02\/18-01-2015-07.jpg 1200w\" sizes=\"auto, (max-width: 904px) 100vw, 904px\" \/><\/a><\/p>\n<p>Solitaire ist mit seiner Tankstelle, den verrosteten Oldtimern und seiner B\u00e4ckerei mit dem Apfelkuchen weit \u00fcber die Grenzen Namibias bekannt. Wir bleiben \u00fcber eine Stunde, fotographieren ausgiebig Oldtimer, Erdh\u00f6rnchen und Gegend, essen eine Kleinigkeit und schauen uns den Shop an. Auch das obligatorische Foto mit den Regenmengen der letzten Zeit darf&nbsp;nat\u00fcrlich nicht vergessen werden.&nbsp;Entweder sie haben vergessen einzutragen, oder es hat 2015 noch gar nicht geregnet&#8230;<\/p>\n<p><a href=\"http:\/\/www.decker.wien\/wolfgang\/wp-content\/uploads\/2015\/02\/18-01-2015-09.jpg\"><img loading=\"lazy\" decoding=\"async\" class=\"alignnone size-large wp-image-181\" src=\"http:\/\/www.decker.wien\/wolfgang\/wp-content\/uploads\/2015\/02\/18-01-2015-09-1024x683.jpg\" alt=\"18-01-2015-09\" width=\"904\" height=\"603\" srcset=\"http:\/\/www.decker.wien\/wolfgang\/wp-content\/uploads\/2015\/02\/18-01-2015-09-1024x683.jpg 1024w, http:\/\/www.decker.wien\/wolfgang\/wp-content\/uploads\/2015\/02\/18-01-2015-09-300x200.jpg 300w, http:\/\/www.decker.wien\/wolfgang\/wp-content\/uploads\/2015\/02\/18-01-2015-09-904x603.jpg 904w, http:\/\/www.decker.wien\/wolfgang\/wp-content\/uploads\/2015\/02\/18-01-2015-09.jpg 1200w\" sizes=\"auto, (max-width: 904px) 100vw, 904px\" \/><\/a><\/p>\n<p>Gest\u00e4rkt fahren wir die restlichen Kilometer gem\u00fctlich wieder mit Tempomat nach Sesriem, bleiben unterwegs immer wieder stehen, um zu fotographieren und die Landschaft zu genie\u00dfen. Auf der Campsite angekommen, bezahlen wir f\u00fcr die zwei \u00dcbernachtungen insgesamt 616 N$, zuz\u00fcglich 314 N$ f\u00fcr den Eintritt in den Nationalpark. Wir genehmigen uns an der Bar gepflegte kalte Getr\u00e4nke, bevor wir unsere Campsite aufsuchen, das Auto positionieren und das Zelt aufstellen. Nachdem wir Zeit genug haben, schauen wir auch noch beim Schwimmbad vorbei, wo wir den Pool f\u00fcr uns alleine haben. Abends gibt&#8217;s in der Pfanne gebratenes Springbockfilet, bevor wir fr\u00fch schlafen gehen. Morgen wollen wir ja fr\u00fch aufstehen, um in die D\u00fcnen zu fahren.<\/p>\n<p><a href=\"http:\/\/www.decker.wien\/wolfgang\/wp-content\/uploads\/2015\/02\/18-01-2015-25.jpg\"><img loading=\"lazy\" decoding=\"async\" class=\"alignnone size-large wp-image-182\" src=\"http:\/\/www.decker.wien\/wolfgang\/wp-content\/uploads\/2015\/02\/18-01-2015-25-1024x683.jpg\" alt=\"18-01-2015-25\" width=\"904\" height=\"603\" srcset=\"http:\/\/www.decker.wien\/wolfgang\/wp-content\/uploads\/2015\/02\/18-01-2015-25-1024x683.jpg 1024w, http:\/\/www.decker.wien\/wolfgang\/wp-content\/uploads\/2015\/02\/18-01-2015-25-300x200.jpg 300w, http:\/\/www.decker.wien\/wolfgang\/wp-content\/uploads\/2015\/02\/18-01-2015-25-904x603.jpg 904w, http:\/\/www.decker.wien\/wolfgang\/wp-content\/uploads\/2015\/02\/18-01-2015-25.jpg 1200w\" sizes=\"auto, (max-width: 904px) 100vw, 904px\" \/><\/a><\/p>\nngg_shortcode_0_placeholder\n<table width=\"100%\">\n<tbody>\n<tr>\n<td width=\"50%\"><a title=\"Tag 1 \u2013 17. J\u00e4nner 2015\" href=\"http:\/\/www.decker.wien\/wolfgang\/namibia-2015\/tag-1-17-jaenner-2015\/\">Zur\u00fcck zu Tag 1<\/a><\/td>\n<td style=\"text-align: right;\" width=\"50%\"><a title=\"Tag 3 \u2013 19. J\u00e4nner 2015\" href=\"http:\/\/www.decker.wien\/wolfgang\/namibia-2015\/tag-3-19-jaenner-2015\/\">Weiter zu Tag 3&nbsp;<\/a><\/td>\n<\/tr>\n<\/tbody>\n<\/table>\n","protected":false},"excerpt":{"rendered":"<p>Um 7:00 l\u00e4utet mein Handy uns aus dem nicht durchg\u00e4ngigen Schlaf und wir schauen das erste Mal am Boden in [&hellip;]<\/p>\n","protected":false},"author":1,"featured_media":0,"parent":27,"menu_order":0,"comment_status":"open","ping_status":"open","template":"","meta":{"site-sidebar-layout":"default","site-content-layout":"","ast-site-content-layout":"default","site-content-style":"default","site-sidebar-style":"default","ast-global-header-display":"","ast-banner-title-visibility":"","ast-main-header-display":"","ast-hfb-above-header-display":"","ast-hfb-below-header-display":"","ast-hfb-mobile-header-display":"","site-post-title":"","ast-breadcrumbs-content":"","ast-featured-img":"","footer-sml-layout":"","ast-disable-related-posts":"","theme-transparent-header-meta":"","adv-header-id-meta":"","stick-header-meta":"","header-above-stick-meta":"","header-main-stick-meta":"","header-below-stick-meta":"","astra-migrate-meta-layouts":"default","ast-page-background-enabled":"default","ast-page-background-meta":{"desktop":{"background-color":"var(--ast-global-color-5)","background-image":"","background-repeat":"repeat","background-position":"center center","background-size":"auto","background-attachment":"scroll","background-type":"","background-media":"","overlay-type":"","overlay-color":"","overlay-opacity":"","overlay-gradient":""},"tablet":{"background-color":"","background-image":"","background-repeat":"repeat","background-position":"center center","background-size":"auto","background-attachment":"scroll","background-type":"","background-media":"","overlay-type":"","overlay-color":"","overlay-opacity":"","overlay-gradient":""},"mobile":{"background-color":"","background-image":"","background-repeat":"repeat","background-position":"center center","background-size":"auto","background-attachment":"scroll","background-type":"","background-media":"","overlay-type":"","overlay-color":"","overlay-opacity":"","overlay-gradient":""}},"ast-content-background-meta":{"desktop":{"background-color":"var(--ast-global-color-4)","background-image":"","background-repeat":"repeat","background-position":"center center","background-size":"auto","background-attachment":"scroll","background-type":"","background-media":"","overlay-type":"","overlay-color":"","overlay-opacity":"","overlay-gradient":""},"tablet":{"background-color":"var(--ast-global-color-4)","background-image":"","background-repeat":"repeat","background-position":"center center","background-size":"auto","background-attachment":"scroll","background-type":"","background-media":"","overlay-type":"","overlay-color":"","overlay-opacity":"","overlay-gradient":""},"mobile":{"background-color":"var(--ast-global-color-4)","background-image":"","background-repeat":"repeat","background-position":"center center","background-size":"auto","background-attachment":"scroll","background-type":"","background-media":"","overlay-type":"","overlay-color":"","overlay-opacity":"","overlay-gradient":""}},"ngg_post_thumbnail":0,"footnotes":""},"class_list":["post-33","page","type-page","status-publish","hentry"],"_links":{"self":[{"href":"http:\/\/www.decker.wien\/wolfgang\/wp-json\/wp\/v2\/pages\/33","targetHints":{"allow":["GET"]}}],"collection":[{"href":"http:\/\/www.decker.wien\/wolfgang\/wp-json\/wp\/v2\/pages"}],"about":[{"href":"http:\/\/www.decker.wien\/wolfgang\/wp-json\/wp\/v2\/types\/page"}],"author":[{"embeddable":true,"href":"http:\/\/www.decker.wien\/wolfgang\/wp-json\/wp\/v2\/users\/1"}],"replies":[{"embeddable":true,"href":"http:\/\/www.decker.wien\/wolfgang\/wp-json\/wp\/v2\/comments?post=33"}],"version-history":[{"count":15,"href":"http:\/\/www.decker.wien\/wolfgang\/wp-json\/wp\/v2\/pages\/33\/revisions"}],"predecessor-version":[{"id":8277,"href":"http:\/\/www.decker.wien\/wolfgang\/wp-json\/wp\/v2\/pages\/33\/revisions\/8277"}],"up":[{"embeddable":true,"href":"http:\/\/www.decker.wien\/wolfgang\/wp-json\/wp\/v2\/pages\/27"}],"wp:attachment":[{"href":"http:\/\/www.decker.wien\/wolfgang\/wp-json\/wp\/v2\/media?parent=33"}],"curies":[{"name":"wp","href":"https:\/\/api.w.org\/{rel}","templated":true}]}}