{"id":368,"date":"2015-02-18T14:48:54","date_gmt":"2015-02-18T13:48:54","guid":{"rendered":"http:\/\/www.decker.wien\/wolfgang\/?page_id=368"},"modified":"2026-03-20T11:47:59","modified_gmt":"2026-03-20T10:47:59","slug":"tag-4-20-jaenner-2015","status":"publish","type":"page","link":"http:\/\/www.decker.wien\/wolfgang\/namibia-2015\/tag-4-20-jaenner-2015\/","title":{"rendered":"Tag 04 &#8211; 20. J\u00e4nner 2015"},"content":{"rendered":"<p>Heute haben wir&#8217;s nicht wirklich sehr eilig, die paar Kilometer bis Swakopmund radeln wir locker ab und in Solitaire waren wir auch schon. Wir schlafen ein wenig l\u00e4nger, werden in der Fr\u00fch kurzzeitig von den Fr\u00fchaufbrechern Richtung Sossusvlei geweckt, schlafen aber dann bis ungef\u00e4hr halb acht wieder ein, bis die Sonne doch schon zu stark in&#8217;s Dachzelt scheint.&nbsp;Wir fr\u00fchst\u00fccken und brechen gegen 9:30 auf, nachdem wir uns noch ein Permit f\u00fcr die Stra\u00dfe durch den Naukluft-Park besorgen. Machen anschlie\u00dfend doch noch einen kurzen Stopp in Solitaire, kaufen noch ein Brot, fotographieren die Erdm\u00e4nnchen, die sich fotogen fressend (aber leider in den Schatten) hinstellen und genie\u00dfen anschlie\u00dfend die abwechslungsreiche Landschaft, die sich auf der Fahrt bietet.<\/p>\n<p><a href=\"http:\/\/www.decker.wien\/wolfgang\/wp-content\/uploads\/2015\/02\/namibia-20-01-2015-01.jpg\"><img loading=\"lazy\" decoding=\"async\" class=\"alignnone size-large wp-image-373\" src=\"http:\/\/www.decker.wien\/wolfgang\/wp-content\/uploads\/2015\/02\/namibia-20-01-2015-01-1024x680.jpg\" alt=\"namibia-20-01-2015-01\" width=\"904\" height=\"600\" srcset=\"http:\/\/www.decker.wien\/wolfgang\/wp-content\/uploads\/2015\/02\/namibia-20-01-2015-01-1024x680.jpg 1024w, http:\/\/www.decker.wien\/wolfgang\/wp-content\/uploads\/2015\/02\/namibia-20-01-2015-01-300x199.jpg 300w, http:\/\/www.decker.wien\/wolfgang\/wp-content\/uploads\/2015\/02\/namibia-20-01-2015-01-904x600.jpg 904w, http:\/\/www.decker.wien\/wolfgang\/wp-content\/uploads\/2015\/02\/namibia-20-01-2015-01.jpg 1200w\" sizes=\"auto, (max-width: 904px) 100vw, 904px\" \/><\/a><\/p>\n<p>&nbsp;<\/p>\n<p><a href=\"http:\/\/www.decker.wien\/wolfgang\/wp-content\/uploads\/2015\/02\/namibia-20-01-2015-04.jpg\"><img loading=\"lazy\" decoding=\"async\" class=\"alignnone size-large wp-image-375\" src=\"http:\/\/www.decker.wien\/wolfgang\/wp-content\/uploads\/2015\/02\/namibia-20-01-2015-04-1024x680.jpg\" alt=\"namibia-20-01-2015-04\" width=\"904\" height=\"600\" srcset=\"http:\/\/www.decker.wien\/wolfgang\/wp-content\/uploads\/2015\/02\/namibia-20-01-2015-04-1024x680.jpg 1024w, http:\/\/www.decker.wien\/wolfgang\/wp-content\/uploads\/2015\/02\/namibia-20-01-2015-04-300x199.jpg 300w, http:\/\/www.decker.wien\/wolfgang\/wp-content\/uploads\/2015\/02\/namibia-20-01-2015-04-904x600.jpg 904w, http:\/\/www.decker.wien\/wolfgang\/wp-content\/uploads\/2015\/02\/namibia-20-01-2015-04.jpg 1200w\" sizes=\"auto, (max-width: 904px) 100vw, 904px\" \/><\/a><\/p>\n<p>Vor allem der Kuiseb Canyon gef\u00e4llt uns landschaftlich sehr, wir sehen neben den obligatorischen Oryx und Springb\u00f6cken einige Zebraherden (die ersten auf dieser Reise), sogar (Wild?)Pferde kommen uns auf der Stra\u00dfe entgegen.<\/p>\n<p><a href=\"http:\/\/www.decker.wien\/wolfgang\/wp-content\/uploads\/2015\/02\/namibia-20-01-2015-03.jpg\"><img loading=\"lazy\" decoding=\"async\" class=\"alignnone size-large wp-image-374\" src=\"http:\/\/www.decker.wien\/wolfgang\/wp-content\/uploads\/2015\/02\/namibia-20-01-2015-03-1024x680.jpg\" alt=\"namibia-20-01-2015-03\" width=\"904\" height=\"600\" srcset=\"http:\/\/www.decker.wien\/wolfgang\/wp-content\/uploads\/2015\/02\/namibia-20-01-2015-03-1024x680.jpg 1024w, http:\/\/www.decker.wien\/wolfgang\/wp-content\/uploads\/2015\/02\/namibia-20-01-2015-03-300x199.jpg 300w, http:\/\/www.decker.wien\/wolfgang\/wp-content\/uploads\/2015\/02\/namibia-20-01-2015-03-904x600.jpg 904w, http:\/\/www.decker.wien\/wolfgang\/wp-content\/uploads\/2015\/02\/namibia-20-01-2015-03.jpg 1200w\" sizes=\"auto, (max-width: 904px) 100vw, 904px\" \/><\/a><\/p>\n<p><a href=\"http:\/\/www.decker.wien\/wolfgang\/wp-content\/uploads\/2015\/02\/namibia-20-01-2015-07.jpg\"><img loading=\"lazy\" decoding=\"async\" class=\"alignnone size-large wp-image-377\" src=\"http:\/\/www.decker.wien\/wolfgang\/wp-content\/uploads\/2015\/02\/namibia-20-01-2015-07-1024x768.jpg\" alt=\"namibia-20-01-2015-07\" width=\"904\" height=\"678\" srcset=\"http:\/\/www.decker.wien\/wolfgang\/wp-content\/uploads\/2015\/02\/namibia-20-01-2015-07-1024x768.jpg 1024w, http:\/\/www.decker.wien\/wolfgang\/wp-content\/uploads\/2015\/02\/namibia-20-01-2015-07-300x225.jpg 300w, http:\/\/www.decker.wien\/wolfgang\/wp-content\/uploads\/2015\/02\/namibia-20-01-2015-07-904x678.jpg 904w, http:\/\/www.decker.wien\/wolfgang\/wp-content\/uploads\/2015\/02\/namibia-20-01-2015-07.jpg 1200w\" sizes=\"auto, (max-width: 904px) 100vw, 904px\" \/><\/a><\/p>\n<p>&nbsp;<\/p>\n<p>Nach dem Canyon nehmen wir die Verbindungsstra\u00dfe Richtung Norden und C28, dass man da ein Permit ben\u00f6tigt OK, aber warum diese Strecke als &#8222;4&#215;4 only&#8220; bezeichnet wird, ist mir nicht ganz klar. Auf der Ganab Picnic Site essen wir zu Mittag, bevor wir weiter Richtung Swakopmund fahren.<\/p>\n<p><a href=\"http:\/\/www.decker.wien\/wolfgang\/wp-content\/uploads\/2015\/02\/namibia-20-01-2015-08.jpg\"><img loading=\"lazy\" decoding=\"async\" class=\"alignnone size-large wp-image-378\" src=\"http:\/\/www.decker.wien\/wolfgang\/wp-content\/uploads\/2015\/02\/namibia-20-01-2015-08-1024x680.jpg\" alt=\"namibia-20-01-2015-08\" width=\"904\" height=\"600\" srcset=\"http:\/\/www.decker.wien\/wolfgang\/wp-content\/uploads\/2015\/02\/namibia-20-01-2015-08-1024x680.jpg 1024w, http:\/\/www.decker.wien\/wolfgang\/wp-content\/uploads\/2015\/02\/namibia-20-01-2015-08-300x199.jpg 300w, http:\/\/www.decker.wien\/wolfgang\/wp-content\/uploads\/2015\/02\/namibia-20-01-2015-08-904x600.jpg 904w, http:\/\/www.decker.wien\/wolfgang\/wp-content\/uploads\/2015\/02\/namibia-20-01-2015-08.jpg 1200w\" sizes=\"auto, (max-width: 904px) 100vw, 904px\" \/><\/a><\/p>\n<p>&nbsp;<\/p>\n<p><a href=\"http:\/\/www.decker.wien\/wolfgang\/wp-content\/uploads\/2015\/02\/namibia-20-01-2015-09.jpg\"><img loading=\"lazy\" decoding=\"async\" class=\"alignnone size-large wp-image-379\" src=\"http:\/\/www.decker.wien\/wolfgang\/wp-content\/uploads\/2015\/02\/namibia-20-01-2015-09-1024x680.jpg\" alt=\"namibia-20-01-2015-09\" width=\"904\" height=\"600\" srcset=\"http:\/\/www.decker.wien\/wolfgang\/wp-content\/uploads\/2015\/02\/namibia-20-01-2015-09-1024x680.jpg 1024w, http:\/\/www.decker.wien\/wolfgang\/wp-content\/uploads\/2015\/02\/namibia-20-01-2015-09-300x199.jpg 300w, http:\/\/www.decker.wien\/wolfgang\/wp-content\/uploads\/2015\/02\/namibia-20-01-2015-09-904x600.jpg 904w, http:\/\/www.decker.wien\/wolfgang\/wp-content\/uploads\/2015\/02\/namibia-20-01-2015-09.jpg 1200w\" sizes=\"auto, (max-width: 904px) 100vw, 904px\" \/><\/a><\/p>\n<p>Richtung Windhoek ist ein schweres Gewitter auszumachen, Richtung Swakopmund ist allerdings alles wolkenlos. Die C28 ist in einem wirklich extrem guten Zustand, keinerlei Wellblech auszumachen. Nachdem wir da so gut vorankommen, beschlie\u00dfen wir, den Welwitschia Plains 4WD Trail&nbsp;und anschlie\u00dfend den Swakop-Rivier zu fahren. Kurz nach der Abzweigung klemmt sich ein LKW mit ~ 80 km\/h hinter uns, irgendwie will ich ihn wegen unserer ohnehin schon gesch\u00e4digten Windschutzscheibe nicht \u00fcberholen lassen und fahre zum Unmut von Nicole an zwei oder drei Welwitschias vorbei. Werden ja wohl auf dem &#8222;Welwitschia Drive&#8220; noch ein paar kommen, an denen wir anhalten k\u00f6nnen, ohne dass uns ein LKW mit Staub und Steinen einh\u00fcllt&#8230;<br \/>\nBei der Abzweigung Richtung Westen bleibt der LKW dann zur\u00fcck, bis zur D1991 gibt&#8217;s dann viel Landschaft aber keine einzige Welwitschia mehr. Warum diese Strecke &#8222;Welwitschia Drive&#8220; genannt wird, ist mir ein R\u00e4tsel. Vielleicht gibt&#8217;s ja an&nbsp;der D1991 Richtung C28 noch welche, dort kommen wir allerdings nicht mehr vorbei, wir fahren n\u00e4mlich durch die sehenswerte Schlucht nach Norden Richtung Goanikontes.<\/p>\n<p><a href=\"http:\/\/www.decker.wien\/wolfgang\/wp-content\/uploads\/2015\/02\/namibia-20-01-2015-17.jpg\"><img loading=\"lazy\" decoding=\"async\" class=\"alignnone size-large wp-image-382\" src=\"http:\/\/www.decker.wien\/wolfgang\/wp-content\/uploads\/2015\/02\/namibia-20-01-2015-17-1024x680.jpg\" alt=\"namibia-20-01-2015-17\" width=\"904\" height=\"600\" srcset=\"http:\/\/www.decker.wien\/wolfgang\/wp-content\/uploads\/2015\/02\/namibia-20-01-2015-17-1024x680.jpg 1024w, http:\/\/www.decker.wien\/wolfgang\/wp-content\/uploads\/2015\/02\/namibia-20-01-2015-17-300x199.jpg 300w, http:\/\/www.decker.wien\/wolfgang\/wp-content\/uploads\/2015\/02\/namibia-20-01-2015-17-904x600.jpg 904w, http:\/\/www.decker.wien\/wolfgang\/wp-content\/uploads\/2015\/02\/namibia-20-01-2015-17.jpg 1200w\" sizes=\"auto, (max-width: 904px) 100vw, 904px\" \/><\/a><\/p>\n<p>Dort lassen wir wieder Luft aus den Reifen, um den Sand-Trail im Swakop zu fahren. Das n\u00e4chste Mal werd&#8216; ich mir das aber sparen, der Track&nbsp;w\u00e4re sicherlich auch ohne Luftablassen fahrbar gewesen. Und wie schon im ersten Teil berichtet, m\u00fcssen wir im Auto beim Wiederaufpumpen jedesmal eine gr\u00f6bere Umr\u00e4umakton starten, damit wir zum Kompressor gelangen k\u00f6nnen&#8230;<\/p>\n<p><a href=\"http:\/\/www.decker.wien\/wolfgang\/wp-content\/uploads\/2015\/02\/namibia-20-01-2015-19.jpg\"><img loading=\"lazy\" decoding=\"async\" class=\"alignnone size-large wp-image-383\" src=\"http:\/\/www.decker.wien\/wolfgang\/wp-content\/uploads\/2015\/02\/namibia-20-01-2015-19-1024x680.jpg\" alt=\"namibia-20-01-2015-19\" width=\"904\" height=\"600\" srcset=\"http:\/\/www.decker.wien\/wolfgang\/wp-content\/uploads\/2015\/02\/namibia-20-01-2015-19-1024x680.jpg 1024w, http:\/\/www.decker.wien\/wolfgang\/wp-content\/uploads\/2015\/02\/namibia-20-01-2015-19-300x199.jpg 300w, http:\/\/www.decker.wien\/wolfgang\/wp-content\/uploads\/2015\/02\/namibia-20-01-2015-19-904x600.jpg 904w, http:\/\/www.decker.wien\/wolfgang\/wp-content\/uploads\/2015\/02\/namibia-20-01-2015-19.jpg 1200w\" sizes=\"auto, (max-width: 904px) 100vw, 904px\" \/><\/a><\/p>\n<p>Wir gelangen schlie\u00dflich auf die Teerstra\u00dfe, bleiben kurz beim Martin Luther Museum stehen, das ist allerdings schon (oder \u00fcberhaupt?) geschlossen. Irgendwie macht es einen vernachl\u00e4ssigten Eindruck, die Scheiben sind vollkommen verschmutzt und drinnen liegen auch zahlreiche Dinge am Boden herum. F\u00fcr mich sieht es&nbsp;fast so aus, als ob das Museum generell geschlossen w\u00e4re&#8230;<\/p>\n<p>In Swakopmund fahren wir zum Desert Sky Backpackers. wo wir f\u00fcr die folgenden drei N\u00e4chte ein Zimmer gemietet hatten. Es g\u00e4be dort zwar auch Stellpl\u00e4tze im Garten, wo man das Dachzelt verwenden k\u00f6nnte, allerdings wollen wir uns hier das Hantieren mit dem Dachzelt ersparen, da wir einige Ausfl\u00fcge vorhaben. Zimmer, Lage und Preis\/Leistungsverh\u00e4ltnis sind in Ordnung, vor allem, wenn man ohnehin den ganzen Tag unterwegs ist und eigentlich nur zum Schlafen in die Unterkunft kommt. Da es schon recht sp\u00e4t und finster ist, gehen wir nicht mehr weit, sondern essen noch etwas im Brauhaus, bevor wir schlafen gehen.<\/p>\n<p><strong>Tipp: <\/strong>Ach ja, bevor ich&#8217;s (wieder) vergesse, eventuell hilft&#8217;s ja dem einen oder anderen:<br \/>\nWenn man vor hat, mit unterschiedlichen Kameras zu fotographieren und die Bilder danach auch gemeinsam verwenden will, hilft es ungemein, vor Beginn der Reise alle Datums- und Uhrzeiteinstellungen zu vereinheitlichen. Es macht das Nachbearbeiten und Sortieren der Fotos ungemein einfacher \ud83d\ude09<\/p>\nngg_shortcode_0_placeholder\n<table width=\"100%\">\n<tbody>\n<tr>\n<td width=\"50%\"><a title=\"Tag 3 \u2013 19. J\u00e4nner 2015\" href=\"http:\/\/www.decker.wien\/wolfgang\/namibia-2015\/tag-3-19-jaenner-2015\/\">Zur\u00fcck zu Tag 3<\/a><\/td>\n<td style=\"text-align: right;\" width=\"50%\"><a title=\"Tag 5 \u2013 21. J\u00e4nner 2015\" href=\"http:\/\/www.decker.wien\/wolfgang\/namibia-2015\/tag-5-21-jaenner-2015\/\">Weiter zu Tag 5<\/a><\/td>\n<\/tr>\n<\/tbody>\n<\/table>\n","protected":false},"excerpt":{"rendered":"<p>Heute haben wir&#8217;s nicht wirklich sehr eilig, die paar Kilometer bis Swakopmund radeln wir locker ab und in Solitaire waren [&hellip;]<\/p>\n","protected":false},"author":1,"featured_media":0,"parent":27,"menu_order":0,"comment_status":"open","ping_status":"closed","template":"","meta":{"site-sidebar-layout":"default","site-content-layout":"","ast-site-content-layout":"default","site-content-style":"default","site-sidebar-style":"default","ast-global-header-display":"","ast-banner-title-visibility":"","ast-main-header-display":"","ast-hfb-above-header-display":"","ast-hfb-below-header-display":"","ast-hfb-mobile-header-display":"","site-post-title":"","ast-breadcrumbs-content":"","ast-featured-img":"","footer-sml-layout":"","ast-disable-related-posts":"","theme-transparent-header-meta":"","adv-header-id-meta":"","stick-header-meta":"","header-above-stick-meta":"","header-main-stick-meta":"","header-below-stick-meta":"","astra-migrate-meta-layouts":"default","ast-page-background-enabled":"default","ast-page-background-meta":{"desktop":{"background-color":"var(--ast-global-color-5)","background-image":"","background-repeat":"repeat","background-position":"center center","background-size":"auto","background-attachment":"scroll","background-type":"","background-media":"","overlay-type":"","overlay-color":"","overlay-opacity":"","overlay-gradient":""},"tablet":{"background-color":"","background-image":"","background-repeat":"repeat","background-position":"center center","background-size":"auto","background-attachment":"scroll","background-type":"","background-media":"","overlay-type":"","overlay-color":"","overlay-opacity":"","overlay-gradient":""},"mobile":{"background-color":"","background-image":"","background-repeat":"repeat","background-position":"center center","background-size":"auto","background-attachment":"scroll","background-type":"","background-media":"","overlay-type":"","overlay-color":"","overlay-opacity":"","overlay-gradient":""}},"ast-content-background-meta":{"desktop":{"background-color":"var(--ast-global-color-4)","background-image":"","background-repeat":"repeat","background-position":"center center","background-size":"auto","background-attachment":"scroll","background-type":"","background-media":"","overlay-type":"","overlay-color":"","overlay-opacity":"","overlay-gradient":""},"tablet":{"background-color":"var(--ast-global-color-4)","background-image":"","background-repeat":"repeat","background-position":"center center","background-size":"auto","background-attachment":"scroll","background-type":"","background-media":"","overlay-type":"","overlay-color":"","overlay-opacity":"","overlay-gradient":""},"mobile":{"background-color":"var(--ast-global-color-4)","background-image":"","background-repeat":"repeat","background-position":"center center","background-size":"auto","background-attachment":"scroll","background-type":"","background-media":"","overlay-type":"","overlay-color":"","overlay-opacity":"","overlay-gradient":""}},"ngg_post_thumbnail":0,"footnotes":""},"class_list":["post-368","page","type-page","status-publish","hentry"],"_links":{"self":[{"href":"http:\/\/www.decker.wien\/wolfgang\/wp-json\/wp\/v2\/pages\/368","targetHints":{"allow":["GET"]}}],"collection":[{"href":"http:\/\/www.decker.wien\/wolfgang\/wp-json\/wp\/v2\/pages"}],"about":[{"href":"http:\/\/www.decker.wien\/wolfgang\/wp-json\/wp\/v2\/types\/page"}],"author":[{"embeddable":true,"href":"http:\/\/www.decker.wien\/wolfgang\/wp-json\/wp\/v2\/users\/1"}],"replies":[{"embeddable":true,"href":"http:\/\/www.decker.wien\/wolfgang\/wp-json\/wp\/v2\/comments?post=368"}],"version-history":[{"count":11,"href":"http:\/\/www.decker.wien\/wolfgang\/wp-json\/wp\/v2\/pages\/368\/revisions"}],"predecessor-version":[{"id":8280,"href":"http:\/\/www.decker.wien\/wolfgang\/wp-json\/wp\/v2\/pages\/368\/revisions\/8280"}],"up":[{"embeddable":true,"href":"http:\/\/www.decker.wien\/wolfgang\/wp-json\/wp\/v2\/pages\/27"}],"wp:attachment":[{"href":"http:\/\/www.decker.wien\/wolfgang\/wp-json\/wp\/v2\/media?parent=368"}],"curies":[{"name":"wp","href":"https:\/\/api.w.org\/{rel}","templated":true}]}}