{"id":439,"date":"2015-02-21T19:31:18","date_gmt":"2015-02-21T18:31:18","guid":{"rendered":"http:\/\/www.decker.wien\/wolfgang\/?page_id=439"},"modified":"2026-03-20T11:48:26","modified_gmt":"2026-03-20T10:48:26","slug":"tag-5-21-jaenner-2015","status":"publish","type":"page","link":"http:\/\/www.decker.wien\/wolfgang\/namibia-2015\/tag-5-21-jaenner-2015\/","title":{"rendered":"Tag 05 &#8211; 21. J\u00e4nner 2015"},"content":{"rendered":"<p>Nach einer wieder fr\u00fchen Tagwache um 6:45 fr\u00fchst\u00fccken wir gem\u00fctlich, bevor wir p\u00fcnktlich um 8 Uhr zur Little Five Tour von Tommy und seinem Landrover abgeholt werden. Wir sind die ersten, beim&nbsp;Municipal Restcamp holen wir noch ein \u00e4lteres Ehepaar aus S\u00fcdafrika ab, bei der Einfahrt in die D\u00fcnen beim Quad-Center st\u00f6\u00dft&nbsp;anschlie\u00dfend noch ein US-P\u00e4rchen zu uns. Zu sechst nehmen wir dann die Tour unter die R\u00e4der.<\/p>\n<p><a href=\"http:\/\/www.decker.wien\/wolfgang\/wp-content\/uploads\/2015\/02\/21-01-2015-05.jpg\"><img loading=\"lazy\" decoding=\"async\" class=\"alignnone size-large wp-image-444\" src=\"http:\/\/www.decker.wien\/wolfgang\/wp-content\/uploads\/2015\/02\/21-01-2015-05-1024x680.jpg\" alt=\"21-01-2015-05\" width=\"904\" height=\"600\" srcset=\"http:\/\/www.decker.wien\/wolfgang\/wp-content\/uploads\/2015\/02\/21-01-2015-05-1024x680.jpg 1024w, http:\/\/www.decker.wien\/wolfgang\/wp-content\/uploads\/2015\/02\/21-01-2015-05-300x199.jpg 300w, http:\/\/www.decker.wien\/wolfgang\/wp-content\/uploads\/2015\/02\/21-01-2015-05-904x600.jpg 904w, http:\/\/www.decker.wien\/wolfgang\/wp-content\/uploads\/2015\/02\/21-01-2015-05.jpg 1200w\" sizes=\"auto, (max-width: 904px) 100vw, 904px\" \/><\/a><\/p>\n<p>Die Tour selbst ist &#8211; geschuldet der kleinen Gruppe &#8211; sehr interessant und informativ. Tommy&nbsp;erz\u00e4hlt seine Geschichten wechselweise in Deutsch und Englisch, h\u00fcpft mal hier mal da aus dem Auto, um im Sand zu graben und pr\u00e4sentiert uns &#8211; neben zahlreichen Geschichten und Wissen \u00fcber die Namib &#8211; auch die kleinen Tiere, deretwegen wir ja eigentlich diese Tour machen. Ausserdem werden an einer D\u00fcne noch einige K\u00e4fer als Futter f\u00fcr die Cham\u00e4leons eingesammelt.<\/p>\n<p>Die Tour selbst dauert rund f\u00fcnf Stunden und ist f\u00fcr uns ein voller Erfolg. Wir finden fast alle Tiere, die er finden wollte (einzig die weisse Spinne wollte sich nicht und nicht zeigen). Eidechsen, auch jene Exemplare, die tief im Sand verborgen eine nahezu durchsichtige Haut haben und besonders farbig sind. Cham\u00e4leons, die einzigartig sind, da sie besonders schnell laufen k\u00f6nnen, um die bevorzugte Beute, die schwarzen K\u00e4fer, zu erwischen. Diese Cham\u00e4leons werden &#8211; so erz\u00e4hlt uns Tommy &#8211; mit kleinen Chips versehen, die er anschlie\u00dfend mit speziellen Ger\u00e4ten auslesen kann. Dies soll den Schmuggel eind\u00e4mmen, solche Cham\u00e4leons erzielen in Europa extrem hohe Preise, da sie sehr selten sind. Spektakul\u00e4r ist auch der Fund des, nat\u00fcrlich bei einem Stich t\u00f6dlichen, Skorpions, den Tommy f\u00e4ngt. Und auch die Sidewinder Schlange finden wir zum Schluss.<\/p>\n<p><a href=\"http:\/\/www.decker.wien\/wolfgang\/wp-content\/uploads\/2015\/02\/21-01-2015-03.jpg\"><img loading=\"lazy\" decoding=\"async\" class=\"alignnone size-large wp-image-443\" src=\"http:\/\/www.decker.wien\/wolfgang\/wp-content\/uploads\/2015\/02\/21-01-2015-03-1024x683.jpg\" alt=\"21-01-2015-03\" width=\"904\" height=\"603\" srcset=\"http:\/\/www.decker.wien\/wolfgang\/wp-content\/uploads\/2015\/02\/21-01-2015-03-1024x683.jpg 1024w, http:\/\/www.decker.wien\/wolfgang\/wp-content\/uploads\/2015\/02\/21-01-2015-03-300x200.jpg 300w, http:\/\/www.decker.wien\/wolfgang\/wp-content\/uploads\/2015\/02\/21-01-2015-03-904x603.jpg 904w, http:\/\/www.decker.wien\/wolfgang\/wp-content\/uploads\/2015\/02\/21-01-2015-03.jpg 1200w\" sizes=\"auto, (max-width: 904px) 100vw, 904px\" \/><\/a> <a href=\"http:\/\/www.decker.wien\/wolfgang\/wp-content\/uploads\/2015\/02\/21-01-2015-07.jpg\"><img loading=\"lazy\" decoding=\"async\" class=\"alignnone size-large wp-image-445\" src=\"http:\/\/www.decker.wien\/wolfgang\/wp-content\/uploads\/2015\/02\/21-01-2015-07-1024x683.jpg\" alt=\"21-01-2015-07\" width=\"904\" height=\"603\" srcset=\"http:\/\/www.decker.wien\/wolfgang\/wp-content\/uploads\/2015\/02\/21-01-2015-07-1024x683.jpg 1024w, http:\/\/www.decker.wien\/wolfgang\/wp-content\/uploads\/2015\/02\/21-01-2015-07-300x200.jpg 300w, http:\/\/www.decker.wien\/wolfgang\/wp-content\/uploads\/2015\/02\/21-01-2015-07-904x603.jpg 904w, http:\/\/www.decker.wien\/wolfgang\/wp-content\/uploads\/2015\/02\/21-01-2015-07.jpg 1200w\" sizes=\"auto, (max-width: 904px) 100vw, 904px\" \/><\/a> <a href=\"http:\/\/www.decker.wien\/wolfgang\/wp-content\/uploads\/2015\/02\/21-01-2015-11.jpg\"><img loading=\"lazy\" decoding=\"async\" class=\"alignnone size-large wp-image-446\" src=\"http:\/\/www.decker.wien\/wolfgang\/wp-content\/uploads\/2015\/02\/21-01-2015-11-1024x680.jpg\" alt=\"21-01-2015-11\" width=\"904\" height=\"600\" srcset=\"http:\/\/www.decker.wien\/wolfgang\/wp-content\/uploads\/2015\/02\/21-01-2015-11-1024x680.jpg 1024w, http:\/\/www.decker.wien\/wolfgang\/wp-content\/uploads\/2015\/02\/21-01-2015-11-300x199.jpg 300w, http:\/\/www.decker.wien\/wolfgang\/wp-content\/uploads\/2015\/02\/21-01-2015-11-904x600.jpg 904w, http:\/\/www.decker.wien\/wolfgang\/wp-content\/uploads\/2015\/02\/21-01-2015-11.jpg 1200w\" sizes=\"auto, (max-width: 904px) 100vw, 904px\" \/><\/a> <a href=\"http:\/\/www.decker.wien\/wolfgang\/wp-content\/uploads\/2015\/02\/21-01-2015-15.jpg\"><img loading=\"lazy\" decoding=\"async\" class=\"alignnone size-large wp-image-447\" src=\"http:\/\/www.decker.wien\/wolfgang\/wp-content\/uploads\/2015\/02\/21-01-2015-15-1024x683.jpg\" alt=\"21-01-2015-15\" width=\"904\" height=\"603\" srcset=\"http:\/\/www.decker.wien\/wolfgang\/wp-content\/uploads\/2015\/02\/21-01-2015-15-1024x683.jpg 1024w, http:\/\/www.decker.wien\/wolfgang\/wp-content\/uploads\/2015\/02\/21-01-2015-15-300x200.jpg 300w, http:\/\/www.decker.wien\/wolfgang\/wp-content\/uploads\/2015\/02\/21-01-2015-15-904x603.jpg 904w, http:\/\/www.decker.wien\/wolfgang\/wp-content\/uploads\/2015\/02\/21-01-2015-15.jpg 1200w\" sizes=\"auto, (max-width: 904px) 100vw, 904px\" \/><\/a> <a href=\"http:\/\/www.decker.wien\/wolfgang\/wp-content\/uploads\/2015\/02\/21-01-2015-26.jpg\"><img loading=\"lazy\" decoding=\"async\" class=\"alignnone size-large wp-image-451\" src=\"http:\/\/www.decker.wien\/wolfgang\/wp-content\/uploads\/2015\/02\/21-01-2015-26-1024x768.jpg\" alt=\"21-01-2015-26\" width=\"904\" height=\"678\" srcset=\"http:\/\/www.decker.wien\/wolfgang\/wp-content\/uploads\/2015\/02\/21-01-2015-26-1024x768.jpg 1024w, http:\/\/www.decker.wien\/wolfgang\/wp-content\/uploads\/2015\/02\/21-01-2015-26-300x225.jpg 300w, http:\/\/www.decker.wien\/wolfgang\/wp-content\/uploads\/2015\/02\/21-01-2015-26-904x678.jpg 904w, http:\/\/www.decker.wien\/wolfgang\/wp-content\/uploads\/2015\/02\/21-01-2015-26.jpg 1200w\" sizes=\"auto, (max-width: 904px) 100vw, 904px\" \/><\/a> <a href=\"http:\/\/www.decker.wien\/wolfgang\/wp-content\/uploads\/2015\/02\/21-01-2015-21.jpg\"><img loading=\"lazy\" decoding=\"async\" class=\"alignnone size-large wp-image-450\" src=\"http:\/\/www.decker.wien\/wolfgang\/wp-content\/uploads\/2015\/02\/21-01-2015-21-1024x680.jpg\" alt=\"21-01-2015-21\" width=\"904\" height=\"600\" srcset=\"http:\/\/www.decker.wien\/wolfgang\/wp-content\/uploads\/2015\/02\/21-01-2015-21-1024x680.jpg 1024w, http:\/\/www.decker.wien\/wolfgang\/wp-content\/uploads\/2015\/02\/21-01-2015-21-300x199.jpg 300w, http:\/\/www.decker.wien\/wolfgang\/wp-content\/uploads\/2015\/02\/21-01-2015-21-904x600.jpg 904w, http:\/\/www.decker.wien\/wolfgang\/wp-content\/uploads\/2015\/02\/21-01-2015-21.jpg 1200w\" sizes=\"auto, (max-width: 904px) 100vw, 904px\" \/><\/a> <a href=\"http:\/\/www.decker.wien\/wolfgang\/wp-content\/uploads\/2015\/02\/21-01-2015-20.jpg\"><img loading=\"lazy\" decoding=\"async\" class=\"alignnone size-large wp-image-449\" src=\"http:\/\/www.decker.wien\/wolfgang\/wp-content\/uploads\/2015\/02\/21-01-2015-20-1024x680.jpg\" alt=\"21-01-2015-20\" width=\"904\" height=\"600\" srcset=\"http:\/\/www.decker.wien\/wolfgang\/wp-content\/uploads\/2015\/02\/21-01-2015-20-1024x680.jpg 1024w, http:\/\/www.decker.wien\/wolfgang\/wp-content\/uploads\/2015\/02\/21-01-2015-20-300x199.jpg 300w, http:\/\/www.decker.wien\/wolfgang\/wp-content\/uploads\/2015\/02\/21-01-2015-20-904x600.jpg 904w, http:\/\/www.decker.wien\/wolfgang\/wp-content\/uploads\/2015\/02\/21-01-2015-20.jpg 1200w\" sizes=\"auto, (max-width: 904px) 100vw, 904px\" \/><\/a> <a href=\"http:\/\/www.decker.wien\/wolfgang\/wp-content\/uploads\/2015\/02\/21-01-2015-18.jpg\"><img loading=\"lazy\" decoding=\"async\" class=\"alignnone size-large wp-image-448\" src=\"http:\/\/www.decker.wien\/wolfgang\/wp-content\/uploads\/2015\/02\/21-01-2015-18-1024x680.jpg\" alt=\"21-01-2015-18\" width=\"904\" height=\"600\" srcset=\"http:\/\/www.decker.wien\/wolfgang\/wp-content\/uploads\/2015\/02\/21-01-2015-18-1024x680.jpg 1024w, http:\/\/www.decker.wien\/wolfgang\/wp-content\/uploads\/2015\/02\/21-01-2015-18-300x199.jpg 300w, http:\/\/www.decker.wien\/wolfgang\/wp-content\/uploads\/2015\/02\/21-01-2015-18-904x600.jpg 904w, http:\/\/www.decker.wien\/wolfgang\/wp-content\/uploads\/2015\/02\/21-01-2015-18.jpg 1200w\" sizes=\"auto, (max-width: 904px) 100vw, 904px\" \/><\/a><\/p>\n<p>Wie wahrscheinlich bei jeder Tour m\u00fcssen die weiblichen Mitglieder als Models herhalten. Ihnen werden wechselweise die kleinen Eidechsen an die Ohrl\u00e4ppchen geh\u00e4ngt, der Skorpion auf den Handr\u00fccken gesetzt und die Cham\u00e4leons samt zu verspeisender Maden auf die Hand gesetzt.<\/p>\n<p><a href=\"http:\/\/www.decker.wien\/wolfgang\/wp-content\/uploads\/2015\/02\/21-01-2015-01.jpg\"><img loading=\"lazy\" decoding=\"async\" class=\"alignnone size-large wp-image-442\" src=\"http:\/\/www.decker.wien\/wolfgang\/wp-content\/uploads\/2015\/02\/21-01-2015-01-1024x680.jpg\" alt=\"21-01-2015-01\" width=\"904\" height=\"600\" srcset=\"http:\/\/www.decker.wien\/wolfgang\/wp-content\/uploads\/2015\/02\/21-01-2015-01-1024x680.jpg 1024w, http:\/\/www.decker.wien\/wolfgang\/wp-content\/uploads\/2015\/02\/21-01-2015-01-300x199.jpg 300w, http:\/\/www.decker.wien\/wolfgang\/wp-content\/uploads\/2015\/02\/21-01-2015-01-904x600.jpg 904w, http:\/\/www.decker.wien\/wolfgang\/wp-content\/uploads\/2015\/02\/21-01-2015-01.jpg 1200w\" sizes=\"auto, (max-width: 904px) 100vw, 904px\" \/><\/a><\/p>\n<p>&nbsp;<\/p>\n<p>W\u00e4hrend der Fahrt sind in Fragmenten noch&nbsp;Teile der alten Bahnlinie zwischen Walvis Bay und Swakopmund zu sehen, die \u00e4ltere Dame aus S\u00fcdafrika ist auf dieser Bahnlinie vor ~ 60 Jahren noch unterwegs gewesen, wie sie uns erz\u00e4hlt. Da hat sich in diesem Zeitraum einiges ver\u00e4ndert ;-).<\/p>\n<p>Zum Abschluss der Tour gibt es noch ein wenig &#8222;Dune-Riding&#8220; in den Sandd\u00fcnen, wieder eine &#8222;Lehrstunde&#8220;, was alles m\u00f6glich ist mit einem entsprechenden Fahrzeug, allerdings geh\u00f6rt da nat\u00fcrlich auch einiges an Erfahrung dazu. Zudem bleiben wir noch kurz am Strand stehen, wo Tommy mit einem Magneten noch schwarzen, extrem eisenhaltigen Sand aufnimmt.&nbsp;Wieder ein Sackerl voll Sand f\u00fcr Nicole ;-).<\/p>\n<p><a href=\"http:\/\/www.decker.wien\/wolfgang\/wp-content\/uploads\/2015\/02\/21-01-2015-28.jpg\"><img loading=\"lazy\" decoding=\"async\" class=\"alignnone size-large wp-image-452\" src=\"http:\/\/www.decker.wien\/wolfgang\/wp-content\/uploads\/2015\/02\/21-01-2015-28-1024x680.jpg\" alt=\"21-01-2015-28\" width=\"904\" height=\"600\" srcset=\"http:\/\/www.decker.wien\/wolfgang\/wp-content\/uploads\/2015\/02\/21-01-2015-28-1024x680.jpg 1024w, http:\/\/www.decker.wien\/wolfgang\/wp-content\/uploads\/2015\/02\/21-01-2015-28-300x199.jpg 300w, http:\/\/www.decker.wien\/wolfgang\/wp-content\/uploads\/2015\/02\/21-01-2015-28-904x600.jpg 904w, http:\/\/www.decker.wien\/wolfgang\/wp-content\/uploads\/2015\/02\/21-01-2015-28.jpg 1200w\" sizes=\"auto, (max-width: 904px) 100vw, 904px\" \/><\/a><\/p>\n<p>Nachmittags n\u00fctzen wir noch ein wenig das Internet in unserer Unterkunft, bevor wir uns ein wenig in die Stadt aufmachen. Wir besuchen die Promenade, essen im Museum-Cafe eine Kleinigkeit, beobachten die Baustelle des neuen Hotels und fahren anschlie\u00dfend zum Spar, wo wir f\u00fcr die kommenden zwei Wochen unsere Vorr\u00e4te auff\u00fcllen. Zur\u00fcck im Quartier r\u00e4umen wir das Auto ein wenig um, da wir aufgrund der ersten Fahrtage einige Dinge optimieren wollen. Unsere beiden Reisetaschen, die auf den R\u00fccksitzen viel Platz wegnehmen, werden in dicke M\u00fclls\u00e4cke geh\u00fcllt und auf das Dach verfrachtet, die gekauften Wasserkanister werden an der R\u00fcckwand des Canopys festgezurrt, die Schubladen werden ein wenig umger\u00e4umt, etc. Wir&nbsp;frieren auch das erstandene Fleisch im gro\u00dfen K\u00fchlschrank des Quartiers ein, damit es anschlie\u00dfend l\u00e4nger h\u00e4lt und h\u00e4ngen schlie\u00dflich den K\u00fchlschrank des Autos an den Strom im Zimmer, damit die Batterie ein wenig geschont wird.<\/p>\n<p>Sp\u00e4ter gehen wir noch ein wenig spazieren, allerdings sind bereits alle Gesch\u00e4fte geschlossen, da es nach 18:00 Uhr ist. Wir stolpern schlie\u00dflich noch in den Park, in dem allerlei &#8222;handgeschnitzte&#8220; Souvenirs verkauft werden und erstehen &#8222;good price, good price&#8220; vollkommen \u00fcberteuerte kleine Elephanten, obwohl ich meine liebe Frau noch davor gewarnt hatte ;-). Na, ja. Den Erwerb einer Nuss wehre ich anschlie\u00dfend mit &#8222;Thanks, but I&#8217;ve got one already&#8220; ab, bevor wir im Tug am reservierten Fensterplatz den Sonnenuntergang und unser Abendessen genie\u00dfen.<\/p>\n<p><a href=\"http:\/\/www.decker.wien\/wolfgang\/wp-content\/uploads\/2015\/02\/21-01-2015-29.jpg\"><img loading=\"lazy\" decoding=\"async\" class=\"alignnone size-large wp-image-453\" src=\"http:\/\/www.decker.wien\/wolfgang\/wp-content\/uploads\/2015\/02\/21-01-2015-29-1024x680.jpg\" alt=\"21-01-2015-29\" width=\"904\" height=\"600\" srcset=\"http:\/\/www.decker.wien\/wolfgang\/wp-content\/uploads\/2015\/02\/21-01-2015-29-1024x680.jpg 1024w, http:\/\/www.decker.wien\/wolfgang\/wp-content\/uploads\/2015\/02\/21-01-2015-29-300x199.jpg 300w, http:\/\/www.decker.wien\/wolfgang\/wp-content\/uploads\/2015\/02\/21-01-2015-29-904x600.jpg 904w, http:\/\/www.decker.wien\/wolfgang\/wp-content\/uploads\/2015\/02\/21-01-2015-29.jpg 1200w\" sizes=\"auto, (max-width: 904px) 100vw, 904px\" \/><\/a><\/p>\nngg_shortcode_0_placeholder\n<p>&nbsp;<\/p>\n<table width=\"100%\">\n<tbody>\n<tr>\n<td width=\"50%\"><a title=\"Tag 4 \u2013 20. J\u00e4nner 2015\" href=\"http:\/\/www.decker.wien\/wolfgang\/namibia-2015\/tag-4-20-jaenner-2015\/\">Zur\u00fcck zu Tag 4<\/a><\/td>\n<td style=\"text-align: right;\" width=\"50%\"><a title=\"Tag 6 \u2013 22. J\u00e4nner 2015\" href=\"http:\/\/www.decker.wien\/wolfgang\/namibia-2015\/tag-6-22-jaenner-2015\/\">Weiter zu Tag 6<\/a><\/td>\n<\/tr>\n<\/tbody>\n<\/table>\n","protected":false},"excerpt":{"rendered":"<p>Nach einer wieder fr\u00fchen Tagwache um 6:45 fr\u00fchst\u00fccken wir gem\u00fctlich, bevor wir p\u00fcnktlich um 8 Uhr zur Little Five Tour [&hellip;]<\/p>\n","protected":false},"author":1,"featured_media":0,"parent":27,"menu_order":0,"comment_status":"open","ping_status":"closed","template":"","meta":{"site-sidebar-layout":"default","site-content-layout":"","ast-site-content-layout":"default","site-content-style":"default","site-sidebar-style":"default","ast-global-header-display":"","ast-banner-title-visibility":"","ast-main-header-display":"","ast-hfb-above-header-display":"","ast-hfb-below-header-display":"","ast-hfb-mobile-header-display":"","site-post-title":"","ast-breadcrumbs-content":"","ast-featured-img":"","footer-sml-layout":"","ast-disable-related-posts":"","theme-transparent-header-meta":"","adv-header-id-meta":"","stick-header-meta":"","header-above-stick-meta":"","header-main-stick-meta":"","header-below-stick-meta":"","astra-migrate-meta-layouts":"default","ast-page-background-enabled":"default","ast-page-background-meta":{"desktop":{"background-color":"var(--ast-global-color-5)","background-image":"","background-repeat":"repeat","background-position":"center center","background-size":"auto","background-attachment":"scroll","background-type":"","background-media":"","overlay-type":"","overlay-color":"","overlay-opacity":"","overlay-gradient":""},"tablet":{"background-color":"","background-image":"","background-repeat":"repeat","background-position":"center center","background-size":"auto","background-attachment":"scroll","background-type":"","background-media":"","overlay-type":"","overlay-color":"","overlay-opacity":"","overlay-gradient":""},"mobile":{"background-color":"","background-image":"","background-repeat":"repeat","background-position":"center center","background-size":"auto","background-attachment":"scroll","background-type":"","background-media":"","overlay-type":"","overlay-color":"","overlay-opacity":"","overlay-gradient":""}},"ast-content-background-meta":{"desktop":{"background-color":"var(--ast-global-color-4)","background-image":"","background-repeat":"repeat","background-position":"center center","background-size":"auto","background-attachment":"scroll","background-type":"","background-media":"","overlay-type":"","overlay-color":"","overlay-opacity":"","overlay-gradient":""},"tablet":{"background-color":"var(--ast-global-color-4)","background-image":"","background-repeat":"repeat","background-position":"center center","background-size":"auto","background-attachment":"scroll","background-type":"","background-media":"","overlay-type":"","overlay-color":"","overlay-opacity":"","overlay-gradient":""},"mobile":{"background-color":"var(--ast-global-color-4)","background-image":"","background-repeat":"repeat","background-position":"center center","background-size":"auto","background-attachment":"scroll","background-type":"","background-media":"","overlay-type":"","overlay-color":"","overlay-opacity":"","overlay-gradient":""}},"ngg_post_thumbnail":0,"footnotes":""},"class_list":["post-439","page","type-page","status-publish","hentry"],"_links":{"self":[{"href":"http:\/\/www.decker.wien\/wolfgang\/wp-json\/wp\/v2\/pages\/439","targetHints":{"allow":["GET"]}}],"collection":[{"href":"http:\/\/www.decker.wien\/wolfgang\/wp-json\/wp\/v2\/pages"}],"about":[{"href":"http:\/\/www.decker.wien\/wolfgang\/wp-json\/wp\/v2\/types\/page"}],"author":[{"embeddable":true,"href":"http:\/\/www.decker.wien\/wolfgang\/wp-json\/wp\/v2\/users\/1"}],"replies":[{"embeddable":true,"href":"http:\/\/www.decker.wien\/wolfgang\/wp-json\/wp\/v2\/comments?post=439"}],"version-history":[{"count":9,"href":"http:\/\/www.decker.wien\/wolfgang\/wp-json\/wp\/v2\/pages\/439\/revisions"}],"predecessor-version":[{"id":8281,"href":"http:\/\/www.decker.wien\/wolfgang\/wp-json\/wp\/v2\/pages\/439\/revisions\/8281"}],"up":[{"embeddable":true,"href":"http:\/\/www.decker.wien\/wolfgang\/wp-json\/wp\/v2\/pages\/27"}],"wp:attachment":[{"href":"http:\/\/www.decker.wien\/wolfgang\/wp-json\/wp\/v2\/media?parent=439"}],"curies":[{"name":"wp","href":"https:\/\/api.w.org\/{rel}","templated":true}]}}