{"id":4569,"date":"2016-01-01T20:00:23","date_gmt":"2016-01-01T19:00:23","guid":{"rendered":"http:\/\/www.decker.wien\/wolfgang\/?page_id=4569"},"modified":"2026-03-20T11:34:25","modified_gmt":"2026-03-20T10:34:25","slug":"silvester-2015-in-wien","status":"publish","type":"page","link":"http:\/\/www.decker.wien\/wolfgang\/silvester-2015-in-wien\/","title":{"rendered":"Silvester 2015 in Wien"},"content":{"rendered":"<p>Zu Silvester 2015 wollten wir einmal etwas komplett anderes versuchen.<br \/>\nWir packten einen Teil unserer Campingsachen, Essen und Getr\u00e4nke und nat\u00fcrlich mein Fotoequipement zusammen und fuhren auf die Donauinsel in der N\u00e4he vom Wiener Schulschiff, ein St\u00fcck s\u00fcdlich der Floridsdorfer Br\u00fccke.<\/p>\n<p>Dort bauten wir Tisch, Sesseln mit Decken, Kamera mit Stativ und Gl\u00e4ser sowie Teller auf, lie\u00dfen uns unser Beef Tartare gut schmecken und betrachteten das Feuerwerk rund um den Milleniums-Tower.<\/p>\n<p>Zur Abwehr der K\u00e4lte f\u00fcllten wir unseren alten Wok-Topf mit Holzkohle und w\u00e4rmten uns am hei\u00dfen Feuer. Bei dem passenden Wetter (knapp unter 0 Grad, aber kein Wind und kein Niederschlag) war das allerdings fast nicht notwendig. Wir lie\u00dfen uns das Essen und den Sekt gut schmecken, und ich fotographierte &#8222;einfach&#8220; so drauf los.<\/p>\n<p>Die Fotos sind alle mit Stativ, Fernausl\u00f6ser und Langzeitbelichtung (~ 20-30 Sekunden) entstanden. Teilweise habe ich anschlie\u00dfend mit Photoshop einige Bilder zusammengef\u00fcgt und &#8211; vor allem bei jenen, die sp\u00e4ter aufgenommen wurden &#8211; die Helligkeit noch ver\u00e4ndert. Durch die Vielzahl der Raketen war nach Mitternacht der Dunst und somit die Hintergrundhelligkeit schon ziemlich massiv.<\/p>\nngg_shortcode_0_placeholder\n","protected":false},"excerpt":{"rendered":"<p>Zu Silvester 2015 wollten wir einmal etwas komplett anderes versuchen. Wir packten einen Teil unserer Campingsachen, Essen und Getr\u00e4nke und [&hellip;]<\/p>\n","protected":false},"author":1,"featured_media":0,"parent":0,"menu_order":0,"comment_status":"closed","ping_status":"closed","template":"","meta":{"site-sidebar-layout":"default","site-content-layout":"","ast-site-content-layout":"default","site-content-style":"default","site-sidebar-style":"default","ast-global-header-display":"","ast-banner-title-visibility":"","ast-main-header-display":"","ast-hfb-above-header-display":"","ast-hfb-below-header-display":"","ast-hfb-mobile-header-display":"","site-post-title":"","ast-breadcrumbs-content":"","ast-featured-img":"","footer-sml-layout":"","ast-disable-related-posts":"","theme-transparent-header-meta":"","adv-header-id-meta":"","stick-header-meta":"","header-above-stick-meta":"","header-main-stick-meta":"","header-below-stick-meta":"","astra-migrate-meta-layouts":"default","ast-page-background-enabled":"default","ast-page-background-meta":{"desktop":{"background-color":"var(--ast-global-color-5)","background-image":"","background-repeat":"repeat","background-position":"center center","background-size":"auto","background-attachment":"scroll","background-type":"","background-media":"","overlay-type":"","overlay-color":"","overlay-opacity":"","overlay-gradient":""},"tablet":{"background-color":"","background-image":"","background-repeat":"repeat","background-position":"center center","background-size":"auto","background-attachment":"scroll","background-type":"","background-media":"","overlay-type":"","overlay-color":"","overlay-opacity":"","overlay-gradient":""},"mobile":{"background-color":"","background-image":"","background-repeat":"repeat","background-position":"center center","background-size":"auto","background-attachment":"scroll","background-type":"","background-media":"","overlay-type":"","overlay-color":"","overlay-opacity":"","overlay-gradient":""}},"ast-content-background-meta":{"desktop":{"background-color":"var(--ast-global-color-4)","background-image":"","background-repeat":"repeat","background-position":"center center","background-size":"auto","background-attachment":"scroll","background-type":"","background-media":"","overlay-type":"","overlay-color":"","overlay-opacity":"","overlay-gradient":""},"tablet":{"background-color":"var(--ast-global-color-4)","background-image":"","background-repeat":"repeat","background-position":"center center","background-size":"auto","background-attachment":"scroll","background-type":"","background-media":"","overlay-type":"","overlay-color":"","overlay-opacity":"","overlay-gradient":""},"mobile":{"background-color":"var(--ast-global-color-4)","background-image":"","background-repeat":"repeat","background-position":"center center","background-size":"auto","background-attachment":"scroll","background-type":"","background-media":"","overlay-type":"","overlay-color":"","overlay-opacity":"","overlay-gradient":""}},"ngg_post_thumbnail":0,"footnotes":""},"class_list":["post-4569","page","type-page","status-publish","hentry"],"_links":{"self":[{"href":"http:\/\/www.decker.wien\/wolfgang\/wp-json\/wp\/v2\/pages\/4569","targetHints":{"allow":["GET"]}}],"collection":[{"href":"http:\/\/www.decker.wien\/wolfgang\/wp-json\/wp\/v2\/pages"}],"about":[{"href":"http:\/\/www.decker.wien\/wolfgang\/wp-json\/wp\/v2\/types\/page"}],"author":[{"embeddable":true,"href":"http:\/\/www.decker.wien\/wolfgang\/wp-json\/wp\/v2\/users\/1"}],"replies":[{"embeddable":true,"href":"http:\/\/www.decker.wien\/wolfgang\/wp-json\/wp\/v2\/comments?post=4569"}],"version-history":[{"count":2,"href":"http:\/\/www.decker.wien\/wolfgang\/wp-json\/wp\/v2\/pages\/4569\/revisions"}],"predecessor-version":[{"id":8259,"href":"http:\/\/www.decker.wien\/wolfgang\/wp-json\/wp\/v2\/pages\/4569\/revisions\/8259"}],"wp:attachment":[{"href":"http:\/\/www.decker.wien\/wolfgang\/wp-json\/wp\/v2\/media?parent=4569"}],"curies":[{"name":"wp","href":"https:\/\/api.w.org\/{rel}","templated":true}]}}