{"id":4750,"date":"2016-05-31T09:54:30","date_gmt":"2016-05-31T08:54:30","guid":{"rendered":"http:\/\/www.decker.wien\/wolfgang\/?page_id=4750"},"modified":"2026-03-20T11:34:50","modified_gmt":"2026-03-20T10:34:50","slug":"sk-rapid-abrissparty-4-10-2014","status":"publish","type":"page","link":"http:\/\/www.decker.wien\/wolfgang\/sk-rapid-abrissparty-4-10-2014\/","title":{"rendered":"SK Rapid Abrissparty 4.10.2014"},"content":{"rendered":"<p>Time to say goodbye.<\/p>\n<p>Nach 37 Jahren Hanappi-Stadion war am 4.10.2014 endg\u00fcltig Schluss. Bei einer gro\u00dfartigen Abrissparty konnten Sessel abmontiert, Rasenst\u00fccke ausgestochen, Netze abgeschnitten und sogar Betonst\u00fccke&nbsp;ausgestemmt werden. Zu dem Event kamen \u2013 obwohl die Bildauswahl das nicht zeigt \u2013 mehr Zuseher, als bei vielen Bundesligaclubs zum Spiel. Insgesamt nahmen&nbsp;rund 10.000 Fans von 10 bis 18 Uhr das Angebot wahr und trugen Sessel um Sessel sowie hunderte Rasenst\u00fccke nach Hause. Wie man sieht, blieb auf der West kein einziger Sessel \u00fcbrig\u2026<\/p>\n<p>Ein melancholischer Abschied.<\/p>\nngg_shortcode_0_placeholder\n","protected":false},"excerpt":{"rendered":"<p>Time to say goodbye. Nach 37 Jahren Hanappi-Stadion war am 4.10.2014 endg\u00fcltig Schluss. Bei einer gro\u00dfartigen Abrissparty konnten Sessel abmontiert, [&hellip;]<\/p>\n","protected":false},"author":1,"featured_media":0,"parent":0,"menu_order":0,"comment_status":"closed","ping_status":"closed","template":"","meta":{"site-sidebar-layout":"default","site-content-layout":"","ast-site-content-layout":"default","site-content-style":"default","site-sidebar-style":"default","ast-global-header-display":"","ast-banner-title-visibility":"","ast-main-header-display":"","ast-hfb-above-header-display":"","ast-hfb-below-header-display":"","ast-hfb-mobile-header-display":"","site-post-title":"","ast-breadcrumbs-content":"","ast-featured-img":"","footer-sml-layout":"","ast-disable-related-posts":"","theme-transparent-header-meta":"","adv-header-id-meta":"","stick-header-meta":"","header-above-stick-meta":"","header-main-stick-meta":"","header-below-stick-meta":"","astra-migrate-meta-layouts":"default","ast-page-background-enabled":"default","ast-page-background-meta":{"desktop":{"background-color":"var(--ast-global-color-5)","background-image":"","background-repeat":"repeat","background-position":"center center","background-size":"auto","background-attachment":"scroll","background-type":"","background-media":"","overlay-type":"","overlay-color":"","overlay-opacity":"","overlay-gradient":""},"tablet":{"background-color":"","background-image":"","background-repeat":"repeat","background-position":"center center","background-size":"auto","background-attachment":"scroll","background-type":"","background-media":"","overlay-type":"","overlay-color":"","overlay-opacity":"","overlay-gradient":""},"mobile":{"background-color":"","background-image":"","background-repeat":"repeat","background-position":"center center","background-size":"auto","background-attachment":"scroll","background-type":"","background-media":"","overlay-type":"","overlay-color":"","overlay-opacity":"","overlay-gradient":""}},"ast-content-background-meta":{"desktop":{"background-color":"var(--ast-global-color-4)","background-image":"","background-repeat":"repeat","background-position":"center center","background-size":"auto","background-attachment":"scroll","background-type":"","background-media":"","overlay-type":"","overlay-color":"","overlay-opacity":"","overlay-gradient":""},"tablet":{"background-color":"var(--ast-global-color-4)","background-image":"","background-repeat":"repeat","background-position":"center center","background-size":"auto","background-attachment":"scroll","background-type":"","background-media":"","overlay-type":"","overlay-color":"","overlay-opacity":"","overlay-gradient":""},"mobile":{"background-color":"var(--ast-global-color-4)","background-image":"","background-repeat":"repeat","background-position":"center center","background-size":"auto","background-attachment":"scroll","background-type":"","background-media":"","overlay-type":"","overlay-color":"","overlay-opacity":"","overlay-gradient":""}},"ngg_post_thumbnail":0,"footnotes":""},"class_list":["post-4750","page","type-page","status-publish","hentry"],"_links":{"self":[{"href":"http:\/\/www.decker.wien\/wolfgang\/wp-json\/wp\/v2\/pages\/4750","targetHints":{"allow":["GET"]}}],"collection":[{"href":"http:\/\/www.decker.wien\/wolfgang\/wp-json\/wp\/v2\/pages"}],"about":[{"href":"http:\/\/www.decker.wien\/wolfgang\/wp-json\/wp\/v2\/types\/page"}],"author":[{"embeddable":true,"href":"http:\/\/www.decker.wien\/wolfgang\/wp-json\/wp\/v2\/users\/1"}],"replies":[{"embeddable":true,"href":"http:\/\/www.decker.wien\/wolfgang\/wp-json\/wp\/v2\/comments?post=4750"}],"version-history":[{"count":2,"href":"http:\/\/www.decker.wien\/wolfgang\/wp-json\/wp\/v2\/pages\/4750\/revisions"}],"predecessor-version":[{"id":8260,"href":"http:\/\/www.decker.wien\/wolfgang\/wp-json\/wp\/v2\/pages\/4750\/revisions\/8260"}],"wp:attachment":[{"href":"http:\/\/www.decker.wien\/wolfgang\/wp-json\/wp\/v2\/media?parent=4750"}],"curies":[{"name":"wp","href":"https:\/\/api.w.org\/{rel}","templated":true}]}}