{"id":4873,"date":"2016-07-09T21:37:53","date_gmt":"2016-07-09T20:37:53","guid":{"rendered":"http:\/\/www.decker.wien\/wolfgang\/?page_id=4873"},"modified":"2026-03-20T11:41:14","modified_gmt":"2026-03-20T10:41:14","slug":"vor-eroeffnung-rapid-stadion-9-7-2016","status":"publish","type":"page","link":"http:\/\/www.decker.wien\/wolfgang\/vor-eroeffnung-rapid-stadion-9-7-2016\/","title":{"rendered":"Vor-Er\u00f6ffnung Rapid-Stadion 9.7.2016"},"content":{"rendered":"<p>Am 9.7.2016, fast genau zwei Jahre nach dem letzten Spiel im alten Hanappi-Stadion, fand die &#8222;Vor-Er\u00f6ffnung&#8220; des neuen Rapid Allianz-Stadions statt.&nbsp;Die Vor-Er\u00f6ffnung war Mitgliedern vorbehalten, man wollte diesen einerseits das neue Stadion vorstellen, andererseits die Abl\u00e4ufe hinsichtlich Eintrittskarten, Zug\u00e4nge, Restauration etc. testen.<\/p>\n<p>Es war noch nicht alles zu 100% fertig, im G\u00e4stesektor fehlten noch alle Sitze, auch im Block West waren noch nicht alle Wellenbrecher bei den Stehpl\u00e4tzen montiert (bei internationalen Spielen wird der Bereich auf Sitzpl\u00e4tze umgebaut). Auch im &#8222;VIP-Bereich&#8220; fehlten noch ein paar Sesseln. Aber das konnte nicht dr\u00fcber hinwegt\u00e4uschen, dass&nbsp;das neue Stadion ein wirkliches Schmuckst\u00fcck geworden ist. Schon die ca. 5000, die heute da waren haben akustisch schon einiges bewirkt, da bin ich sehr auf kommenden Samstag (offizielle Er\u00f6ffnung des Stadions mit einem Freundschaftsspiel gegen Chelsea) gespannt.<\/p>\nngg_shortcode_0_placeholder\n","protected":false},"excerpt":{"rendered":"<p>Am 9.7.2016, fast genau zwei Jahre nach dem letzten Spiel im alten Hanappi-Stadion, fand die &#8222;Vor-Er\u00f6ffnung&#8220; des neuen Rapid Allianz-Stadions [&hellip;]<\/p>\n","protected":false},"author":1,"featured_media":0,"parent":0,"menu_order":0,"comment_status":"closed","ping_status":"closed","template":"","meta":{"site-sidebar-layout":"default","site-content-layout":"","ast-site-content-layout":"default","site-content-style":"default","site-sidebar-style":"default","ast-global-header-display":"","ast-banner-title-visibility":"","ast-main-header-display":"","ast-hfb-above-header-display":"","ast-hfb-below-header-display":"","ast-hfb-mobile-header-display":"","site-post-title":"","ast-breadcrumbs-content":"","ast-featured-img":"","footer-sml-layout":"","ast-disable-related-posts":"","theme-transparent-header-meta":"","adv-header-id-meta":"","stick-header-meta":"","header-above-stick-meta":"","header-main-stick-meta":"","header-below-stick-meta":"","astra-migrate-meta-layouts":"default","ast-page-background-enabled":"default","ast-page-background-meta":{"desktop":{"background-color":"var(--ast-global-color-5)","background-image":"","background-repeat":"repeat","background-position":"center center","background-size":"auto","background-attachment":"scroll","background-type":"","background-media":"","overlay-type":"","overlay-color":"","overlay-opacity":"","overlay-gradient":""},"tablet":{"background-color":"","background-image":"","background-repeat":"repeat","background-position":"center center","background-size":"auto","background-attachment":"scroll","background-type":"","background-media":"","overlay-type":"","overlay-color":"","overlay-opacity":"","overlay-gradient":""},"mobile":{"background-color":"","background-image":"","background-repeat":"repeat","background-position":"center center","background-size":"auto","background-attachment":"scroll","background-type":"","background-media":"","overlay-type":"","overlay-color":"","overlay-opacity":"","overlay-gradient":""}},"ast-content-background-meta":{"desktop":{"background-color":"var(--ast-global-color-4)","background-image":"","background-repeat":"repeat","background-position":"center center","background-size":"auto","background-attachment":"scroll","background-type":"","background-media":"","overlay-type":"","overlay-color":"","overlay-opacity":"","overlay-gradient":""},"tablet":{"background-color":"var(--ast-global-color-4)","background-image":"","background-repeat":"repeat","background-position":"center center","background-size":"auto","background-attachment":"scroll","background-type":"","background-media":"","overlay-type":"","overlay-color":"","overlay-opacity":"","overlay-gradient":""},"mobile":{"background-color":"var(--ast-global-color-4)","background-image":"","background-repeat":"repeat","background-position":"center center","background-size":"auto","background-attachment":"scroll","background-type":"","background-media":"","overlay-type":"","overlay-color":"","overlay-opacity":"","overlay-gradient":""}},"ngg_post_thumbnail":0,"footnotes":""},"class_list":["post-4873","page","type-page","status-publish","hentry"],"_links":{"self":[{"href":"http:\/\/www.decker.wien\/wolfgang\/wp-json\/wp\/v2\/pages\/4873","targetHints":{"allow":["GET"]}}],"collection":[{"href":"http:\/\/www.decker.wien\/wolfgang\/wp-json\/wp\/v2\/pages"}],"about":[{"href":"http:\/\/www.decker.wien\/wolfgang\/wp-json\/wp\/v2\/types\/page"}],"author":[{"embeddable":true,"href":"http:\/\/www.decker.wien\/wolfgang\/wp-json\/wp\/v2\/users\/1"}],"replies":[{"embeddable":true,"href":"http:\/\/www.decker.wien\/wolfgang\/wp-json\/wp\/v2\/comments?post=4873"}],"version-history":[{"count":3,"href":"http:\/\/www.decker.wien\/wolfgang\/wp-json\/wp\/v2\/pages\/4873\/revisions"}],"predecessor-version":[{"id":8271,"href":"http:\/\/www.decker.wien\/wolfgang\/wp-json\/wp\/v2\/pages\/4873\/revisions\/8271"}],"wp:attachment":[{"href":"http:\/\/www.decker.wien\/wolfgang\/wp-json\/wp\/v2\/media?parent=4873"}],"curies":[{"name":"wp","href":"https:\/\/api.w.org\/{rel}","templated":true}]}}