{"id":521,"date":"2015-02-22T14:42:33","date_gmt":"2015-02-22T13:42:33","guid":{"rendered":"http:\/\/www.decker.wien\/wolfgang\/?page_id=521"},"modified":"2026-03-20T11:49:09","modified_gmt":"2026-03-20T10:49:09","slug":"tag-6-22-jaenner-2015","status":"publish","type":"page","link":"http:\/\/www.decker.wien\/wolfgang\/namibia-2015\/tag-6-22-jaenner-2015\/","title":{"rendered":"Tag 06 &#8211; 22. J\u00e4nner 2015"},"content":{"rendered":"<p>Um 7:15 ist heute Abfahrt nach Walvis Bay, dort wollen wir die Bootstour sowie die Fahrt nach Sandwich Harbour unternehmen. Zum Gl\u00fcck h\u00e4lt sich der Nebel heute in Grenzen, wir kommen rechtzeitig an und das Navi lotst uns auch gleich richtig zur Abfahrtsstelle. Im Hafen liegt ein gro\u00dfes Kreuzfahrtschiff, das aus Kapstadt kommend am Morgen festgemacht hat. Auf der Wiese daneben wird ein gro\u00dfes Bierzelt aufgebaut. Angeblich drehen sie hier heute auch f\u00fcr einen Film, n\u00e4heres k\u00f6nnen wir nicht&nbsp;herausfinden.&nbsp;Leider ist es ziemlich bew\u00f6lkt, mit etwa 18 Grad auch recht frisch. H\u00e4tte mir doch meine Jacke mitnehmen sollen. Sommer in Namibia \ud83d\ude09<\/p>\n<p><a href=\"http:\/\/www.decker.wien\/wolfgang\/wp-content\/uploads\/2015\/02\/22-01-2015-07.jpg\"><img loading=\"lazy\" decoding=\"async\" class=\"alignnone size-large wp-image-529\" src=\"http:\/\/www.decker.wien\/wolfgang\/wp-content\/uploads\/2015\/02\/22-01-2015-07-1024x768.jpg\" alt=\"22-01-2015-07\" width=\"904\" height=\"678\" srcset=\"http:\/\/www.decker.wien\/wolfgang\/wp-content\/uploads\/2015\/02\/22-01-2015-07-1024x768.jpg 1024w, http:\/\/www.decker.wien\/wolfgang\/wp-content\/uploads\/2015\/02\/22-01-2015-07-300x225.jpg 300w, http:\/\/www.decker.wien\/wolfgang\/wp-content\/uploads\/2015\/02\/22-01-2015-07-904x678.jpg 904w, http:\/\/www.decker.wien\/wolfgang\/wp-content\/uploads\/2015\/02\/22-01-2015-07.jpg 1200w\" sizes=\"auto, (max-width: 904px) 100vw, 904px\" \/><\/a> <a href=\"http:\/\/www.decker.wien\/wolfgang\/wp-content\/uploads\/2015\/02\/22-01-2015-08.jpg\"><img loading=\"lazy\" decoding=\"async\" class=\"alignnone size-large wp-image-530\" src=\"http:\/\/www.decker.wien\/wolfgang\/wp-content\/uploads\/2015\/02\/22-01-2015-08-1024x768.jpg\" alt=\"22-01-2015-08\" width=\"904\" height=\"678\" srcset=\"http:\/\/www.decker.wien\/wolfgang\/wp-content\/uploads\/2015\/02\/22-01-2015-08-1024x768.jpg 1024w, http:\/\/www.decker.wien\/wolfgang\/wp-content\/uploads\/2015\/02\/22-01-2015-08-300x225.jpg 300w, http:\/\/www.decker.wien\/wolfgang\/wp-content\/uploads\/2015\/02\/22-01-2015-08-904x678.jpg 904w, http:\/\/www.decker.wien\/wolfgang\/wp-content\/uploads\/2015\/02\/22-01-2015-08.jpg 1200w\" sizes=\"auto, (max-width: 904px) 100vw, 904px\" \/><\/a><\/p>\n<p>Wir fahren mit Silverline Katamaran und ungef\u00e4hr 15 Besuchern an Bord hinaus, wo gleich der obligatorische Seel\u00f6we an Bord kommt. Belohnt mit Fisch bleibt er eine Zeit lang an Deck, w\u00e4hrend charakteristische Merkmale erkl\u00e4rt werden. Zudem kommen dann auch die Pelikane, von denen einer von unserem Guide aufgezogen und daher besonders zutraulich ist. So zumindest wird es uns erkl\u00e4rt ;-).<\/p>\n<p><img loading=\"lazy\" decoding=\"async\" class=\"alignnone size-large wp-image-527\" src=\"http:\/\/www.decker.wien\/wolfgang\/wp-content\/uploads\/2015\/02\/22-01-2015-02-1024x768.jpg\" alt=\"22-01-2015-02\" width=\"904\" height=\"678\" srcset=\"http:\/\/www.decker.wien\/wolfgang\/wp-content\/uploads\/2015\/02\/22-01-2015-02-1024x768.jpg 1024w, http:\/\/www.decker.wien\/wolfgang\/wp-content\/uploads\/2015\/02\/22-01-2015-02-300x225.jpg 300w, http:\/\/www.decker.wien\/wolfgang\/wp-content\/uploads\/2015\/02\/22-01-2015-02-904x678.jpg 904w, http:\/\/www.decker.wien\/wolfgang\/wp-content\/uploads\/2015\/02\/22-01-2015-02.jpg 1200w\" sizes=\"auto, (max-width: 904px) 100vw, 904px\" \/><\/p>\n<p><img loading=\"lazy\" decoding=\"async\" class=\"alignnone size-large wp-image-528\" src=\"http:\/\/www.decker.wien\/wolfgang\/wp-content\/uploads\/2015\/02\/22-01-2015-06-1024x680.jpg\" alt=\"22-01-2015-06\" width=\"904\" height=\"600\" srcset=\"http:\/\/www.decker.wien\/wolfgang\/wp-content\/uploads\/2015\/02\/22-01-2015-06-1024x680.jpg 1024w, http:\/\/www.decker.wien\/wolfgang\/wp-content\/uploads\/2015\/02\/22-01-2015-06-300x199.jpg 300w, http:\/\/www.decker.wien\/wolfgang\/wp-content\/uploads\/2015\/02\/22-01-2015-06-904x600.jpg 904w, http:\/\/www.decker.wien\/wolfgang\/wp-content\/uploads\/2015\/02\/22-01-2015-06.jpg 1200w\" sizes=\"auto, (max-width: 904px) 100vw, 904px\" \/><\/p>\n<p>Wir fahren entlang der Landzunge Richtung offenes Meer, erfahren anhand des plastischen Beispiels, dass ein schwarz\/wei\u00dfer Leuchtturm besser zu sehen ist, als ein rot\/weisser, wenn davor und dahinter Wasser ist und erfahren auch, dass die Landzunge jedes Jahr um einige Meter w\u00e4chst. Dies ist auch der Grund, warum der Leuchtturm nun schon lange nicht mehr an der Spitze der Landzunge steht. Trotz Decken, die ausgeteilt wurden, ist es immer noch ziemlich&nbsp;frisch, der Fahrtwind des Bootes tut sein \u00fcbriges. Wir besuchen die Seel\u00f6wenkolonie, die an der Spitze der Landzunge beheimatet ist, sehen ein paar Kanuten der hier ebenfalls angebotenen Paddeltouren und nehmen dann Kurs auf&#8217;s offene Meer, um eventuell Delphine, Wale oder Seeschildkr\u00f6ten zu finden.&nbsp;Leider l\u00e4sst sich heute keines der genannten Tiere sehen.<\/p>\n<p><a href=\"http:\/\/www.decker.wien\/wolfgang\/wp-content\/uploads\/2015\/02\/22-01-2015-10.jpg\"><img loading=\"lazy\" decoding=\"async\" class=\"alignnone size-large wp-image-531\" src=\"http:\/\/www.decker.wien\/wolfgang\/wp-content\/uploads\/2015\/02\/22-01-2015-10-1024x680.jpg\" alt=\"22-01-2015-10\" width=\"904\" height=\"600\" srcset=\"http:\/\/www.decker.wien\/wolfgang\/wp-content\/uploads\/2015\/02\/22-01-2015-10-1024x680.jpg 1024w, http:\/\/www.decker.wien\/wolfgang\/wp-content\/uploads\/2015\/02\/22-01-2015-10-300x199.jpg 300w, http:\/\/www.decker.wien\/wolfgang\/wp-content\/uploads\/2015\/02\/22-01-2015-10-904x600.jpg 904w, http:\/\/www.decker.wien\/wolfgang\/wp-content\/uploads\/2015\/02\/22-01-2015-10.jpg 1200w\" sizes=\"auto, (max-width: 904px) 100vw, 904px\" \/><\/a><\/p>\n<p>Wir fahren an zwei gro\u00dfen Bohrschiffen vorbei, bevor wir umdrehen und Richtung Walvis Bay zur\u00fcckfahren. Auf der R\u00fcckfahrt wird nun in der Kabine des&nbsp;Schiffes aufgetischt. Austern (die hier gez\u00fcchtet werden und wegen des extrem n\u00e4hrstoffhaltigen Wassers schnell wachsen und &#8222;die besten der Welt&#8220; sein sollen), Sekt, alle Arten von Fingerfood&nbsp;und anschlie\u00dfend s\u00fc\u00dfe Nachspeisen verk\u00fcrzen die Fahrt. Dennoch bleibt bei mir ein etwas zwiesp\u00e4ltiges Gef\u00fchl, wirklich lohnenswert war dieser Ausflug f\u00fcr mich nicht.<\/p>\n<p><a href=\"http:\/\/www.decker.wien\/wolfgang\/wp-content\/uploads\/2015\/02\/22-01-2015-13.jpg\"><img loading=\"lazy\" decoding=\"async\" class=\"alignnone size-large wp-image-532\" src=\"http:\/\/www.decker.wien\/wolfgang\/wp-content\/uploads\/2015\/02\/22-01-2015-13-1024x768.jpg\" alt=\"22-01-2015-13\" width=\"904\" height=\"678\" srcset=\"http:\/\/www.decker.wien\/wolfgang\/wp-content\/uploads\/2015\/02\/22-01-2015-13-1024x768.jpg 1024w, http:\/\/www.decker.wien\/wolfgang\/wp-content\/uploads\/2015\/02\/22-01-2015-13-300x225.jpg 300w, http:\/\/www.decker.wien\/wolfgang\/wp-content\/uploads\/2015\/02\/22-01-2015-13-904x678.jpg 904w, http:\/\/www.decker.wien\/wolfgang\/wp-content\/uploads\/2015\/02\/22-01-2015-13.jpg 1200w\" sizes=\"auto, (max-width: 904px) 100vw, 904px\" \/><\/a><\/p>\n<p>Anders verh\u00e4lt es sich mit der Tour nach Sandwich Harbour. Diese findet gleich anschlie\u00dfend an die Bootstour statt. Im Vorfeld habe ich mich bereits \u00fcber die Gezeiten informiert und mitbekommen, dass am Nachmittag die Flut beginnt. Zudem soll es sich um eine &#8222;Springtide&#8220; handeln, also um eine besonders starke Flut. Deshalb konnte uns auch nicht zugesichert werden, dass es sich bis Sandwich Harbour ausgehen w\u00fcrde. Kurt, unser Fahrer, der schon seit \u00fcber 20 Jahren f\u00fcr die Agentur f\u00e4hrt, ist heute mit eigenem Fahrzeug unterwegs und m\u00f6chte uns unbedingt nach Sandwich bringen. Entsprechend ist sein Fahrstil auf dem brettlebenen Strand. Die Fahrt ist beeindruckend, links die D\u00fcnen, aus denen Sand-Wasserf\u00e4lle fliessen, rechts das Wasser, dessen Wellen immer weiter Richtung D\u00fcnen kommen.<\/p>\n<p><a href=\"http:\/\/www.decker.wien\/wolfgang\/wp-content\/uploads\/2015\/02\/22-01-2015-15.jpg\"><img loading=\"lazy\" decoding=\"async\" class=\"alignnone size-large wp-image-533\" src=\"http:\/\/www.decker.wien\/wolfgang\/wp-content\/uploads\/2015\/02\/22-01-2015-15-1024x680.jpg\" alt=\"22-01-2015-15\" width=\"904\" height=\"600\" srcset=\"http:\/\/www.decker.wien\/wolfgang\/wp-content\/uploads\/2015\/02\/22-01-2015-15-1024x680.jpg 1024w, http:\/\/www.decker.wien\/wolfgang\/wp-content\/uploads\/2015\/02\/22-01-2015-15-300x199.jpg 300w, http:\/\/www.decker.wien\/wolfgang\/wp-content\/uploads\/2015\/02\/22-01-2015-15-904x600.jpg 904w, http:\/\/www.decker.wien\/wolfgang\/wp-content\/uploads\/2015\/02\/22-01-2015-15.jpg 1200w\" sizes=\"auto, (max-width: 904px) 100vw, 904px\" \/><\/a> <a href=\"http:\/\/www.decker.wien\/wolfgang\/wp-content\/uploads\/2015\/02\/22-01-2015-16.jpg\"><img loading=\"lazy\" decoding=\"async\" class=\"alignnone size-large wp-image-534\" src=\"http:\/\/www.decker.wien\/wolfgang\/wp-content\/uploads\/2015\/02\/22-01-2015-16-1024x680.jpg\" alt=\"22-01-2015-16\" width=\"904\" height=\"600\" srcset=\"http:\/\/www.decker.wien\/wolfgang\/wp-content\/uploads\/2015\/02\/22-01-2015-16-1024x680.jpg 1024w, http:\/\/www.decker.wien\/wolfgang\/wp-content\/uploads\/2015\/02\/22-01-2015-16-300x199.jpg 300w, http:\/\/www.decker.wien\/wolfgang\/wp-content\/uploads\/2015\/02\/22-01-2015-16-904x600.jpg 904w, http:\/\/www.decker.wien\/wolfgang\/wp-content\/uploads\/2015\/02\/22-01-2015-16.jpg 1200w\" sizes=\"auto, (max-width: 904px) 100vw, 904px\" \/><\/a> <a href=\"http:\/\/www.decker.wien\/wolfgang\/wp-content\/uploads\/2015\/02\/22-01-2015-21.jpg\"><img loading=\"lazy\" decoding=\"async\" class=\"alignnone size-large wp-image-535\" src=\"http:\/\/www.decker.wien\/wolfgang\/wp-content\/uploads\/2015\/02\/22-01-2015-21-1024x680.jpg\" alt=\"22-01-2015-21\" width=\"904\" height=\"600\" srcset=\"http:\/\/www.decker.wien\/wolfgang\/wp-content\/uploads\/2015\/02\/22-01-2015-21-1024x680.jpg 1024w, http:\/\/www.decker.wien\/wolfgang\/wp-content\/uploads\/2015\/02\/22-01-2015-21-300x199.jpg 300w, http:\/\/www.decker.wien\/wolfgang\/wp-content\/uploads\/2015\/02\/22-01-2015-21-904x600.jpg 904w, http:\/\/www.decker.wien\/wolfgang\/wp-content\/uploads\/2015\/02\/22-01-2015-21.jpg 1200w\" sizes=\"auto, (max-width: 904px) 100vw, 904px\" \/><\/a><\/p>\n<p>Trotz ein paar Fotostopps erreichen wir Sandwich Harbour noch rechtzeitig, um ein St\u00fcck die D\u00fcne hinauf zu klettern und Fotos zu machen.<\/p>\n<p><a href=\"http:\/\/www.decker.wien\/wolfgang\/wp-content\/uploads\/2015\/02\/22-01-2015-23.jpg\"><img loading=\"lazy\" decoding=\"async\" class=\"alignnone size-large wp-image-536\" src=\"http:\/\/www.decker.wien\/wolfgang\/wp-content\/uploads\/2015\/02\/22-01-2015-23-1024x680.jpg\" alt=\"22-01-2015-23\" width=\"904\" height=\"600\" srcset=\"http:\/\/www.decker.wien\/wolfgang\/wp-content\/uploads\/2015\/02\/22-01-2015-23-1024x680.jpg 1024w, http:\/\/www.decker.wien\/wolfgang\/wp-content\/uploads\/2015\/02\/22-01-2015-23-300x199.jpg 300w, http:\/\/www.decker.wien\/wolfgang\/wp-content\/uploads\/2015\/02\/22-01-2015-23-904x600.jpg 904w, http:\/\/www.decker.wien\/wolfgang\/wp-content\/uploads\/2015\/02\/22-01-2015-23.jpg 1200w\" sizes=\"auto, (max-width: 904px) 100vw, 904px\" \/><\/a><\/p>\n<p><a href=\"http:\/\/www.decker.wien\/wolfgang\/wp-content\/uploads\/2015\/02\/22-01-2015-24.jpg\"><img loading=\"lazy\" decoding=\"async\" class=\"alignnone size-large wp-image-537\" src=\"http:\/\/www.decker.wien\/wolfgang\/wp-content\/uploads\/2015\/02\/22-01-2015-24-1024x680.jpg\" alt=\"22-01-2015-24\" width=\"904\" height=\"600\" srcset=\"http:\/\/www.decker.wien\/wolfgang\/wp-content\/uploads\/2015\/02\/22-01-2015-24-1024x680.jpg 1024w, http:\/\/www.decker.wien\/wolfgang\/wp-content\/uploads\/2015\/02\/22-01-2015-24-300x199.jpg 300w, http:\/\/www.decker.wien\/wolfgang\/wp-content\/uploads\/2015\/02\/22-01-2015-24-904x600.jpg 904w, http:\/\/www.decker.wien\/wolfgang\/wp-content\/uploads\/2015\/02\/22-01-2015-24.jpg 1200w\" sizes=\"auto, (max-width: 904px) 100vw, 904px\" \/><\/a><\/p>\n<p>Nach ca. 20 Minuten geht&#8217;s dann zur\u00fcck. Einige Wellen kommen nun schon bis zum D\u00fcnenansatz, fahrbar bleibt es allerdings, auch wenn wir einmal eine kleine Welle mitnehmen&#8230;<br \/>\nMan kann aber erahnen, dass es maximal noch 15 Minuten braucht, bis diese Passagen unfahrbar werden. Und das war erst zu Beginn der Flut. Beachtet man die Gezeiten und ist mindestens mit zwei Fahrzeugen unterwegs, ist die Fahrt nach Sandwich Harbour allerdings ziemlich problemlos machbar.<\/p>\n<p><iframe loading=\"lazy\" src=\"https:\/\/www.youtube.com\/embed\/o6olBhhDtbQ?rel=0\" width=\"560\" height=\"315\" frameborder=\"0\" allowfullscreen=\"allowfullscreen\"><\/iframe><br \/>\n<iframe loading=\"lazy\" src=\"https:\/\/www.youtube.com\/embed\/OuIS2cncDt0?rel=0\" width=\"560\" height=\"315\" frameborder=\"0\" allowfullscreen=\"allowfullscreen\"><\/iframe><\/p>\n<p>Schlie\u00dflich erreichen wir den Punkt, an dem man vom Wasser weg in die D\u00fcnen fahren kann und erklimmen &#8222;the top of the dunes&#8220;, wo wir einen herrlichen Ausblick auf die D\u00fcnenw\u00e4nde haben. Auch hier gibt&#8217;s mitten im Sand wieder etwas zu essen. Wieder Austern, Br\u00f6tchen und Sekt. Wir genie\u00dfen es, zudem ist&nbsp;mittlerweile die Sonne ein wenig rausgekommen und die Temperaturen sind ebenfalls wieder angenehm.<\/p>\n<p><a href=\"http:\/\/www.decker.wien\/wolfgang\/wp-content\/uploads\/2015\/02\/22-01-2015-26.jpg\"><img loading=\"lazy\" decoding=\"async\" class=\"alignnone size-large wp-image-617\" src=\"http:\/\/www.decker.wien\/wolfgang\/wp-content\/uploads\/2015\/02\/22-01-2015-26-1024x680.jpg\" alt=\"22-01-2015-26\" width=\"904\" height=\"600\" srcset=\"http:\/\/www.decker.wien\/wolfgang\/wp-content\/uploads\/2015\/02\/22-01-2015-26-1024x680.jpg 1024w, http:\/\/www.decker.wien\/wolfgang\/wp-content\/uploads\/2015\/02\/22-01-2015-26-300x199.jpg 300w, http:\/\/www.decker.wien\/wolfgang\/wp-content\/uploads\/2015\/02\/22-01-2015-26-904x600.jpg 904w, http:\/\/www.decker.wien\/wolfgang\/wp-content\/uploads\/2015\/02\/22-01-2015-26.jpg 1200w\" sizes=\"auto, (max-width: 904px) 100vw, 904px\" \/><\/a><\/p>\n<p><a href=\"http:\/\/www.decker.wien\/wolfgang\/wp-content\/uploads\/2015\/02\/22-01-2015-29.jpg\"><img loading=\"lazy\" decoding=\"async\" class=\"alignnone size-large wp-image-538\" src=\"http:\/\/www.decker.wien\/wolfgang\/wp-content\/uploads\/2015\/02\/22-01-2015-29-1024x680.jpg\" alt=\"22-01-2015-29\" width=\"904\" height=\"600\" srcset=\"http:\/\/www.decker.wien\/wolfgang\/wp-content\/uploads\/2015\/02\/22-01-2015-29-1024x680.jpg 1024w, http:\/\/www.decker.wien\/wolfgang\/wp-content\/uploads\/2015\/02\/22-01-2015-29-300x199.jpg 300w, http:\/\/www.decker.wien\/wolfgang\/wp-content\/uploads\/2015\/02\/22-01-2015-29-904x600.jpg 904w, http:\/\/www.decker.wien\/wolfgang\/wp-content\/uploads\/2015\/02\/22-01-2015-29.jpg 1200w\" sizes=\"auto, (max-width: 904px) 100vw, 904px\" \/><\/a> <a href=\"http:\/\/www.decker.wien\/wolfgang\/wp-content\/uploads\/2015\/02\/22-01-2015-33.jpg\"><img loading=\"lazy\" decoding=\"async\" class=\"alignnone size-large wp-image-539\" src=\"http:\/\/www.decker.wien\/wolfgang\/wp-content\/uploads\/2015\/02\/22-01-2015-33-1024x680.jpg\" alt=\"22-01-2015-33\" width=\"904\" height=\"600\" srcset=\"http:\/\/www.decker.wien\/wolfgang\/wp-content\/uploads\/2015\/02\/22-01-2015-33-1024x680.jpg 1024w, http:\/\/www.decker.wien\/wolfgang\/wp-content\/uploads\/2015\/02\/22-01-2015-33-300x199.jpg 300w, http:\/\/www.decker.wien\/wolfgang\/wp-content\/uploads\/2015\/02\/22-01-2015-33-904x600.jpg 904w, http:\/\/www.decker.wien\/wolfgang\/wp-content\/uploads\/2015\/02\/22-01-2015-33.jpg 1200w\" sizes=\"auto, (max-width: 904px) 100vw, 904px\" \/><\/a><\/p>\n<p>Auf der R\u00fcckfahrt hat Kurt ebenfalls wieder viel Spa\u00df, uns zu zeigen, was ein Landrover und er in den D\u00fcnen kann. Bergauf, bergab geht die Fahrt, wobei er uns auch immer wieder interessante Geschichten \u00fcber Flora und Fauna der W\u00fcste erz\u00e4hlt und auch zeigt. Vor allem die kleinen Tunnel, die Schakale graben und in denen sie dann unterirdisches Wasser finden, sind&nbsp;sehr interessant.<\/p>\n<p><iframe loading=\"lazy\" src=\"https:\/\/www.youtube.com\/embed\/KCuC07uY8ZM?rel=0\" width=\"560\" height=\"315\" frameborder=\"0\" allowfullscreen=\"allowfullscreen\"><\/iframe><br \/>\n<iframe loading=\"lazy\" src=\"https:\/\/www.youtube.com\/embed\/2_6WLb4TSBA?rel=0\" width=\"560\" height=\"315\" frameborder=\"0\" allowfullscreen=\"allowfullscreen\"><\/iframe><\/p>\n<p>Als wir nach Walvis Bay zur\u00fcck kommen, ist das gro\u00dfe Schiff bereits wieder weg und das Bierzelt wird schon wieder abgebaut. War ein kurzer Aufenthalt, der eher wenig f\u00fcr die ans\u00e4ssigen Tourismusbetriebe gebracht hat. Wir fahren nach Swakopmund zur\u00fcck und beschlie\u00dfen den Abend in der Tiger Reef Bar, wo wir noch einen Drink nehmen, gegessen haben wir heute schon genug.<\/p>\nngg_shortcode_0_placeholder\n<p>&nbsp;<\/p>\n<table width=\"100%\">\n<tbody>\n<tr>\n<td width=\"50%\"><a title=\"Tag 5 \u2013 21. J\u00e4nner 2015\" href=\"http:\/\/www.decker.wien\/wolfgang\/namibia-2015\/tag-5-21-jaenner-2015\/\">Zur\u00fcck zu Tag 5<\/a><\/td>\n<td style=\"text-align: right;\" width=\"50%\"><a title=\"Tag 7 \u2013 23. J\u00e4nner 2015\" href=\"http:\/\/www.decker.wien\/wolfgang\/namibia-2015\/tag-7-23-jaenner-2015\/\">Weiter zu Tag 7<\/a><\/td>\n<\/tr>\n<\/tbody>\n<\/table>\n","protected":false},"excerpt":{"rendered":"<p>Um 7:15 ist heute Abfahrt nach Walvis Bay, dort wollen wir die Bootstour sowie die Fahrt nach Sandwich Harbour unternehmen. [&hellip;]<\/p>\n","protected":false},"author":1,"featured_media":0,"parent":27,"menu_order":0,"comment_status":"open","ping_status":"closed","template":"","meta":{"site-sidebar-layout":"default","site-content-layout":"","ast-site-content-layout":"default","site-content-style":"default","site-sidebar-style":"default","ast-global-header-display":"","ast-banner-title-visibility":"","ast-main-header-display":"","ast-hfb-above-header-display":"","ast-hfb-below-header-display":"","ast-hfb-mobile-header-display":"","site-post-title":"","ast-breadcrumbs-content":"","ast-featured-img":"","footer-sml-layout":"","ast-disable-related-posts":"","theme-transparent-header-meta":"","adv-header-id-meta":"","stick-header-meta":"","header-above-stick-meta":"","header-main-stick-meta":"","header-below-stick-meta":"","astra-migrate-meta-layouts":"default","ast-page-background-enabled":"default","ast-page-background-meta":{"desktop":{"background-color":"var(--ast-global-color-5)","background-image":"","background-repeat":"repeat","background-position":"center center","background-size":"auto","background-attachment":"scroll","background-type":"","background-media":"","overlay-type":"","overlay-color":"","overlay-opacity":"","overlay-gradient":""},"tablet":{"background-color":"","background-image":"","background-repeat":"repeat","background-position":"center center","background-size":"auto","background-attachment":"scroll","background-type":"","background-media":"","overlay-type":"","overlay-color":"","overlay-opacity":"","overlay-gradient":""},"mobile":{"background-color":"","background-image":"","background-repeat":"repeat","background-position":"center center","background-size":"auto","background-attachment":"scroll","background-type":"","background-media":"","overlay-type":"","overlay-color":"","overlay-opacity":"","overlay-gradient":""}},"ast-content-background-meta":{"desktop":{"background-color":"var(--ast-global-color-4)","background-image":"","background-repeat":"repeat","background-position":"center center","background-size":"auto","background-attachment":"scroll","background-type":"","background-media":"","overlay-type":"","overlay-color":"","overlay-opacity":"","overlay-gradient":""},"tablet":{"background-color":"var(--ast-global-color-4)","background-image":"","background-repeat":"repeat","background-position":"center center","background-size":"auto","background-attachment":"scroll","background-type":"","background-media":"","overlay-type":"","overlay-color":"","overlay-opacity":"","overlay-gradient":""},"mobile":{"background-color":"var(--ast-global-color-4)","background-image":"","background-repeat":"repeat","background-position":"center center","background-size":"auto","background-attachment":"scroll","background-type":"","background-media":"","overlay-type":"","overlay-color":"","overlay-opacity":"","overlay-gradient":""}},"ngg_post_thumbnail":0,"footnotes":""},"class_list":["post-521","page","type-page","status-publish","hentry"],"_links":{"self":[{"href":"http:\/\/www.decker.wien\/wolfgang\/wp-json\/wp\/v2\/pages\/521","targetHints":{"allow":["GET"]}}],"collection":[{"href":"http:\/\/www.decker.wien\/wolfgang\/wp-json\/wp\/v2\/pages"}],"about":[{"href":"http:\/\/www.decker.wien\/wolfgang\/wp-json\/wp\/v2\/types\/page"}],"author":[{"embeddable":true,"href":"http:\/\/www.decker.wien\/wolfgang\/wp-json\/wp\/v2\/users\/1"}],"replies":[{"embeddable":true,"href":"http:\/\/www.decker.wien\/wolfgang\/wp-json\/wp\/v2\/comments?post=521"}],"version-history":[{"count":15,"href":"http:\/\/www.decker.wien\/wolfgang\/wp-json\/wp\/v2\/pages\/521\/revisions"}],"predecessor-version":[{"id":8282,"href":"http:\/\/www.decker.wien\/wolfgang\/wp-json\/wp\/v2\/pages\/521\/revisions\/8282"}],"up":[{"embeddable":true,"href":"http:\/\/www.decker.wien\/wolfgang\/wp-json\/wp\/v2\/pages\/27"}],"wp:attachment":[{"href":"http:\/\/www.decker.wien\/wolfgang\/wp-json\/wp\/v2\/media?parent=521"}],"curies":[{"name":"wp","href":"https:\/\/api.w.org\/{rel}","templated":true}]}}