{"id":6385,"date":"2017-01-02T20:01:45","date_gmt":"2017-01-02T19:01:45","guid":{"rendered":"http:\/\/www.decker.wien\/wolfgang\/?page_id=6385"},"modified":"2026-03-20T11:37:06","modified_gmt":"2026-03-20T10:37:06","slug":"suedosteuropa-2016","status":"publish","type":"page","link":"http:\/\/www.decker.wien\/wolfgang\/suedosteuropa-2016\/","title":{"rendered":"S\u00fcdosteuropa 2016"},"content":{"rendered":"<p>Wir haben im Norden Rum\u00e4niens begonnen, waren beim &#8222;Lustigen Friedhof&#8220;, sind mit der letzten Waldbahn gefahren, haben einige Moldaukl\u00f6ster besucht, waren kurz in Hermannstadt, danach \u00fcber die Transfagaran, haben dem Schlo\u00df Bran einen Besuch abgestattet, bevor wir ins Donaudelta gefahren sind. Danach Richtung S\u00fcden und \u00fcber Constanza zur Vadu-Beach. Weiter an der K\u00fcste ins Hippie-Dorf Vama Veche (viel zu viel Rummel f\u00fcr uns), dann \u00fcber Bulgarien und Rosental nach Griechenland auf die Insel Thassos. Dort ein paar Tage entspannen und weiter nach Albanien.<\/p>\n<p>Dort zuerst an die K\u00fcste nach Saranda, dort aber gleich wieder gefl\u00fcchtet, weil viel zu voll. \u00dcber&#8217;s Landesinnere Richtung Ohridsee, danach nach Peshkopia. Von dort \u00fcber die schwarze Drin nach Fierze und weiter nach Valbona. Danach zur\u00fcck nach Fierze und mit dem Schiff nach Koman und wieder rauf nach Norden nach Theth.&nbsp;<br \/>\nWeiter \u00fcber den asphaltierter Pass n\u00f6rdlich von Theth Richtung Shkodra, wo wir auf dem einem sehr guten Campingplatz zwei N\u00e4chte verbrachten.<\/p>\n<p>Den Plan, noch den einen oder anderen Tag an der mazedonischen oder kroatischen K\u00fcste zu verbringen, haben wir schnell aufgegeben, weil Mitte August dort halt alles voll ist. <img decoding=\"async\" title=\"Wink\" src=\"http:\/\/forum.buschtaxi.org\/images\/smilies\/icon_wink.gif\" alt=\";-)\"><br \/>\nAlso sind wir \u00fcber die K\u00fcste bei Dubrovnik vorbei auf die Halbinsel vor Korcula gefahren (wir wollten uns damit die beiden Grenz\u00fcberg\u00e4nge zwischen Kroatien und Bosnien sparen) und dann mit der F\u00e4hre von Trpanj nach Ploce und weiter Richtung Zadar und ab nach Hause&#8230;<\/p>\n<p>Ereignisreiche Fahrt, ohne jegliche Komplikationen. Niemand ist uns bl\u00f6d angegangen, das Nervenkost\u00fcm von Nicole&nbsp;hat mitunter ein bisschen gelitten, Albanien sieht uns kommendes Jahr definitiv wieder, der Juli und August ist f\u00fcr die K\u00fcste keine Reisezeit und Rum\u00e4nien war l\u00e4ssig wie immer.<\/p>\n<p>Das ungef\u00e4hr war die Route:<\/p>\n<p><img loading=\"lazy\" decoding=\"async\" class=\"alignnone size-full wp-image-7064\" src=\"http:\/\/www.decker.wien\/wolfgang\/wp-content\/uploads\/2017\/01\/route.png\" alt=\"\" width=\"759\" height=\"663\" srcset=\"http:\/\/www.decker.wien\/wolfgang\/wp-content\/uploads\/2017\/01\/route.png 759w, http:\/\/www.decker.wien\/wolfgang\/wp-content\/uploads\/2017\/01\/route-213x186.png 213w, http:\/\/www.decker.wien\/wolfgang\/wp-content\/uploads\/2017\/01\/route-300x262.png 300w, http:\/\/www.decker.wien\/wolfgang\/wp-content\/uploads\/2017\/01\/route-100x87.png 100w, http:\/\/www.decker.wien\/wolfgang\/wp-content\/uploads\/2017\/01\/route-150x131.png 150w, http:\/\/www.decker.wien\/wolfgang\/wp-content\/uploads\/2017\/01\/route-200x175.png 200w, http:\/\/www.decker.wien\/wolfgang\/wp-content\/uploads\/2017\/01\/route-450x393.png 450w, http:\/\/www.decker.wien\/wolfgang\/wp-content\/uploads\/2017\/01\/route-600x524.png 600w\" sizes=\"auto, (max-width: 759px) 100vw, 759px\" \/><\/p>\n<p>Und hier die Bilder:<\/p>\nngg_shortcode_0_placeholder\n","protected":false},"excerpt":{"rendered":"<p>Wir haben im Norden Rum\u00e4niens begonnen, waren beim &#8222;Lustigen Friedhof&#8220;, sind mit der letzten Waldbahn gefahren, haben einige Moldaukl\u00f6ster besucht, [&hellip;]<\/p>\n","protected":false},"author":1,"featured_media":0,"parent":0,"menu_order":0,"comment_status":"open","ping_status":"closed","template":"","meta":{"site-sidebar-layout":"default","site-content-layout":"","ast-site-content-layout":"default","site-content-style":"default","site-sidebar-style":"default","ast-global-header-display":"","ast-banner-title-visibility":"","ast-main-header-display":"","ast-hfb-above-header-display":"","ast-hfb-below-header-display":"","ast-hfb-mobile-header-display":"","site-post-title":"","ast-breadcrumbs-content":"","ast-featured-img":"","footer-sml-layout":"","ast-disable-related-posts":"","theme-transparent-header-meta":"","adv-header-id-meta":"","stick-header-meta":"","header-above-stick-meta":"","header-main-stick-meta":"","header-below-stick-meta":"","astra-migrate-meta-layouts":"default","ast-page-background-enabled":"default","ast-page-background-meta":{"desktop":{"background-color":"var(--ast-global-color-5)","background-image":"","background-repeat":"repeat","background-position":"center center","background-size":"auto","background-attachment":"scroll","background-type":"","background-media":"","overlay-type":"","overlay-color":"","overlay-opacity":"","overlay-gradient":""},"tablet":{"background-color":"","background-image":"","background-repeat":"repeat","background-position":"center center","background-size":"auto","background-attachment":"scroll","background-type":"","background-media":"","overlay-type":"","overlay-color":"","overlay-opacity":"","overlay-gradient":""},"mobile":{"background-color":"","background-image":"","background-repeat":"repeat","background-position":"center center","background-size":"auto","background-attachment":"scroll","background-type":"","background-media":"","overlay-type":"","overlay-color":"","overlay-opacity":"","overlay-gradient":""}},"ast-content-background-meta":{"desktop":{"background-color":"var(--ast-global-color-4)","background-image":"","background-repeat":"repeat","background-position":"center center","background-size":"auto","background-attachment":"scroll","background-type":"","background-media":"","overlay-type":"","overlay-color":"","overlay-opacity":"","overlay-gradient":""},"tablet":{"background-color":"var(--ast-global-color-4)","background-image":"","background-repeat":"repeat","background-position":"center center","background-size":"auto","background-attachment":"scroll","background-type":"","background-media":"","overlay-type":"","overlay-color":"","overlay-opacity":"","overlay-gradient":""},"mobile":{"background-color":"var(--ast-global-color-4)","background-image":"","background-repeat":"repeat","background-position":"center center","background-size":"auto","background-attachment":"scroll","background-type":"","background-media":"","overlay-type":"","overlay-color":"","overlay-opacity":"","overlay-gradient":""}},"ngg_post_thumbnail":0,"footnotes":""},"class_list":["post-6385","page","type-page","status-publish","hentry"],"_links":{"self":[{"href":"http:\/\/www.decker.wien\/wolfgang\/wp-json\/wp\/v2\/pages\/6385","targetHints":{"allow":["GET"]}}],"collection":[{"href":"http:\/\/www.decker.wien\/wolfgang\/wp-json\/wp\/v2\/pages"}],"about":[{"href":"http:\/\/www.decker.wien\/wolfgang\/wp-json\/wp\/v2\/types\/page"}],"author":[{"embeddable":true,"href":"http:\/\/www.decker.wien\/wolfgang\/wp-json\/wp\/v2\/users\/1"}],"replies":[{"embeddable":true,"href":"http:\/\/www.decker.wien\/wolfgang\/wp-json\/wp\/v2\/comments?post=6385"}],"version-history":[{"count":18,"href":"http:\/\/www.decker.wien\/wolfgang\/wp-json\/wp\/v2\/pages\/6385\/revisions"}],"predecessor-version":[{"id":8264,"href":"http:\/\/www.decker.wien\/wolfgang\/wp-json\/wp\/v2\/pages\/6385\/revisions\/8264"}],"wp:attachment":[{"href":"http:\/\/www.decker.wien\/wolfgang\/wp-json\/wp\/v2\/media?parent=6385"}],"curies":[{"name":"wp","href":"https:\/\/api.w.org\/{rel}","templated":true}]}}