{"id":706,"date":"2015-03-08T22:43:52","date_gmt":"2015-03-08T21:43:52","guid":{"rendered":"http:\/\/www.decker.wien\/wolfgang\/?page_id=706"},"modified":"2026-03-20T11:50:08","modified_gmt":"2026-03-20T10:50:08","slug":"tag-8-24-jaenner-2015","status":"publish","type":"page","link":"http:\/\/www.decker.wien\/wolfgang\/namibia-2015\/tag-8-24-jaenner-2015\/","title":{"rendered":"Tag 08 &#8211; 24. J\u00e4nner 2015"},"content":{"rendered":"<p>Auch heute gehen wir es gem\u00fctlich an,&nbsp;vor allem, weil es wieder leicht nieselt. Nach einem kleinen Fr\u00fchst\u00fcck packen wir das Zelt nass zusammen und fahren gegen 9:30 los. Zuerst den Ugab entlang, danach einen Seitenarm. Abwechselnd haben wir Steine und Sand als Untergrund, fahrerisch und landschaftlich sehr abwechslungsreich.<\/p>\n<p><a href=\"http:\/\/www.decker.wien\/wolfgang\/wp-content\/uploads\/2015\/03\/24-01-2015-02.jpg\"><img loading=\"lazy\" decoding=\"async\" class=\"alignnone size-large wp-image-712\" src=\"http:\/\/www.decker.wien\/wolfgang\/wp-content\/uploads\/2015\/03\/24-01-2015-02-1024x768.jpg\" alt=\"24-01-2015-02\" width=\"904\" height=\"678\" srcset=\"http:\/\/www.decker.wien\/wolfgang\/wp-content\/uploads\/2015\/03\/24-01-2015-02-1024x768.jpg 1024w, http:\/\/www.decker.wien\/wolfgang\/wp-content\/uploads\/2015\/03\/24-01-2015-02-300x225.jpg 300w, http:\/\/www.decker.wien\/wolfgang\/wp-content\/uploads\/2015\/03\/24-01-2015-02-904x678.jpg 904w, http:\/\/www.decker.wien\/wolfgang\/wp-content\/uploads\/2015\/03\/24-01-2015-02.jpg 1200w\" sizes=\"auto, (max-width: 904px) 100vw, 904px\" \/><\/a><\/p>\n<p><iframe loading=\"lazy\" src=\"https:\/\/www.youtube.com\/embed\/9JSgTJANuYg?rel=0\" width=\"560\" height=\"315\" frameborder=\"0\" allowfullscreen=\"allowfullscreen\"><\/iframe><\/p>\n<p>Nach rund 20 Kilometer weitet sich die Landschaft wieder und die canyonartigen Schluchten sind vorerst Vergangenheit. Auch hier muss es gestern ordentlich geregnet haben, wir wirbeln nirgendwo Staub auf. Zudem ist auch der Himmel extrem bedeckt und es kommt auch immer wieder Nieselregen von oben. Dazu kaum 25 Grad, bisserl schaut&#8217;s aus wie bei uns im November ;-).<\/p>\n<p><a href=\"http:\/\/www.decker.wien\/wolfgang\/wp-content\/uploads\/2015\/03\/24-01-2015-03.jpg\"><img loading=\"lazy\" decoding=\"async\" class=\"alignnone size-large wp-image-713\" src=\"http:\/\/www.decker.wien\/wolfgang\/wp-content\/uploads\/2015\/03\/24-01-2015-03-1024x768.jpg\" alt=\"24-01-2015-03\" width=\"904\" height=\"678\" srcset=\"http:\/\/www.decker.wien\/wolfgang\/wp-content\/uploads\/2015\/03\/24-01-2015-03-1024x768.jpg 1024w, http:\/\/www.decker.wien\/wolfgang\/wp-content\/uploads\/2015\/03\/24-01-2015-03-300x225.jpg 300w, http:\/\/www.decker.wien\/wolfgang\/wp-content\/uploads\/2015\/03\/24-01-2015-03-904x678.jpg 904w, http:\/\/www.decker.wien\/wolfgang\/wp-content\/uploads\/2015\/03\/24-01-2015-03.jpg 1200w\" sizes=\"auto, (max-width: 904px) 100vw, 904px\" \/><\/a><\/p>\n<p><iframe loading=\"lazy\" src=\"https:\/\/www.youtube.com\/embed\/-G6ywfL13uY?rel=0\" width=\"560\" height=\"315\" frameborder=\"0\" allowfullscreen=\"allowfullscreen\"><\/iframe><\/p>\n<p>Wir machen Rast an der Ais Fountain, tragen uns dort in das in einer kleinen Blechdose befindlichen Heftchen ein und fahren anschlie\u00dfend weiter. Tiere lassen sich heute auch kaum sehen, mehr als ein paar Oryx, eine Handvoll Springb\u00f6cke und zwei Zebras stehen nicht auf der Sichtungsliste heute. Ich muss mir schon ein paar Kommentare von links anh\u00f6ren, wie ich denn sagen k\u00f6nne, dass es w\u00e4hrend der Regenzeit kaum regnen w\u00fcrde. \ud83d\ude09<\/p>\n<p><img loading=\"lazy\" decoding=\"async\" class=\"alignnone size-large wp-image-714\" src=\"http:\/\/www.decker.wien\/wolfgang\/wp-content\/uploads\/2015\/03\/24-01-2015-04-1024x768.jpg\" alt=\"24-01-2015-04\" width=\"904\" height=\"678\" srcset=\"http:\/\/www.decker.wien\/wolfgang\/wp-content\/uploads\/2015\/03\/24-01-2015-04-1024x768.jpg 1024w, http:\/\/www.decker.wien\/wolfgang\/wp-content\/uploads\/2015\/03\/24-01-2015-04-300x225.jpg 300w, http:\/\/www.decker.wien\/wolfgang\/wp-content\/uploads\/2015\/03\/24-01-2015-04-904x678.jpg 904w, http:\/\/www.decker.wien\/wolfgang\/wp-content\/uploads\/2015\/03\/24-01-2015-04.jpg 1200w\" sizes=\"auto, (max-width: 904px) 100vw, 904px\" \/><\/p>\n<p><a href=\"http:\/\/www.decker.wien\/wolfgang\/wp-content\/uploads\/2015\/03\/24-01-2015-07.jpg\"><img loading=\"lazy\" decoding=\"async\" class=\"alignnone size-large wp-image-715\" src=\"http:\/\/www.decker.wien\/wolfgang\/wp-content\/uploads\/2015\/03\/24-01-2015-07-1024x768.jpg\" alt=\"24-01-2015-07\" width=\"904\" height=\"678\" srcset=\"http:\/\/www.decker.wien\/wolfgang\/wp-content\/uploads\/2015\/03\/24-01-2015-07-1024x768.jpg 1024w, http:\/\/www.decker.wien\/wolfgang\/wp-content\/uploads\/2015\/03\/24-01-2015-07-300x225.jpg 300w, http:\/\/www.decker.wien\/wolfgang\/wp-content\/uploads\/2015\/03\/24-01-2015-07-904x678.jpg 904w, http:\/\/www.decker.wien\/wolfgang\/wp-content\/uploads\/2015\/03\/24-01-2015-07.jpg 1200w\" sizes=\"auto, (max-width: 904px) 100vw, 904px\" \/><\/a><\/p>\n<p>Nach einiger Zeit kommen wir an eine &#8222;Oase&#8220;, einen Bereich, wo offenbar immer Wasser zu finden ist. Rundherum dichtes Schilf, der Weg f\u00fchrt geradewegs durch das Wasser. Da davor einige gr\u00f6\u00dfere Steine liegen, steige ich kurz aus, um den besten Weg rund um die Steine zu finden. Mein Vorschlag, dass Nicole aussteigt und vor&nbsp;geht, um zu filmen wird freundlich aber sehr bestimmt abgelehnt. Auch weil sich links neben dem Auto pl\u00f6tzlich gro\u00dfe Spuren befinden&#8230; Na, ja. Wird wohl kein L\u00f6we in der Gegend sein ;-).<\/p>\n<p><a href=\"http:\/\/www.decker.wien\/wolfgang\/wp-content\/uploads\/2015\/03\/24-01-2015-10.jpg\"><img loading=\"lazy\" decoding=\"async\" class=\"alignnone size-large wp-image-717\" src=\"http:\/\/www.decker.wien\/wolfgang\/wp-content\/uploads\/2015\/03\/24-01-2015-10-1024x768.jpg\" alt=\"24-01-2015-10\" width=\"904\" height=\"678\" srcset=\"http:\/\/www.decker.wien\/wolfgang\/wp-content\/uploads\/2015\/03\/24-01-2015-10-1024x768.jpg 1024w, http:\/\/www.decker.wien\/wolfgang\/wp-content\/uploads\/2015\/03\/24-01-2015-10-300x225.jpg 300w, http:\/\/www.decker.wien\/wolfgang\/wp-content\/uploads\/2015\/03\/24-01-2015-10-904x678.jpg 904w, http:\/\/www.decker.wien\/wolfgang\/wp-content\/uploads\/2015\/03\/24-01-2015-10.jpg 1200w\" sizes=\"auto, (max-width: 904px) 100vw, 904px\" \/><\/a><\/p>\n<p><a href=\"http:\/\/www.decker.wien\/wolfgang\/wp-content\/uploads\/2015\/03\/24-01-2015-09.jpg\"><img loading=\"lazy\" decoding=\"async\" class=\"alignnone size-large wp-image-716\" src=\"http:\/\/www.decker.wien\/wolfgang\/wp-content\/uploads\/2015\/03\/24-01-2015-09-1024x768.jpg\" alt=\"24-01-2015-09\" width=\"904\" height=\"678\" srcset=\"http:\/\/www.decker.wien\/wolfgang\/wp-content\/uploads\/2015\/03\/24-01-2015-09-1024x768.jpg 1024w, http:\/\/www.decker.wien\/wolfgang\/wp-content\/uploads\/2015\/03\/24-01-2015-09-300x225.jpg 300w, http:\/\/www.decker.wien\/wolfgang\/wp-content\/uploads\/2015\/03\/24-01-2015-09-904x678.jpg 904w, http:\/\/www.decker.wien\/wolfgang\/wp-content\/uploads\/2015\/03\/24-01-2015-09.jpg 1200w\" sizes=\"auto, (max-width: 904px) 100vw, 904px\" \/><\/a><\/p>\n<p>Ich fahre durch&#8217;s Wasser, danach ist guter Rat teuer, es ist nicht wirklich ein Weg auszumachen. Das Navi hilft auch nicht wirklich weiter, so fahren wir links in das Schilf, da hier eine Spur zu erahnen ist. Wie&#8217;s weiter geht, sieht man hier in dem Video. Im Augenwinkel ist mir der richtige Weg auch aufgefallen, aber die andere Spur war verlockender&#8230;<\/p>\n<p><iframe loading=\"lazy\" src=\"https:\/\/www.youtube.com\/embed\/HAE4OZgTvpI?rel=0\" width=\"560\" height=\"315\" frameborder=\"0\" allowfullscreen=\"allowfullscreen\"><\/iframe><br \/>\nDiesmal mit 4-facher Geschwindigkeit abgespielt&#8230;<\/p>\n<p>Schlie\u00dflich kommen wir rund 40 Kilometer vor dem heutigen Tagesziel zum Huab. Hier kenne ich mich aus, da sind wir schon zweimal mit dem Motorrad gewesen. Elli-Land sondergleichen. Wir haben noch Zeit, somit beschlie\u00dfen wir, 10-15 Minuten &#8222;flussaufw\u00e4rts&#8220; zu fahren, um zu schauen, ob wir nicht doch einen Elefanten irgendwo finden k\u00f6nnen. Die Zeit verrinnt, die Fahrt ist herrlich, das Auto l\u00e4uft perfekt auf diesem Untergrund, wir sehen Elli-Dung, B\u00e4ume, die von Ellis umgerissen wurden, Elli-Spuren nur keinen Elli. Ausser Peanut nat\u00fcrlich.&nbsp;&nbsp;OK, nach 15 Minuten R\u00fcckfahrt bis zur Querung. Wir haben immer noch&nbsp;Zeit, also noch 10 Minuten &#8222;flussabw\u00e4rts&#8220;. Vielleicht sind sie ja dort&#8230;<\/p>\n<p>Aber auch dort finden wir nix. Wirklich schade. Dort, wo wir umdrehen, f\u00fchrt aus dem Fluss ein Weg hinauf, ich beschlie\u00dfe, oben zur\u00fcck zu fahren, vielleicht sind die Tiere ja dort zu finden. Aber auch da finden wir nur Hinterlassenschaften und Spuren. Also gut, heute wird das nichts mehr, bei einer verlassenen Siedlung f\u00fchrt wieder ein Weg in den Fluss, da fahren wir jetzt rein und ab zum Campingplatz. Doch pl\u00f6tzlich&#8230;<\/p>\n<p><a href=\"http:\/\/www.decker.wien\/wolfgang\/wp-content\/uploads\/2015\/03\/24-01-2015-12.jpg\"><img loading=\"lazy\" decoding=\"async\" class=\"alignnone size-large wp-image-718\" src=\"http:\/\/www.decker.wien\/wolfgang\/wp-content\/uploads\/2015\/03\/24-01-2015-12-1024x681.jpg\" alt=\"24-01-2015-12\" width=\"904\" height=\"601\" srcset=\"http:\/\/www.decker.wien\/wolfgang\/wp-content\/uploads\/2015\/03\/24-01-2015-12-1024x681.jpg 1024w, http:\/\/www.decker.wien\/wolfgang\/wp-content\/uploads\/2015\/03\/24-01-2015-12-300x200.jpg 300w, http:\/\/www.decker.wien\/wolfgang\/wp-content\/uploads\/2015\/03\/24-01-2015-12-904x601.jpg 904w, http:\/\/www.decker.wien\/wolfgang\/wp-content\/uploads\/2015\/03\/24-01-2015-12.jpg 1200w\" sizes=\"auto, (max-width: 904px) 100vw, 904px\" \/><\/a><\/p>\n<p>Er hat zwar versucht, sich zu verstecken, ich h\u00e4tte ihn wahrscheinlich auch erst gesehen, wenn ich ihm auf die Zehen gefahren w\u00e4re, aber Nicoles geschulten Augen entgeht nichts. Und da haben wir ihn. In voller Gr\u00f6\u00dfe. Und er ist auch \u00fcberhaupt nicht hektisch, kommt allerdings zuerst ein paar Meter auf uns zu, worauf ich vom Weg ein St\u00fcck zur\u00fcckschiebe und mich besser positioniere, falls er doch nerv\u00f6s werden sollte. Aber wir k\u00f6nnen ihn hier lange beobachten, w\u00e4hrenddessen setzt heftiger Regen ein, nasser Elefant im trockenen Fluss, sowas hab&#8216; ich auch noch nicht gesehen.<\/p>\n<p><a href=\"http:\/\/www.decker.wien\/wolfgang\/wp-content\/uploads\/2015\/03\/24-01-2015-16.jpg\"><img loading=\"lazy\" decoding=\"async\" class=\"alignnone size-large wp-image-719\" src=\"http:\/\/www.decker.wien\/wolfgang\/wp-content\/uploads\/2015\/03\/24-01-2015-16-1024x768.jpg\" alt=\"24-01-2015-16\" width=\"904\" height=\"678\" srcset=\"http:\/\/www.decker.wien\/wolfgang\/wp-content\/uploads\/2015\/03\/24-01-2015-16-1024x768.jpg 1024w, http:\/\/www.decker.wien\/wolfgang\/wp-content\/uploads\/2015\/03\/24-01-2015-16-300x225.jpg 300w, http:\/\/www.decker.wien\/wolfgang\/wp-content\/uploads\/2015\/03\/24-01-2015-16-904x678.jpg 904w, http:\/\/www.decker.wien\/wolfgang\/wp-content\/uploads\/2015\/03\/24-01-2015-16.jpg 1200w\" sizes=\"auto, (max-width: 904px) 100vw, 904px\" \/><\/a> <a href=\"http:\/\/www.decker.wien\/wolfgang\/wp-content\/uploads\/2015\/03\/24-01-2015-17.jpg\"><img loading=\"lazy\" decoding=\"async\" class=\"alignnone size-large wp-image-720\" src=\"http:\/\/www.decker.wien\/wolfgang\/wp-content\/uploads\/2015\/03\/24-01-2015-17-1024x768.jpg\" alt=\"24-01-2015-17\" width=\"904\" height=\"678\" srcset=\"http:\/\/www.decker.wien\/wolfgang\/wp-content\/uploads\/2015\/03\/24-01-2015-17-1024x768.jpg 1024w, http:\/\/www.decker.wien\/wolfgang\/wp-content\/uploads\/2015\/03\/24-01-2015-17-300x225.jpg 300w, http:\/\/www.decker.wien\/wolfgang\/wp-content\/uploads\/2015\/03\/24-01-2015-17-904x678.jpg 904w, http:\/\/www.decker.wien\/wolfgang\/wp-content\/uploads\/2015\/03\/24-01-2015-17.jpg 1200w\" sizes=\"auto, (max-width: 904px) 100vw, 904px\" \/><\/a><\/p>\n<p>Nach ca. 15 Minuten geht er gem\u00fctlich in das Flussbett zur\u00fcck, wir haben noch nicht genug und umfahren ihn auf der oberen Seite, fahren bei der Querung wieder ein St\u00fcck flussabw\u00e4rts und sehen ihn wieder in der N\u00e4he des Weges, den wir vorher hinunterfahren wollten. Wir positionieren&nbsp;uns wieder fotogerecht und beobachten ihn weiter. Herrlich und ein volles Erfolgserlebnis, endlich der erste Elefant.&nbsp;Wir bewegen uns mit gutem Abstand ein wenig mit ihm mit, machen zahlreiche Fotos, bis ich eher zuf\u00e4llig als geplant kurz&nbsp;flussaufw\u00e4rts schaue. Dort sehe ich Wasser auf uns zukommen, noch ca. 50 Meter weg und nicht meterhoch, aber dennoch. Es reicht, um den Elefanten links liegen zu lassen und \u00fcber den Weg, den wir vorher runterfahren wollten, den Huab zu verlassen. Kurz mache ich mir Gedanken, weil wir ihn ja ein St\u00fcck flussaufw\u00e4rts noch queren m\u00fcssen, dort ist aber interessanterweise gar kein Wasser, das d\u00fcrfte dazwischen irgendwo eingeflossen sein.<\/p>\n<p><a href=\"http:\/\/www.decker.wien\/wolfgang\/wp-content\/uploads\/2015\/03\/24-01-2015-22.jpg\"><img loading=\"lazy\" decoding=\"async\" class=\"alignnone size-large wp-image-721\" src=\"http:\/\/www.decker.wien\/wolfgang\/wp-content\/uploads\/2015\/03\/24-01-2015-22-1024x768.jpg\" alt=\"24-01-2015-22\" width=\"904\" height=\"678\" srcset=\"http:\/\/www.decker.wien\/wolfgang\/wp-content\/uploads\/2015\/03\/24-01-2015-22-1024x768.jpg 1024w, http:\/\/www.decker.wien\/wolfgang\/wp-content\/uploads\/2015\/03\/24-01-2015-22-300x225.jpg 300w, http:\/\/www.decker.wien\/wolfgang\/wp-content\/uploads\/2015\/03\/24-01-2015-22-904x678.jpg 904w, http:\/\/www.decker.wien\/wolfgang\/wp-content\/uploads\/2015\/03\/24-01-2015-22.jpg 1200w\" sizes=\"auto, (max-width: 904px) 100vw, 904px\" \/><\/a><\/p>\n<p>Ich folge nun der programmierten Route, was r\u00fcckblickend betrachtet aus Zeitgr\u00fcnden vielleicht nicht die beste Idee war, f\u00fchrt diese doch weiter durch diverse kleinere Reviere, in denen aber kein Wasser flie\u00dft. Schneller w\u00e4re es gewesen, vom Huab eine &#8222;schnellste&#8220; Route neu zu programmieren, allerdings erreichen wir unser geplantes Ziel auch noch rund zwei Stunden vor Sonnenuntergang. Durch die starke Bew\u00f6lkung und den heftigen Dauerregen ist&#8217;s jedoch nicht mehr ganz hell. Im Aabadi Mountain Camp angekommen, stellen wir fest, dass niemand da ist. Also nicht nur keine anderen G\u00e4ste, sondern gar niemand. Und es sch\u00fcttet. Und wird langsam finster. Ich schaue kurz in die befestigten Zelte, die offen sind, dort g\u00e4be es ein Doppelbett. Aber wir m\u00fcssten alles durch den Regen tragen, zudem haben wir noch Hunger&#8230; Nicole ist es auch nicht ganz geheuer, einfach hier ein Zelt zu &#8222;nehmen&#8220;, ohne dass die Besitzer da sind. Schlie\u00dflich drehen wir um und fahren zur\u00fcck zur Twyfelfontain Lodge. Was soll&#8217;s, heute wollen wir eh nicht mehr Campen, es regnet seit zwei Stunden ohne Unterlass und es sieht auch nicht so aus, als ob es bald aufh\u00f6ren w\u00fcrde.<\/p>\n<p><iframe loading=\"lazy\" src=\"https:\/\/www.youtube.com\/embed\/ji4oAQ1M01s?rel=0\" width=\"560\" height=\"315\" frameborder=\"0\" allowfullscreen=\"allowfullscreen\"><\/iframe><\/p>\n<p>Die Lodge reisst mit 2.600 N$ (~190 Euro) f\u00fcr uns beide plus Abendessen ein bisschen ein Loch in die Reisekasse, es war aber die beste Entscheidung, die wir heute hier treffen konnten. Als wir gegen halb neun Abendessen gehen, regnet es immer noch, erst gegen 22 Uhr h\u00f6rt es auf. Das Abendessen n\u00fctze ich und Peanut, um eventuelle Umplanungen mittels Karte vorzunehmen&#8230;<\/p>\n<p><a href=\"http:\/\/www.decker.wien\/wolfgang\/wp-content\/uploads\/2015\/03\/24-01-2015-24.jpg\"><img loading=\"lazy\" decoding=\"async\" class=\"alignnone size-large wp-image-722\" src=\"http:\/\/www.decker.wien\/wolfgang\/wp-content\/uploads\/2015\/03\/24-01-2015-24-1024x768.jpg\" alt=\"24-01-2015-24\" width=\"904\" height=\"678\" srcset=\"http:\/\/www.decker.wien\/wolfgang\/wp-content\/uploads\/2015\/03\/24-01-2015-24-1024x768.jpg 1024w, http:\/\/www.decker.wien\/wolfgang\/wp-content\/uploads\/2015\/03\/24-01-2015-24-300x225.jpg 300w, http:\/\/www.decker.wien\/wolfgang\/wp-content\/uploads\/2015\/03\/24-01-2015-24-904x678.jpg 904w, http:\/\/www.decker.wien\/wolfgang\/wp-content\/uploads\/2015\/03\/24-01-2015-24.jpg 1200w\" sizes=\"auto, (max-width: 904px) 100vw, 904px\" \/><\/a><\/p>\nngg_shortcode_0_placeholder\n<table width=\"100%\">\n<tbody>\n<tr>\n<td width=\"50%\"><a title=\"Tag 7 \u2013 23. J\u00e4nner 2015\" href=\"http:\/\/www.decker.wien\/wolfgang\/namibia-2015\/tag-7-23-jaenner-2015\/\">Zur\u00fcck zu Tag 7<\/a><\/td>\n<td style=\"text-align: right;\" width=\"50%\"><a title=\"Tag 9 \u2013 25. J\u00e4nner 2015\" href=\"http:\/\/www.decker.wien\/wolfgang\/namibia-2015\/tag-9-25-jaenner-2015\/\">Weiter zu Tag 9<\/a><\/td>\n<\/tr>\n<\/tbody>\n<\/table>\n","protected":false},"excerpt":{"rendered":"<p>Auch heute gehen wir es gem\u00fctlich an,&nbsp;vor allem, weil es wieder leicht nieselt. Nach einem kleinen Fr\u00fchst\u00fcck packen wir das [&hellip;]<\/p>\n","protected":false},"author":1,"featured_media":720,"parent":27,"menu_order":0,"comment_status":"open","ping_status":"closed","template":"","meta":{"site-sidebar-layout":"default","site-content-layout":"","ast-site-content-layout":"default","site-content-style":"default","site-sidebar-style":"default","ast-global-header-display":"","ast-banner-title-visibility":"","ast-main-header-display":"","ast-hfb-above-header-display":"","ast-hfb-below-header-display":"","ast-hfb-mobile-header-display":"","site-post-title":"","ast-breadcrumbs-content":"","ast-featured-img":"","footer-sml-layout":"","ast-disable-related-posts":"","theme-transparent-header-meta":"","adv-header-id-meta":"","stick-header-meta":"","header-above-stick-meta":"","header-main-stick-meta":"","header-below-stick-meta":"","astra-migrate-meta-layouts":"default","ast-page-background-enabled":"default","ast-page-background-meta":{"desktop":{"background-color":"var(--ast-global-color-5)","background-image":"","background-repeat":"repeat","background-position":"center center","background-size":"auto","background-attachment":"scroll","background-type":"","background-media":"","overlay-type":"","overlay-color":"","overlay-opacity":"","overlay-gradient":""},"tablet":{"background-color":"","background-image":"","background-repeat":"repeat","background-position":"center center","background-size":"auto","background-attachment":"scroll","background-type":"","background-media":"","overlay-type":"","overlay-color":"","overlay-opacity":"","overlay-gradient":""},"mobile":{"background-color":"","background-image":"","background-repeat":"repeat","background-position":"center center","background-size":"auto","background-attachment":"scroll","background-type":"","background-media":"","overlay-type":"","overlay-color":"","overlay-opacity":"","overlay-gradient":""}},"ast-content-background-meta":{"desktop":{"background-color":"var(--ast-global-color-4)","background-image":"","background-repeat":"repeat","background-position":"center center","background-size":"auto","background-attachment":"scroll","background-type":"","background-media":"","overlay-type":"","overlay-color":"","overlay-opacity":"","overlay-gradient":""},"tablet":{"background-color":"var(--ast-global-color-4)","background-image":"","background-repeat":"repeat","background-position":"center center","background-size":"auto","background-attachment":"scroll","background-type":"","background-media":"","overlay-type":"","overlay-color":"","overlay-opacity":"","overlay-gradient":""},"mobile":{"background-color":"var(--ast-global-color-4)","background-image":"","background-repeat":"repeat","background-position":"center center","background-size":"auto","background-attachment":"scroll","background-type":"","background-media":"","overlay-type":"","overlay-color":"","overlay-opacity":"","overlay-gradient":""}},"ngg_post_thumbnail":0,"footnotes":""},"class_list":["post-706","page","type-page","status-publish","has-post-thumbnail","hentry"],"_links":{"self":[{"href":"http:\/\/www.decker.wien\/wolfgang\/wp-json\/wp\/v2\/pages\/706","targetHints":{"allow":["GET"]}}],"collection":[{"href":"http:\/\/www.decker.wien\/wolfgang\/wp-json\/wp\/v2\/pages"}],"about":[{"href":"http:\/\/www.decker.wien\/wolfgang\/wp-json\/wp\/v2\/types\/page"}],"author":[{"embeddable":true,"href":"http:\/\/www.decker.wien\/wolfgang\/wp-json\/wp\/v2\/users\/1"}],"replies":[{"embeddable":true,"href":"http:\/\/www.decker.wien\/wolfgang\/wp-json\/wp\/v2\/comments?post=706"}],"version-history":[{"count":14,"href":"http:\/\/www.decker.wien\/wolfgang\/wp-json\/wp\/v2\/pages\/706\/revisions"}],"predecessor-version":[{"id":8284,"href":"http:\/\/www.decker.wien\/wolfgang\/wp-json\/wp\/v2\/pages\/706\/revisions\/8284"}],"up":[{"embeddable":true,"href":"http:\/\/www.decker.wien\/wolfgang\/wp-json\/wp\/v2\/pages\/27"}],"wp:featuredmedia":[{"embeddable":true,"href":"http:\/\/www.decker.wien\/wolfgang\/wp-json\/wp\/v2\/media\/720"}],"wp:attachment":[{"href":"http:\/\/www.decker.wien\/wolfgang\/wp-json\/wp\/v2\/media?parent=706"}],"curies":[{"name":"wp","href":"https:\/\/api.w.org\/{rel}","templated":true}]}}