{"id":7072,"date":"2017-02-20T21:51:53","date_gmt":"2017-02-20T20:51:53","guid":{"rendered":"http:\/\/www.decker.wien\/wolfgang\/?page_id=7072"},"modified":"2026-03-20T11:33:40","modified_gmt":"2026-03-20T10:33:40","slug":"oman-2016","status":"publish","type":"page","link":"http:\/\/www.decker.wien\/wolfgang\/oman-2016\/","title":{"rendered":"Oman 2016"},"content":{"rendered":"<p>Eine unglaublich sch\u00f6ne Reise durch ein Land aus 1000 und einer Nacht.&nbsp;<\/p>\n<p>Freundliche Menschen, vollkommen gefahrlos irgendwo ein Zelt aufzustellen und zu campieren, wie wir das auch den gr\u00f6\u00dften Teil unserer Reise gemacht haben.<\/p>\n<p>Leider gibt es ein gro\u00dfes M\u00fcllproblem, vor allem in jenen Gegenden, in denen wenig Menschen wohnen. Vor allem an den Str\u00e4nden &#8222;in the middle of nowhere&#8220; sieht man sehr viel Dreck, was von den Fischern am Meer einfach \u00fcber Bord geworfen wird. Dennoch wird uns das Land sicherlich wieder sehen.<\/p>\n<p>Geflogen sind wir mit Emirates \u00fcber Dubai, mit im Gep\u00e4ck hatten wir fast die gesamte Campingausstattung wie Zelt, Schlafsack, Besteck, ein wenig Kochequipement etc. Gekauft haben wir in Muskat im Carrefour anschlie\u00dfend noch jene Dinge, die&nbsp;zu sperrig waren. Klapptisch, zwei Campingsesseln, einen Gaskocher, etc. Unterwegs waren wir zweimal in einem Hotel, einmal auf einer Campsite, sonst haben wir uns immer einen h\u00fcbschen Platz gesucht, wo wir dann das Zelt aufgestellt hatten.<\/p>\nngg_shortcode_0_placeholder\n","protected":false},"excerpt":{"rendered":"<p>Eine unglaublich sch\u00f6ne Reise durch ein Land aus 1000 und einer Nacht.&nbsp; Freundliche Menschen, vollkommen gefahrlos irgendwo ein Zelt aufzustellen [&hellip;]<\/p>\n","protected":false},"author":1,"featured_media":7232,"parent":0,"menu_order":0,"comment_status":"closed","ping_status":"closed","template":"","meta":{"site-sidebar-layout":"default","site-content-layout":"","ast-site-content-layout":"default","site-content-style":"default","site-sidebar-style":"default","ast-global-header-display":"","ast-banner-title-visibility":"","ast-main-header-display":"","ast-hfb-above-header-display":"","ast-hfb-below-header-display":"","ast-hfb-mobile-header-display":"","site-post-title":"","ast-breadcrumbs-content":"","ast-featured-img":"","footer-sml-layout":"","ast-disable-related-posts":"","theme-transparent-header-meta":"","adv-header-id-meta":"","stick-header-meta":"","header-above-stick-meta":"","header-main-stick-meta":"","header-below-stick-meta":"","astra-migrate-meta-layouts":"default","ast-page-background-enabled":"default","ast-page-background-meta":{"desktop":{"background-color":"var(--ast-global-color-5)","background-image":"","background-repeat":"repeat","background-position":"center center","background-size":"auto","background-attachment":"scroll","background-type":"","background-media":"","overlay-type":"","overlay-color":"","overlay-opacity":"","overlay-gradient":""},"tablet":{"background-color":"","background-image":"","background-repeat":"repeat","background-position":"center center","background-size":"auto","background-attachment":"scroll","background-type":"","background-media":"","overlay-type":"","overlay-color":"","overlay-opacity":"","overlay-gradient":""},"mobile":{"background-color":"","background-image":"","background-repeat":"repeat","background-position":"center center","background-size":"auto","background-attachment":"scroll","background-type":"","background-media":"","overlay-type":"","overlay-color":"","overlay-opacity":"","overlay-gradient":""}},"ast-content-background-meta":{"desktop":{"background-color":"var(--ast-global-color-4)","background-image":"","background-repeat":"repeat","background-position":"center center","background-size":"auto","background-attachment":"scroll","background-type":"","background-media":"","overlay-type":"","overlay-color":"","overlay-opacity":"","overlay-gradient":""},"tablet":{"background-color":"var(--ast-global-color-4)","background-image":"","background-repeat":"repeat","background-position":"center center","background-size":"auto","background-attachment":"scroll","background-type":"","background-media":"","overlay-type":"","overlay-color":"","overlay-opacity":"","overlay-gradient":""},"mobile":{"background-color":"var(--ast-global-color-4)","background-image":"","background-repeat":"repeat","background-position":"center center","background-size":"auto","background-attachment":"scroll","background-type":"","background-media":"","overlay-type":"","overlay-color":"","overlay-opacity":"","overlay-gradient":""}},"ngg_post_thumbnail":0,"footnotes":""},"class_list":["post-7072","page","type-page","status-publish","has-post-thumbnail","hentry"],"_links":{"self":[{"href":"http:\/\/www.decker.wien\/wolfgang\/wp-json\/wp\/v2\/pages\/7072","targetHints":{"allow":["GET"]}}],"collection":[{"href":"http:\/\/www.decker.wien\/wolfgang\/wp-json\/wp\/v2\/pages"}],"about":[{"href":"http:\/\/www.decker.wien\/wolfgang\/wp-json\/wp\/v2\/types\/page"}],"author":[{"embeddable":true,"href":"http:\/\/www.decker.wien\/wolfgang\/wp-json\/wp\/v2\/users\/1"}],"replies":[{"embeddable":true,"href":"http:\/\/www.decker.wien\/wolfgang\/wp-json\/wp\/v2\/comments?post=7072"}],"version-history":[{"count":3,"href":"http:\/\/www.decker.wien\/wolfgang\/wp-json\/wp\/v2\/pages\/7072\/revisions"}],"predecessor-version":[{"id":8257,"href":"http:\/\/www.decker.wien\/wolfgang\/wp-json\/wp\/v2\/pages\/7072\/revisions\/8257"}],"wp:featuredmedia":[{"embeddable":true,"href":"http:\/\/www.decker.wien\/wolfgang\/wp-json\/wp\/v2\/media\/7232"}],"wp:attachment":[{"href":"http:\/\/www.decker.wien\/wolfgang\/wp-json\/wp\/v2\/media?parent=7072"}],"curies":[{"name":"wp","href":"https:\/\/api.w.org\/{rel}","templated":true}]}}